{"id":2536,"date":"2023-10-16T10:01:31","date_gmt":"2023-10-16T10:01:31","guid":{"rendered":"https:\/\/echoes-erasmusplus.eu\/socios\/htbla-wolfsberg\/"},"modified":"2024-09-13T14:42:43","modified_gmt":"2024-09-13T14:42:43","slug":"htbla-wolfsberg","status":"publish","type":"page","link":"https:\/\/echoes-erasmusplus.eu\/es\/socios\/htbla-wolfsberg\/","title":{"rendered":"HTBLA Wolfsberg"},"content":{"rendered":"<p>[et_pb_section fb_built=&#8221;1&#8243; _builder_version=&#8221;4.21.0&#8243; _module_preset=&#8221;default&#8221; custom_margin=&#8221;||4px|||&#8221; custom_padding=&#8221;48px||5px|||&#8221; global_colors_info=&#8221;{}&#8221;][et_pb_row _builder_version=&#8221;4.21.0&#8243; _module_preset=&#8221;default&#8221; custom_padding=&#8221;3px|||||&#8221; global_colors_info=&#8221;{}&#8221;][et_pb_column type=&#8221;4_4&#8243; _builder_version=&#8221;4.21.0&#8243; _module_preset=&#8221;default&#8221; global_colors_info=&#8221;{}&#8221;][et_pb_image src=&#8221;https:\/\/echoes-erasmusplus.eu\/wp-content\/uploads\/2023\/06\/HTBLA-Wolfsberg.png&#8221; title_text=&#8221;HTBLA Wolfsberg&#8221; align=&#8221;center&#8221; _builder_version=&#8221;4.21.0&#8243; _module_preset=&#8221;default&#8221; width=&#8221;50%&#8221; custom_margin=&#8221;-27px||3px|||&#8221; custom_padding=&#8221;||0px|||&#8221; global_colors_info=&#8221;{}&#8221;][\/et_pb_image][et_pb_text _builder_version=&#8221;4.21.0&#8243; _module_preset=&#8221;default&#8221; text_font=&#8221;Poppins||||||||&#8221; custom_margin=&#8221;39px|||||&#8221; global_colors_info=&#8221;{}&#8221;]<\/p>\n<h1 style=\"font-weight: 600; text-align: center; font-size: 40px;\">HTBLA Wolfsberg<\/h1>\n<p>[\/et_pb_text][\/et_pb_column][\/et_pb_row][et_pb_row column_structure=&#8221;1_2,1_2&#8243; _builder_version=&#8221;4.21.0&#8243; _module_preset=&#8221;default&#8221; global_colors_info=&#8221;{}&#8221;][et_pb_column type=&#8221;1_2&#8243; _builder_version=&#8221;4.21.0&#8243; _module_preset=&#8221;default&#8221; global_colors_info=&#8221;{}&#8221;][et_pb_text _builder_version=&#8221;4.21.0&#8243; _module_preset=&#8221;default&#8221; global_colors_info=&#8221;{}&#8221;]<div class=\"map_wrapper\" id=\"map_wrapper_281\">\n<div class=\"map_box\" style=\"max-width:2000px\">\n<div class=\"map_aspect_ratio\" style=\"padding-top:100%\" data-padding-top=\"100%\" data-padding-top-mobile=\"0%\">\n<div class=\"map_container\">\n<div class=\"map_render map_loading\" id=\"map_281\"><\/div>\n<\/div>\n<\/div>\n<\/div>\n<\/div>[\/et_pb_text][\/et_pb_column][et_pb_column type=&#8221;1_2&#8243; _builder_version=&#8221;4.21.0&#8243; _module_preset=&#8221;default&#8221; global_colors_info=&#8221;{}&#8221;][et_pb_text _builder_version=&#8221;4.21.0&#8243; _module_preset=&#8221;default&#8221; global_colors_info=&#8221;{}&#8221;]<\/p>\n<p><strong>Tipo de organizaci\u00f3n<\/strong>: Escuela\/Instituto\/Centro educativo &#8211; Ense\u00f1anza general (nivel secundario)<\/p>\n<p><strong>Pa\u00eds<\/strong>: Austria<\/p>\n<p><strong>Regi\u00f3n<\/strong>: K\u00e4rnten<\/p>\n<p><strong>Ciudad<\/strong>: Wolfsberg<\/p>\n<p><strong>P\u00e1gina web<\/strong>: <a href=\"https:\/\/www.htl-wolfsberg.at\/\" target=\"_blank\" rel=\"noopener\">www.htl-wolfsberg.at<\/a><\/p>\n<p>[\/et_pb_text][\/et_pb_column][\/et_pb_row][et_pb_row _builder_version=&#8221;4.21.0&#8243; _module_preset=&#8221;default&#8221; custom_padding=&#8221;34px|||||&#8221; global_colors_info=&#8221;{}&#8221;][et_pb_column type=&#8221;4_4&#8243; _builder_version=&#8221;4.21.0&#8243; _module_preset=&#8221;default&#8221; global_colors_info=&#8221;{}&#8221;][et_pb_tabs active_tab_background_color=&#8221;#f8b729&#8243; inactive_tab_background_color=&#8221;#52aa3c&#8221; active_tab_text_color=&#8221;#1a448c&#8221; _builder_version=&#8221;4.21.0&#8243; _module_preset=&#8221;default&#8221; tab_text_color=&#8221;#1a448c&#8221; body_font=&#8221;Poppins||||||||&#8221; tab_font=&#8221;Poppins||||||||&#8221; tab_font_size=&#8221;18px&#8221; tab_line_height=&#8221;2em&#8221; background_color=&#8221;RGBA(255,255,255,0)&#8221; module_alignment=&#8221;center&#8221; custom_padding=&#8221;|10px|24px|10px|false|false&#8221; border_style_all=&#8221;none&#8221; global_colors_info=&#8221;{}&#8221;][et_pb_tab title=&#8221;Qui\u00e9nes somos&#8221; _builder_version=&#8221;4.21.0&#8243; _module_preset=&#8221;default&#8221; global_colors_info=&#8221;{}&#8221;]<\/p>\n<p>La HTL Wolfsberg &#8211; Escuela Superior de Ingenier\u00eda &#8211; es una escuela t\u00e9cnica superior de formaci\u00f3n profesional de Carintia (sur de Austria) con aprox.<br \/>\n65 profesores.<br \/>\nEl n\u00famero total de alumnos es de unos 580, aprox.<br \/>\n440 son alumnos de la escuela diurna normal, con edades comprendidas entre los 14 y los 20 a\u00f1os, y aprox.<br \/>\n140 son alumnos de la escuela nocturna, la mayor\u00eda de los cuales trabajan en empresas.      <\/p>\n<p>Hay cuatro campos de estudio diferentes: Ingenier\u00eda Mec\u00e1nica &#8211; Automatizaci\u00f3n, Mecatr\u00f3nica, Inform\u00e1tica Empresarial e Ingenier\u00eda Industrial.<br \/>\nNuestra formaci\u00f3n est\u00e1 orientada a las necesidades pr\u00e1cticas y econ\u00f3micas.<br \/>\nLa escuela colabora con diferentes empresas y compa\u00f1\u00edas.    <\/p>\n<p>Intentamos constantemente desarrollar nuevos m\u00e9todos de formaci\u00f3n y ofrecer a los estudiantes posibilidades de entrenar no s\u00f3lo sus habilidades t\u00e9cnicas, sino tambi\u00e9n su competencia personal.<br \/>\nNuestro objetivo es que los estudiantes aprendan idiomas y los practiquen.<br \/>\nComo muchos de ellos trabajar\u00e1n en empresas internacionales despu\u00e9s de terminar la escuela, les animamos a que vayan al extranjero, recojan experiencias y conozcan otras culturas y formas de vida diferentes.    <\/p>\n<p>Dos temas estrat\u00e9gicos muy importantes para el futuro desarrollo de nuestra escuela son &#8220;Digitalizaci\u00f3n \/ Industria 4.0&#8221; y &#8220;Educaci\u00f3n empresarial para ingenieros&#8221;.<br \/>\nEn ambas \u00e1reas se est\u00e1n llevando a cabo proyectos regionales e internacionales.<br \/>\nEn noviembre de 2020 la HTL Wolfsberg obtuvo el premio europeo &#8220;Excellence in VET Award&#8221; (VET Innovators Award) en la categor\u00eda &#8220;The Entrepreneurial School Award TES, JA Europe&#8221; y adem\u00e1s el premio &#8220;The Entrepreneurial School 2020&#8221; como una de las dos escuelas de Austria.  <\/p>\n<p>[\/et_pb_tab][et_pb_tab title=&#8221;Nuestro papel en el proyecto&#8221; _builder_version=&#8221;4.21.0&#8243; _module_preset=&#8221;default&#8221; body_ul_font=&#8221;Poppins||||||||&#8221; global_colors_info=&#8221;{}&#8221;]<\/p>\n<p>La HTL Wolfsberg ya tiene experiencia con proyectos europeos desde hace m\u00e1s de 10 a\u00f1os.<br \/>\nEn total, la escuela ha participado en m\u00e1s de 10 proyectos europeos en el marco de Erasmus+ e Interreg (IT-AT &amp; SI-AT).<br \/>\nLa escuela tambi\u00e9n fomenta los intercambios de estudiantes y las visitas de estudio de profesores.<br \/>\nCuenta con una red de socios europeos que permite a los estudiantes ir al extranjero a hacer pr\u00e1cticas para adquirir experiencias internacionales pr\u00e1cticas.   <\/p>\n<p>[\/et_pb_tab][\/et_pb_tabs][\/et_pb_column][\/et_pb_row][\/et_pb_section]<\/p>\n","protected":false},"excerpt":{"rendered":"<p>HTBLA Wolfsberg<div class=\"map_wrapper\" id=\"map_wrapper_281\">\n<div class=\"map_box\" style=\"max-width:2000px\">\n<div class=\"map_aspect_ratio\" style=\"padding-top:100%\" data-padding-top=\"100%\" data-padding-top-mobile=\"0%\">\n<div class=\"map_container\">\n<div class=\"map_render map_loading\" id=\"map_281\"><\/div>\n<\/div>\n<\/div>\n<\/div>\n<\/div>Tipo de organizaci\u00f3n: Escuela\/Instituto\/Centro educativo &#8211; Ense\u00f1anza general (nivel secundario) Pa\u00eds: Austria Regi\u00f3n: K\u00e4rnten Ciudad: Wolfsberg P\u00e1gina web: www.htl-wolfsberg.atLa HTL Wolfsberg &#8211; Escuela Superior de Ingenier\u00eda &#8211; es una escuela t\u00e9cnica superior de formaci\u00f3n profesional de Carintia (sur de Austria) con aprox. 65 profesores. El n\u00famero total de alumnos es de unos 580, [&hellip;]<\/p>\n","protected":false},"author":2,"featured_media":0,"parent":2423,"menu_order":0,"comment_status":"closed","ping_status":"closed","template":"","meta":{"_et_pb_use_builder":"on","_et_pb_old_content":"","_et_gb_content_width":"","footnotes":""},"class_list":["post-2536","page","type-page","status-publish","hentry"],"yoast_head":"<!-- This site is optimized with the Yoast SEO plugin v21.8 - https:\/\/yoast.com\/wordpress\/plugins\/seo\/ -->\n<title>HTBLA Wolfsberg - Echoes<\/title>\n<meta name=\"description\" content=\"La HTL Wolfsberg - Escuela Superior de Ingenier\u00eda - es una escuela t\u00e9cnica superior de formaci\u00f3n profesional de Carintia (sur de Austria) con aprox. 65 profesores.\" \/>\n<meta name=\"robots\" content=\"index, follow, max-snippet:-1, max-image-preview:large, max-video-preview:-1\" \/>\n<link rel=\"canonical\" href=\"https:\/\/echoes-erasmusplus.eu\/es\/socios\/htbla-wolfsberg\/\" \/>\n<meta property=\"og:locale\" content=\"es_ES\" \/>\n<meta property=\"og:type\" content=\"article\" \/>\n<meta property=\"og:title\" content=\"HTBLA Wolfsberg - Echoes\" \/>\n<meta property=\"og:description\" content=\"La HTL Wolfsberg - Escuela Superior de Ingenier\u00eda - es una escuela t\u00e9cnica superior de formaci\u00f3n profesional de Carintia (sur de Austria) con aprox. 65 profesores.\" \/>\n<meta property=\"og:url\" content=\"https:\/\/echoes-erasmusplus.eu\/es\/socios\/htbla-wolfsberg\/\" \/>\n<meta property=\"og:site_name\" content=\"Echoes\" \/>\n<meta property=\"article:modified_time\" content=\"2024-09-13T14:42:43+00:00\" \/>\n<meta name=\"twitter:card\" content=\"summary_large_image\" \/>\n<meta name=\"twitter:label1\" content=\"Tiempo de lectura\" \/>\n\t<meta name=\"twitter:data1\" content=\"4 minutos\" \/>\n<script type=\"application\/ld+json\" class=\"yoast-schema-graph\">{\"@context\":\"https:\/\/schema.org\",\"@graph\":[{\"@type\":\"WebPage\",\"@id\":\"https:\/\/echoes-erasmusplus.eu\/es\/socios\/htbla-wolfsberg\/\",\"url\":\"https:\/\/echoes-erasmusplus.eu\/es\/socios\/htbla-wolfsberg\/\",\"name\":\"HTBLA Wolfsberg - Echoes\",\"isPartOf\":{\"@id\":\"https:\/\/echoes-erasmusplus.eu\/es\/#website\"},\"datePublished\":\"2023-10-16T10:01:31+00:00\",\"dateModified\":\"2024-09-13T14:42:43+00:00\",\"description\":\"La HTL Wolfsberg - Escuela Superior de Ingenier\u00eda - es una escuela t\u00e9cnica superior de formaci\u00f3n profesional de Carintia (sur de Austria) con aprox. 65 profesores.\",\"breadcrumb\":{\"@id\":\"https:\/\/echoes-erasmusplus.eu\/es\/socios\/htbla-wolfsberg\/#breadcrumb\"},\"inLanguage\":\"es\",\"potentialAction\":[{\"@type\":\"ReadAction\",\"target\":[\"https:\/\/echoes-erasmusplus.eu\/es\/socios\/htbla-wolfsberg\/\"]}]},{\"@type\":\"BreadcrumbList\",\"@id\":\"https:\/\/echoes-erasmusplus.eu\/es\/socios\/htbla-wolfsberg\/#breadcrumb\",\"itemListElement\":[{\"@type\":\"ListItem\",\"position\":1,\"name\":\"Home\",\"item\":\"https:\/\/echoes-erasmusplus.eu\/es\/\"},{\"@type\":\"ListItem\",\"position\":2,\"name\":\"Socios\",\"item\":\"https:\/\/echoes-erasmusplus.eu\/es\/socios\/\"},{\"@type\":\"ListItem\",\"position\":3,\"name\":\"HTBLA Wolfsberg\"}]},{\"@type\":\"WebSite\",\"@id\":\"https:\/\/echoes-erasmusplus.eu\/es\/#website\",\"url\":\"https:\/\/echoes-erasmusplus.eu\/es\/\",\"name\":\"ECHOES\",\"description\":\"Extended Classrooms for Higher Opportunities Enhancing Skills\",\"publisher\":{\"@id\":\"https:\/\/echoes-erasmusplus.eu\/es\/#organization\"},\"potentialAction\":[{\"@type\":\"SearchAction\",\"target\":{\"@type\":\"EntryPoint\",\"urlTemplate\":\"https:\/\/echoes-erasmusplus.eu\/es\/?s={search_term_string}\"},\"query-input\":\"required name=search_term_string\"}],\"inLanguage\":\"es\"},{\"@type\":\"Organization\",\"@id\":\"https:\/\/echoes-erasmusplus.eu\/es\/#organization\",\"name\":\"ECHOES Extended Classrooms for Higher Opportunities Enhancing Skills\",\"url\":\"https:\/\/echoes-erasmusplus.eu\/es\/\",\"logo\":{\"@type\":\"ImageObject\",\"inLanguage\":\"es\",\"@id\":\"https:\/\/echoes-erasmusplus.eu\/es\/#\/schema\/logo\/image\/\",\"url\":\"https:\/\/echoes-erasmusplus.eu\/wp-content\/uploads\/2023\/06\/logo-echoes.png\",\"contentUrl\":\"https:\/\/echoes-erasmusplus.eu\/wp-content\/uploads\/2023\/06\/logo-echoes.png\",\"width\":499,\"height\":160,\"caption\":\"ECHOES Extended Classrooms for Higher Opportunities Enhancing Skills\"},\"image\":{\"@id\":\"https:\/\/echoes-erasmusplus.eu\/es\/#\/schema\/logo\/image\/\"}}]}<\/script>\n<!-- \/ Yoast SEO plugin. -->","yoast_head_json":{"title":"HTBLA Wolfsberg - Echoes","description":"La HTL Wolfsberg - Escuela Superior de Ingenier\u00eda - es una escuela t\u00e9cnica superior de formaci\u00f3n profesional de Carintia (sur de Austria) con aprox. 65 profesores.","robots":{"index":"index","follow":"follow","max-snippet":"max-snippet:-1","max-image-preview":"max-image-preview:large","max-video-preview":"max-video-preview:-1"},"canonical":"https:\/\/echoes-erasmusplus.eu\/es\/socios\/htbla-wolfsberg\/","og_locale":"es_ES","og_type":"article","og_title":"HTBLA Wolfsberg - Echoes","og_description":"La HTL Wolfsberg - Escuela Superior de Ingenier\u00eda - es una escuela t\u00e9cnica superior de formaci\u00f3n profesional de Carintia (sur de Austria) con aprox. 65 profesores.","og_url":"https:\/\/echoes-erasmusplus.eu\/es\/socios\/htbla-wolfsberg\/","og_site_name":"Echoes","article_modified_time":"2024-09-13T14:42:43+00:00","twitter_card":"summary_large_image","twitter_misc":{"Tiempo de lectura":"4 minutos"},"schema":{"@context":"https:\/\/schema.org","@graph":[{"@type":"WebPage","@id":"https:\/\/echoes-erasmusplus.eu\/es\/socios\/htbla-wolfsberg\/","url":"https:\/\/echoes-erasmusplus.eu\/es\/socios\/htbla-wolfsberg\/","name":"HTBLA Wolfsberg - Echoes","isPartOf":{"@id":"https:\/\/echoes-erasmusplus.eu\/es\/#website"},"datePublished":"2023-10-16T10:01:31+00:00","dateModified":"2024-09-13T14:42:43+00:00","description":"La HTL Wolfsberg - Escuela Superior de Ingenier\u00eda - es una escuela t\u00e9cnica superior de formaci\u00f3n profesional de Carintia (sur de Austria) con aprox. 65 profesores.","breadcrumb":{"@id":"https:\/\/echoes-erasmusplus.eu\/es\/socios\/htbla-wolfsberg\/#breadcrumb"},"inLanguage":"es","potentialAction":[{"@type":"ReadAction","target":["https:\/\/echoes-erasmusplus.eu\/es\/socios\/htbla-wolfsberg\/"]}]},{"@type":"BreadcrumbList","@id":"https:\/\/echoes-erasmusplus.eu\/es\/socios\/htbla-wolfsberg\/#breadcrumb","itemListElement":[{"@type":"ListItem","position":1,"name":"Home","item":"https:\/\/echoes-erasmusplus.eu\/es\/"},{"@type":"ListItem","position":2,"name":"Socios","item":"https:\/\/echoes-erasmusplus.eu\/es\/socios\/"},{"@type":"ListItem","position":3,"name":"HTBLA Wolfsberg"}]},{"@type":"WebSite","@id":"https:\/\/echoes-erasmusplus.eu\/es\/#website","url":"https:\/\/echoes-erasmusplus.eu\/es\/","name":"ECHOES","description":"Extended Classrooms for Higher Opportunities Enhancing Skills","publisher":{"@id":"https:\/\/echoes-erasmusplus.eu\/es\/#organization"},"potentialAction":[{"@type":"SearchAction","target":{"@type":"EntryPoint","urlTemplate":"https:\/\/echoes-erasmusplus.eu\/es\/?s={search_term_string}"},"query-input":"required name=search_term_string"}],"inLanguage":"es"},{"@type":"Organization","@id":"https:\/\/echoes-erasmusplus.eu\/es\/#organization","name":"ECHOES Extended Classrooms for Higher Opportunities Enhancing Skills","url":"https:\/\/echoes-erasmusplus.eu\/es\/","logo":{"@type":"ImageObject","inLanguage":"es","@id":"https:\/\/echoes-erasmusplus.eu\/es\/#\/schema\/logo\/image\/","url":"https:\/\/echoes-erasmusplus.eu\/wp-content\/uploads\/2023\/06\/logo-echoes.png","contentUrl":"https:\/\/echoes-erasmusplus.eu\/wp-content\/uploads\/2023\/06\/logo-echoes.png","width":499,"height":160,"caption":"ECHOES Extended Classrooms for Higher Opportunities Enhancing Skills"},"image":{"@id":"https:\/\/echoes-erasmusplus.eu\/es\/#\/schema\/logo\/image\/"}}]}},"_links":{"self":[{"href":"https:\/\/echoes-erasmusplus.eu\/es\/wp-json\/wp\/v2\/pages\/2536","targetHints":{"allow":["GET"]}}],"collection":[{"href":"https:\/\/echoes-erasmusplus.eu\/es\/wp-json\/wp\/v2\/pages"}],"about":[{"href":"https:\/\/echoes-erasmusplus.eu\/es\/wp-json\/wp\/v2\/types\/page"}],"author":[{"embeddable":true,"href":"https:\/\/echoes-erasmusplus.eu\/es\/wp-json\/wp\/v2\/users\/2"}],"replies":[{"embeddable":true,"href":"https:\/\/echoes-erasmusplus.eu\/es\/wp-json\/wp\/v2\/comments?post=2536"}],"version-history":[{"count":10,"href":"https:\/\/echoes-erasmusplus.eu\/es\/wp-json\/wp\/v2\/pages\/2536\/revisions"}],"predecessor-version":[{"id":2621,"href":"https:\/\/echoes-erasmusplus.eu\/es\/wp-json\/wp\/v2\/pages\/2536\/revisions\/2621"}],"up":[{"embeddable":true,"href":"https:\/\/echoes-erasmusplus.eu\/es\/wp-json\/wp\/v2\/pages\/2423"}],"wp:attachment":[{"href":"https:\/\/echoes-erasmusplus.eu\/es\/wp-json\/wp\/v2\/media?parent=2536"}],"curies":[{"name":"wp","href":"https:\/\/api.w.org\/{rel}","templated":true}]}}