{"id":2569,"date":"2023-10-16T10:02:06","date_gmt":"2023-10-16T10:02:06","guid":{"rendered":"https:\/\/echoes-erasmusplus.eu\/socios\/t2i\/"},"modified":"2024-09-13T14:42:44","modified_gmt":"2024-09-13T14:42:44","slug":"t2i","status":"publish","type":"page","link":"https:\/\/echoes-erasmusplus.eu\/es\/socios\/t2i\/","title":{"rendered":"T2i"},"content":{"rendered":"<p>[et_pb_section fb_built=&#8221;1&#8243; _builder_version=&#8221;4.21.0&#8243; _module_preset=&#8221;default&#8221; custom_margin=&#8221;||4px|||&#8221; custom_padding=&#8221;51px||5px|||&#8221; global_colors_info=&#8221;{}&#8221;][et_pb_row _builder_version=&#8221;4.21.0&#8243; _module_preset=&#8221;default&#8221; custom_padding=&#8221;3px|||||&#8221; global_colors_info=&#8221;{}&#8221;][et_pb_column type=&#8221;4_4&#8243; _builder_version=&#8221;4.21.0&#8243; _module_preset=&#8221;default&#8221; global_colors_info=&#8221;{}&#8221;][et_pb_image src=&#8221;https:\/\/echoes-erasmusplus.eu\/wp-content\/uploads\/2023\/06\/t2i-ok.png&#8221; title_text=&#8221;t2i-ok&#8221; align=&#8221;center&#8221; _builder_version=&#8221;4.21.0&#8243; _module_preset=&#8221;default&#8221; width=&#8221;50%&#8221; custom_margin=&#8221;-30px||3px|||&#8221; custom_padding=&#8221;48px||0px|||&#8221; global_colors_info=&#8221;{}&#8221;][\/et_pb_image][et_pb_text _builder_version=&#8221;4.21.0&#8243; _module_preset=&#8221;default&#8221; text_font=&#8221;Poppins||||||||&#8221; custom_margin=&#8221;50px|||||&#8221; global_colors_info=&#8221;{}&#8221;]<\/p>\n<h1 style=\"font-weight: 600; text-align: center; font-size: 40px;\">t2i &#8211; TRASFERIMENTO TECNOLOGICO E INNOVAZIONE<\/h1>\n<p>[\/et_pb_text][\/et_pb_column][\/et_pb_row][et_pb_row column_structure=&#8221;1_2,1_2&#8243; _builder_version=&#8221;4.21.0&#8243; _module_preset=&#8221;default&#8221; global_colors_info=&#8221;{}&#8221;][et_pb_column type=&#8221;1_2&#8243; _builder_version=&#8221;4.21.0&#8243; _module_preset=&#8221;default&#8221; global_colors_info=&#8221;{}&#8221;][et_pb_text _builder_version=&#8221;4.21.0&#8243; _module_preset=&#8221;default&#8221; global_colors_info=&#8221;{}&#8221;]<div class=\"map_wrapper\" id=\"map_wrapper_276\">\n<div class=\"map_box\" style=\"max-width:2000px\">\n<div class=\"map_aspect_ratio\" style=\"padding-top:100%\" data-padding-top=\"100%\" data-padding-top-mobile=\"0%\">\n<div class=\"map_container\">\n<div class=\"map_render map_loading\" id=\"map_276\"><\/div>\n<\/div>\n<\/div>\n<\/div>\n<\/div>[\/et_pb_text][\/et_pb_column][et_pb_column type=&#8221;1_2&#8243; _builder_version=&#8221;4.21.0&#8243; _module_preset=&#8221;default&#8221; global_colors_info=&#8221;{}&#8221;][et_pb_text _builder_version=&#8221;4.21.0&#8243; _module_preset=&#8221;default&#8221; global_colors_info=&#8221;{}&#8221;]<strong>Tipo de organizaci\u00f3n<\/strong>: Instituto\/Centro de Investigaci\u00f3n <strong>Pa\u00eds<\/strong>: Italia <strong>Regi\u00f3n<\/strong>: V\u00e9neto <strong>Ciudad<\/strong>: Treviso <strong>P\u00e1gina web<\/strong>: <a href=\"https:\/\/www.t2i.it\/\" target=\"_blank\" rel=\"noopener\">www.t2i.it<\/a>[\/et_pb_text][\/et_pb_column][\/et_pb_row][et_pb_row _builder_version=&#8221;4.21.0&#8243; _module_preset=&#8221;default&#8221; custom_padding=&#8221;34px|||||&#8221; global_colors_info=&#8221;{}&#8221;][et_pb_column type=&#8221;4_4&#8243; _builder_version=&#8221;4.21.0&#8243; _module_preset=&#8221;default&#8221; global_colors_info=&#8221;{}&#8221;][et_pb_tabs active_tab_background_color=&#8221;#f8b729&#8243; inactive_tab_background_color=&#8221;#52aa3c&#8221; active_tab_text_color=&#8221;#1a448c&#8221; _builder_version=&#8221;4.21.0&#8243; _module_preset=&#8221;default&#8221; tab_text_color=&#8221;#1a448c&#8221; body_font=&#8221;Poppins||||||||&#8221; tab_font=&#8221;Poppins||||||||&#8221; tab_font_size=&#8221;18px&#8221; tab_line_height=&#8221;2em&#8221; background_color=&#8221;RGBA(255,255,255,0)&#8221; module_alignment=&#8221;center&#8221; custom_padding=&#8221;|10px|24px|10px|false|false&#8221; border_style_all=&#8221;none&#8221; global_colors_info=&#8221;{}&#8221;][et_pb_tab title=&#8221;Qui\u00e9nes somos&#8221; _builder_version=&#8221;4.21.0&#8243; _module_preset=&#8221;default&#8221; global_colors_info=&#8221;{}&#8221;]<\/p>\n<p>t2i es la Agencia Italiana para la Innovaci\u00f3n promovida por las C\u00e1maras de Comercio de Treviso-Belluno, Venecia-Rovigo y Verona.<br \/>\nt2i apoya a las empresas en la definici\u00f3n y desarrollo de servicios nuevos e innovadores mediante redes de transferencia de tecnolog\u00eda, servicios de valor a\u00f1adido y acceso a programas de formaci\u00f3n espec\u00edficos y punteros.<br \/>\nt2I est\u00e1 inscrita en el Registro Nacional de Investigaci\u00f3n.  <\/p>\n<p>t2i gestiona una Incubadora Certificada, donde se alojan las startups.<br \/>\nEn ella trabajan unas 50 personas, que ofrecen apoyo en estas \u00e1reas: <\/p>\n<ul>\n<li>Organizaci\u00f3n y desarrollo de competencias, mediante seminarios, talleres, itinerarios de aprendizaje\/formaci\u00f3n mediante metodolog\u00edas y herramientas innovadoras (tambi\u00e9n e-learning), consultor\u00eda, coaching centrados en: gesti\u00f3n de empresas, TIC, creaci\u00f3n de equipos, marketing, dise\u00f1o ecol\u00f3gico\/verde\/sostenible, habilidades blandas para la vida.<br \/>\nSe fomentan e implementan habilidades empresariales en todos los clientes; se han desarrollado proyectos espec\u00edficos de j\u00f3venes\/mujeres\/migrantes; <\/li>\n<li>Apoyo y desarrollo de la transformaci\u00f3n digital empresarial: Como Digital Innovation Hub (DIH) reconocido por I4MS (ICT Innovation for Manufacturing SMEs) t2i es un promotor de la innovaci\u00f3n, no s\u00f3lo digital.<br \/>\nGracias a prestigiosos proyectos europeos, el laboratorio de t2i ha desarrollado competencias digitales al servicio de la innovaci\u00f3n en los \u00e1mbitos de la usabilidad, la realidad aumentada, el dise\u00f1o funcional, la computaci\u00f3n paralela y los servicios para el Internet de las Cosas.<br \/>\nt2i colabora con las C\u00e1maras de Comercio como &#8220;Puntos de Negocios Digitales&#8221; dedicados a la difusi\u00f3n de la cultura y la pr\u00e1ctica de la divulgaci\u00f3n digital en las MPMI (Micro Peque\u00f1as y Medianas Empresas) de todos los sectores econ\u00f3micos.  <\/li>\n<li>Investigaci\u00f3n aplicada, transferencia de tecnolog\u00eda y creaci\u00f3n de redes.<br \/>\nAuditor\u00eda de la innovaci\u00f3n, inteligencia y prospectiva tecnol\u00f3gicas, intermediaci\u00f3n tecnol\u00f3gica y de know-how, gesti\u00f3n de DPI (oficina PatLib) e inteligencia competitiva.<br \/>\nt2i gestiona laboratorios de metrolog\u00eda, ensayos y dise\u00f1o centrado en el usuario: laboratorios de vanguardia para apoyar el reconocimiento y la certificaci\u00f3n de productos en los mercados nacionales e internacionales, as\u00ed como el desarrollo de nuevos productos mediante tecnolog\u00edas innovadoras.  <\/li>\n<\/ul>\n<p>[\/et_pb_tab][et_pb_tab title=&#8221;Nuestro papel en el proyecto&#8221; _builder_version=&#8221;4.21.0&#8243; _module_preset=&#8221;default&#8221; body_ul_font=&#8221;Poppins||||||||&#8221; global_colors_info=&#8221;{}&#8221;]<\/p>\n<ul>\n<li>t2i es un Vivero de Empresas certificado por el Ministerio de Desarrollo Econ\u00f3mico;<\/li>\n<li>t2i tiene una gran experiencia en el dise\u00f1o y desarrollo de iniciativas para futuros empresarios, con especial atenci\u00f3n a la iniciativa empresarial de j\u00f3venes y\/o mujeres;<\/li>\n<li>t2i tiene un fuerte v\u00ednculo con el Comit\u00e9 de Emprendimiento Femenino, con sede en la C\u00e1mara de Comercio de Verona;<\/li>\n<li>t2i mantiene una amplia colaboraci\u00f3n con organismos p\u00fablicos y privados locales: Regi\u00f3n del V\u00e9neto, otras C\u00e1maras italianas, los \u00f3rganos de coordinaci\u00f3n de las C\u00e1maras Regionales y Nacionales (UNIONCAMERE VENETO E Nacional);<\/li>\n<li>t2i tiene una s\u00f3lida red con asociaciones industriales, artesanales y comercialesst2i tiene una s\u00f3lida colaboraci\u00f3n con la red de Universidades, Escuelas y Oficinas Escolares Locales y Regionalesest2i tiene una s\u00f3lida colaboraci\u00f3n con otros polos de innovaci\u00f3n y tecnolog\u00eda a nivel Regional;<\/li>\n<li>t2I est\u00e1 inscrito en el Registro Nacional de Investigaci\u00f3n.<\/li>\n<\/ul>\n<p>El \u00c1rea de Educaci\u00f3n\/Formaci\u00f3n est\u00e1 acreditada por la Regi\u00f3n del V\u00e9neto para actividades de educaci\u00f3n, formaci\u00f3n permanente y orientaci\u00f3n profesional.<\/p>\n<p>[\/et_pb_tab][\/et_pb_tabs][\/et_pb_column][\/et_pb_row][\/et_pb_section]<\/p>\n","protected":false},"excerpt":{"rendered":"<p>t2i &#8211; TRASFERIMENTO TECNOLOGICO E INNOVAZIONE<div class=\"map_wrapper\" id=\"map_wrapper_276\">\n<div class=\"map_box\" style=\"max-width:2000px\">\n<div class=\"map_aspect_ratio\" style=\"padding-top:100%\" data-padding-top=\"100%\" data-padding-top-mobile=\"0%\">\n<div class=\"map_container\">\n<div class=\"map_render map_loading\" id=\"map_276\"><\/div>\n<\/div>\n<\/div>\n<\/div>\n<\/div>Tipo de organizaci\u00f3n: Instituto\/Centro de Investigaci\u00f3n Pa\u00eds: Italia Regi\u00f3n: V\u00e9neto Ciudad: Treviso P\u00e1gina web: www.t2i.itt2i es la Agencia Italiana para la Innovaci\u00f3n promovida por las C\u00e1maras de Comercio de Treviso-Belluno, Venecia-Rovigo y Verona. t2i apoya a las empresas en la definici\u00f3n y desarrollo de servicios nuevos e innovadores mediante [&hellip;]<\/p>\n","protected":false},"author":2,"featured_media":0,"parent":2423,"menu_order":0,"comment_status":"closed","ping_status":"closed","template":"","meta":{"_et_pb_use_builder":"on","_et_pb_old_content":"","_et_gb_content_width":"","footnotes":""},"class_list":["post-2569","page","type-page","status-publish","hentry"],"yoast_head":"<!-- This site is optimized with the Yoast SEO plugin v21.8 - https:\/\/yoast.com\/wordpress\/plugins\/seo\/ -->\n<title>T2i - Echoes<\/title>\n<meta name=\"robots\" content=\"index, follow, max-snippet:-1, max-image-preview:large, max-video-preview:-1\" \/>\n<link rel=\"canonical\" href=\"https:\/\/echoes-erasmusplus.eu\/es\/socios\/t2i\/\" \/>\n<meta property=\"og:locale\" content=\"es_ES\" \/>\n<meta property=\"og:type\" content=\"article\" \/>\n<meta property=\"og:title\" content=\"T2i - Echoes\" \/>\n<meta property=\"og:description\" content=\"t2i - TRASFERIMENTO TECNOLOGICO E INNOVAZIONETipo de organizaci\u00f3n: Instituto\/Centro de Investigaci\u00f3n Pa\u00eds: Italia Regi\u00f3n: V\u00e9neto Ciudad: Treviso P\u00e1gina web: www.t2i.itt2i es la Agencia Italiana para la Innovaci\u00f3n promovida por las C\u00e1maras de Comercio de Treviso-Belluno, Venecia-Rovigo y Verona. t2i apoya a las empresas en la definici\u00f3n y desarrollo de servicios nuevos e innovadores mediante [&hellip;]\" \/>\n<meta property=\"og:url\" content=\"https:\/\/echoes-erasmusplus.eu\/es\/socios\/t2i\/\" \/>\n<meta property=\"og:site_name\" content=\"Echoes\" \/>\n<meta property=\"article:modified_time\" content=\"2024-09-13T14:42:44+00:00\" \/>\n<meta name=\"twitter:card\" content=\"summary_large_image\" \/>\n<meta name=\"twitter:label1\" content=\"Tiempo de lectura\" \/>\n\t<meta name=\"twitter:data1\" content=\"5 minutos\" \/>\n<script type=\"application\/ld+json\" class=\"yoast-schema-graph\">{\"@context\":\"https:\/\/schema.org\",\"@graph\":[{\"@type\":\"WebPage\",\"@id\":\"https:\/\/echoes-erasmusplus.eu\/es\/socios\/t2i\/\",\"url\":\"https:\/\/echoes-erasmusplus.eu\/es\/socios\/t2i\/\",\"name\":\"T2i - Echoes\",\"isPartOf\":{\"@id\":\"https:\/\/echoes-erasmusplus.eu\/es\/#website\"},\"datePublished\":\"2023-10-16T10:02:06+00:00\",\"dateModified\":\"2024-09-13T14:42:44+00:00\",\"breadcrumb\":{\"@id\":\"https:\/\/echoes-erasmusplus.eu\/es\/socios\/t2i\/#breadcrumb\"},\"inLanguage\":\"es\",\"potentialAction\":[{\"@type\":\"ReadAction\",\"target\":[\"https:\/\/echoes-erasmusplus.eu\/es\/socios\/t2i\/\"]}]},{\"@type\":\"BreadcrumbList\",\"@id\":\"https:\/\/echoes-erasmusplus.eu\/es\/socios\/t2i\/#breadcrumb\",\"itemListElement\":[{\"@type\":\"ListItem\",\"position\":1,\"name\":\"Home\",\"item\":\"https:\/\/echoes-erasmusplus.eu\/es\/\"},{\"@type\":\"ListItem\",\"position\":2,\"name\":\"Socios\",\"item\":\"https:\/\/echoes-erasmusplus.eu\/es\/socios\/\"},{\"@type\":\"ListItem\",\"position\":3,\"name\":\"T2i\"}]},{\"@type\":\"WebSite\",\"@id\":\"https:\/\/echoes-erasmusplus.eu\/es\/#website\",\"url\":\"https:\/\/echoes-erasmusplus.eu\/es\/\",\"name\":\"ECHOES\",\"description\":\"Extended Classrooms for Higher Opportunities Enhancing Skills\",\"publisher\":{\"@id\":\"https:\/\/echoes-erasmusplus.eu\/es\/#organization\"},\"potentialAction\":[{\"@type\":\"SearchAction\",\"target\":{\"@type\":\"EntryPoint\",\"urlTemplate\":\"https:\/\/echoes-erasmusplus.eu\/es\/?s={search_term_string}\"},\"query-input\":\"required name=search_term_string\"}],\"inLanguage\":\"es\"},{\"@type\":\"Organization\",\"@id\":\"https:\/\/echoes-erasmusplus.eu\/es\/#organization\",\"name\":\"ECHOES Extended Classrooms for Higher Opportunities Enhancing Skills\",\"url\":\"https:\/\/echoes-erasmusplus.eu\/es\/\",\"logo\":{\"@type\":\"ImageObject\",\"inLanguage\":\"es\",\"@id\":\"https:\/\/echoes-erasmusplus.eu\/es\/#\/schema\/logo\/image\/\",\"url\":\"https:\/\/echoes-erasmusplus.eu\/wp-content\/uploads\/2023\/06\/logo-echoes.png\",\"contentUrl\":\"https:\/\/echoes-erasmusplus.eu\/wp-content\/uploads\/2023\/06\/logo-echoes.png\",\"width\":499,\"height\":160,\"caption\":\"ECHOES Extended Classrooms for Higher Opportunities Enhancing Skills\"},\"image\":{\"@id\":\"https:\/\/echoes-erasmusplus.eu\/es\/#\/schema\/logo\/image\/\"}}]}<\/script>\n<!-- \/ Yoast SEO plugin. -->","yoast_head_json":{"title":"T2i - Echoes","robots":{"index":"index","follow":"follow","max-snippet":"max-snippet:-1","max-image-preview":"max-image-preview:large","max-video-preview":"max-video-preview:-1"},"canonical":"https:\/\/echoes-erasmusplus.eu\/es\/socios\/t2i\/","og_locale":"es_ES","og_type":"article","og_title":"T2i - Echoes","og_description":"t2i - TRASFERIMENTO TECNOLOGICO E INNOVAZIONETipo de organizaci\u00f3n: Instituto\/Centro de Investigaci\u00f3n Pa\u00eds: Italia Regi\u00f3n: V\u00e9neto Ciudad: Treviso P\u00e1gina web: www.t2i.itt2i es la Agencia Italiana para la Innovaci\u00f3n promovida por las C\u00e1maras de Comercio de Treviso-Belluno, Venecia-Rovigo y Verona. t2i apoya a las empresas en la definici\u00f3n y desarrollo de servicios nuevos e innovadores mediante [&hellip;]","og_url":"https:\/\/echoes-erasmusplus.eu\/es\/socios\/t2i\/","og_site_name":"Echoes","article_modified_time":"2024-09-13T14:42:44+00:00","twitter_card":"summary_large_image","twitter_misc":{"Tiempo de lectura":"5 minutos"},"schema":{"@context":"https:\/\/schema.org","@graph":[{"@type":"WebPage","@id":"https:\/\/echoes-erasmusplus.eu\/es\/socios\/t2i\/","url":"https:\/\/echoes-erasmusplus.eu\/es\/socios\/t2i\/","name":"T2i - Echoes","isPartOf":{"@id":"https:\/\/echoes-erasmusplus.eu\/es\/#website"},"datePublished":"2023-10-16T10:02:06+00:00","dateModified":"2024-09-13T14:42:44+00:00","breadcrumb":{"@id":"https:\/\/echoes-erasmusplus.eu\/es\/socios\/t2i\/#breadcrumb"},"inLanguage":"es","potentialAction":[{"@type":"ReadAction","target":["https:\/\/echoes-erasmusplus.eu\/es\/socios\/t2i\/"]}]},{"@type":"BreadcrumbList","@id":"https:\/\/echoes-erasmusplus.eu\/es\/socios\/t2i\/#breadcrumb","itemListElement":[{"@type":"ListItem","position":1,"name":"Home","item":"https:\/\/echoes-erasmusplus.eu\/es\/"},{"@type":"ListItem","position":2,"name":"Socios","item":"https:\/\/echoes-erasmusplus.eu\/es\/socios\/"},{"@type":"ListItem","position":3,"name":"T2i"}]},{"@type":"WebSite","@id":"https:\/\/echoes-erasmusplus.eu\/es\/#website","url":"https:\/\/echoes-erasmusplus.eu\/es\/","name":"ECHOES","description":"Extended Classrooms for Higher Opportunities Enhancing Skills","publisher":{"@id":"https:\/\/echoes-erasmusplus.eu\/es\/#organization"},"potentialAction":[{"@type":"SearchAction","target":{"@type":"EntryPoint","urlTemplate":"https:\/\/echoes-erasmusplus.eu\/es\/?s={search_term_string}"},"query-input":"required name=search_term_string"}],"inLanguage":"es"},{"@type":"Organization","@id":"https:\/\/echoes-erasmusplus.eu\/es\/#organization","name":"ECHOES Extended Classrooms for Higher Opportunities Enhancing Skills","url":"https:\/\/echoes-erasmusplus.eu\/es\/","logo":{"@type":"ImageObject","inLanguage":"es","@id":"https:\/\/echoes-erasmusplus.eu\/es\/#\/schema\/logo\/image\/","url":"https:\/\/echoes-erasmusplus.eu\/wp-content\/uploads\/2023\/06\/logo-echoes.png","contentUrl":"https:\/\/echoes-erasmusplus.eu\/wp-content\/uploads\/2023\/06\/logo-echoes.png","width":499,"height":160,"caption":"ECHOES Extended Classrooms for Higher Opportunities Enhancing Skills"},"image":{"@id":"https:\/\/echoes-erasmusplus.eu\/es\/#\/schema\/logo\/image\/"}}]}},"_links":{"self":[{"href":"https:\/\/echoes-erasmusplus.eu\/es\/wp-json\/wp\/v2\/pages\/2569","targetHints":{"allow":["GET"]}}],"collection":[{"href":"https:\/\/echoes-erasmusplus.eu\/es\/wp-json\/wp\/v2\/pages"}],"about":[{"href":"https:\/\/echoes-erasmusplus.eu\/es\/wp-json\/wp\/v2\/types\/page"}],"author":[{"embeddable":true,"href":"https:\/\/echoes-erasmusplus.eu\/es\/wp-json\/wp\/v2\/users\/2"}],"replies":[{"embeddable":true,"href":"https:\/\/echoes-erasmusplus.eu\/es\/wp-json\/wp\/v2\/comments?post=2569"}],"version-history":[{"count":1,"href":"https:\/\/echoes-erasmusplus.eu\/es\/wp-json\/wp\/v2\/pages\/2569\/revisions"}],"predecessor-version":[{"id":2577,"href":"https:\/\/echoes-erasmusplus.eu\/es\/wp-json\/wp\/v2\/pages\/2569\/revisions\/2577"}],"up":[{"embeddable":true,"href":"https:\/\/echoes-erasmusplus.eu\/es\/wp-json\/wp\/v2\/pages\/2423"}],"wp:attachment":[{"href":"https:\/\/echoes-erasmusplus.eu\/es\/wp-json\/wp\/v2\/media?parent=2569"}],"curies":[{"name":"wp","href":"https:\/\/api.w.org\/{rel}","templated":true}]}}