{"id":2578,"date":"2023-10-16T10:01:42","date_gmt":"2023-10-16T10:01:42","guid":{"rendered":"https:\/\/echoes-erasmusplus.eu\/socios\/infodef\/"},"modified":"2024-09-13T14:42:44","modified_gmt":"2024-09-13T14:42:44","slug":"infodef","status":"publish","type":"page","link":"https:\/\/echoes-erasmusplus.eu\/es\/socios\/infodef\/","title":{"rendered":"InfoDef"},"content":{"rendered":"<p>[et_pb_section fb_built=&#8221;1&#8243; _builder_version=&#8221;4.21.0&#8243; _module_preset=&#8221;default&#8221; custom_margin=&#8221;||4px|||&#8221; custom_padding=&#8221;48px||5px|||&#8221; global_colors_info=&#8221;{}&#8221;][et_pb_row _builder_version=&#8221;4.21.0&#8243; _module_preset=&#8221;default&#8221; custom_padding=&#8221;3px|||||&#8221; global_colors_info=&#8221;{}&#8221;][et_pb_column type=&#8221;4_4&#8243; _builder_version=&#8221;4.21.0&#8243; _module_preset=&#8221;default&#8221; global_colors_info=&#8221;{}&#8221;][et_pb_image src=&#8221;https:\/\/echoes-erasmusplus.eu\/wp-content\/uploads\/2023\/06\/infodef.png&#8221; title_text=&#8221;infodef&#8221; align=&#8221;center&#8221; _builder_version=&#8221;4.21.0&#8243; _module_preset=&#8221;default&#8221; width=&#8221;50%&#8221; custom_margin=&#8221;-27px||3px|||&#8221; custom_padding=&#8221;||0px|||&#8221; global_colors_info=&#8221;{}&#8221;][\/et_pb_image][et_pb_text _builder_version=&#8221;4.21.0&#8243; _module_preset=&#8221;default&#8221; text_font=&#8221;Poppins||||||||&#8221; custom_margin=&#8221;39px|||||&#8221; global_colors_info=&#8221;{}&#8221;]<\/p>\n<h1 style=\"font-weight: 600; text-align: center; font-size: 40px;\">INFODEF &#8211; Instituto para el Fomento del Desarrollo y la Formacion SL<\/h1>\n<p>[\/et_pb_text][\/et_pb_column][\/et_pb_row][et_pb_row column_structure=&#8221;1_2,1_2&#8243; _builder_version=&#8221;4.21.0&#8243; _module_preset=&#8221;default&#8221; global_colors_info=&#8221;{}&#8221;][et_pb_column type=&#8221;1_2&#8243; _builder_version=&#8221;4.21.0&#8243; _module_preset=&#8221;default&#8221; global_colors_info=&#8221;{}&#8221;][et_pb_text _builder_version=&#8221;4.21.0&#8243; _module_preset=&#8221;default&#8221; global_colors_info=&#8221;{}&#8221;]<div class=\"map_wrapper\" id=\"map_wrapper_280\">\n<div class=\"map_box\" style=\"max-width:2000px\">\n<div class=\"map_aspect_ratio\" style=\"padding-top:100%\" data-padding-top=\"100%\" data-padding-top-mobile=\"0%\">\n<div class=\"map_container\">\n<div class=\"map_render map_loading\" id=\"map_280\"><\/div>\n<\/div>\n<\/div>\n<\/div>\n<\/div>[\/et_pb_text][\/et_pb_column][et_pb_column type=&#8221;1_2&#8243; _builder_version=&#8221;4.21.0&#8243; _module_preset=&#8221;default&#8221; global_colors_info=&#8221;{}&#8221;][et_pb_text _builder_version=&#8221;4.21.0&#8243; _module_preset=&#8221;default&#8221; global_colors_info=&#8221;{}&#8221;]<strong>Tipo de organizaci\u00f3n<\/strong>: Instituto\/Centro de Investigaci\u00f3n <strong>Pa\u00eds<\/strong>: Espa\u00f1a <strong>Regi\u00f3n<\/strong>: Castilla y Le\u00f3n <strong>Ciudad<\/strong>: Valladolid <strong>P\u00e1gina web<\/strong>: <a href=\"https:\/\/infodef.es\/\" target=\"_blank\" rel=\"noopener\">www.infodef.es<\/a>[\/et_pb_text][\/et_pb_column][\/et_pb_row][et_pb_row _builder_version=&#8221;4.21.0&#8243; _module_preset=&#8221;default&#8221; custom_padding=&#8221;34px|||||&#8221; global_colors_info=&#8221;{}&#8221;][et_pb_column type=&#8221;4_4&#8243; _builder_version=&#8221;4.21.0&#8243; _module_preset=&#8221;default&#8221; global_colors_info=&#8221;{}&#8221;][et_pb_tabs active_tab_background_color=&#8221;#f8b729&#8243; inactive_tab_background_color=&#8221;#52aa3c&#8221; active_tab_text_color=&#8221;#1a448c&#8221; _builder_version=&#8221;4.21.0&#8243; _module_preset=&#8221;default&#8221; tab_text_color=&#8221;#1a448c&#8221; body_font=&#8221;Poppins||||||||&#8221; tab_font=&#8221;Poppins||||||||&#8221; tab_font_size=&#8221;18px&#8221; tab_line_height=&#8221;2em&#8221; background_color=&#8221;RGBA(255,255,255,0)&#8221; module_alignment=&#8221;center&#8221; custom_padding=&#8221;|10px|24px|10px|false|false&#8221; border_style_all=&#8221;none&#8221; global_colors_info=&#8221;{}&#8221;][et_pb_tab title=&#8221;Qui\u00e9nes somos&#8221; _builder_version=&#8221;4.21.0&#8243; _module_preset=&#8221;default&#8221; global_colors_info=&#8221;{}&#8221;]INFODEF, Instituto para la Promoci\u00f3n del Desarrollo y la Formaci\u00f3n, es un centro privado e independiente de Investigaci\u00f3n, Desarrollo e Innovaci\u00f3n cuya misi\u00f3n es dise\u00f1ar y llevar a cabo proyectos que contribuyan a lograr un desarrollo sostenible e integrador a trav\u00e9s de la educaci\u00f3n, la cultura y la innovaci\u00f3n.<br \/>\nEl centro dise\u00f1a y desarrolla herramientas, metodolog\u00edas, productos y servicios innovadores que responden a los retos sociales y econ\u00f3micos actuales y permiten anticipar e impulsar los cambios necesarios para alcanzar las metas y objetivos futuros de la sociedad.<br \/>\nINFODEF apoya la modernizaci\u00f3n de los sistemas educativos y la innovaci\u00f3n pedag\u00f3gica de las instituciones educativas p\u00fablicas y privadas a escala nacional y europea.<br \/>\nCuenta con una amplia experiencia en el desarrollo de metodolog\u00edas, herramientas y recursos innovadores de ense\u00f1anza y aprendizaje, y ha ampliado su labor a la definici\u00f3n de planes de formaci\u00f3n y resultados de aprendizaje basados en el MEC y el ECVET, el dise\u00f1o de nuevas herramientas para la identificaci\u00f3n, evaluaci\u00f3n y validaci\u00f3n de competencias b\u00e1sicas, clave, transversales y profesionales, el desarrollo de herramientas innovadoras basadas en las TIC, el dise\u00f1o de metodolog\u00edas para apoyar los programas y pr\u00e1cticas de aprendizaje basado en el trabajo, nuevos instrumentos para el reconocimiento y la validaci\u00f3n del aprendizaje no formal e informal, m\u00e9todos de ense\u00f1anza innovadores, educaci\u00f3n empresarial, educaci\u00f3n especial y evaluaci\u00f3n de la calidad de los programas educativos.<br \/>\nUna de las principales \u00e1reas de especializaci\u00f3n de INFODEF es el dise\u00f1o de metodolog\u00edas y herramientas innovadoras para apoyar la actividad de los profesionales que trabajan con grupos destinatarios espec\u00edficos, como j\u00f3venes, inmigrantes, adultos poco cualificados, personas con discapacidad, delincuentes y otros grupos desfavorecidos.<br \/>\nINFODEF es socio del cl\u00faster AEICE www.aeice.org, una agrupaci\u00f3n de empresas, centros de investigaci\u00f3n y desarrollo, Universidades y Administraciones P\u00fablicas que fomenta el desarrollo social y econ\u00f3mico del territorio a trav\u00e9s de la colaboraci\u00f3n, la innovaci\u00f3n, la internacionalizaci\u00f3n, la formaci\u00f3n y la comunicaci\u00f3n en diversos \u00e1mbitos: construcci\u00f3n 4.0, patrimonio, industria manufacturera y equipamiento, rehabilitaci\u00f3n de edificios, econom\u00eda circular, ECCN y entornos amigables.<br \/>\nINFODEF ha participado o coordinado 75 proyectos europeos en el \u00e1mbito de la innovaci\u00f3n aplicada a la juventud, la educaci\u00f3n y la formaci\u00f3n, financiados por los programas de Aprendizaje Permanente, Erasmus+ u Horizonte 2020 de la Comisi\u00f3n Europea.[\/et_pb_tab][et_pb_tab title=&#8221;Nuestro papel en el proyecto&#8221; _builder_version=&#8221;4.21.0&#8243; _module_preset=&#8221;default&#8221; body_ul_font=&#8221;Poppins||||||||&#8221; global_colors_info=&#8221;{}&#8221;]<\/p>\n<p>INFODEF tiene gran experiencia en el desarrollo de programas, metodolog\u00edas y contenidos relacionados con el tema del proyecto.  <\/p>\n<p>APP&amp;TEACH, Mobile APPs for in-company VET trainers, es un proyecto de Asociaci\u00f3n Estrat\u00e9gica Eramus+ KA2 en EFP cuyo objetivo es facilitar la participaci\u00f3n de las PYME en el aprendizaje equipando a los formadores de EFP de las empresas con las habilidades necesarias y herramientas innovadoras basadas en las TIC para apoyar tanto la gesti\u00f3n como las actividades de formaci\u00f3n implicadas en los programas de aprendizaje.  <\/p>\n<p>ASSESS PLUS, un proyecto de Asociaciones Estrat\u00e9gicas Erasmus+ KA2.<br \/>\nEl objetivo de ASSESS PLUS es apoyar las auditor\u00edas de competencias en la educaci\u00f3n de adultos mediante herramientas y productos digitales innovadores para facilitar la identificaci\u00f3n y el an\u00e1lisis de las competencias, incluida la validaci\u00f3n de las competencias adquiridas a trav\u00e9s del aprendizaje informal y no formal, y facilitar el progreso de los adultos poco cualificados y desfavorecidos hacia la obtenci\u00f3n de cualificaciones superiores.<br \/>\ncon el objetivo de apoyar las auditor\u00edas de competencias en la educaci\u00f3n de adultos mediante herramientas digitales.    <\/p>\n<p>La experiencia y los conocimientos de INFODEF se aplicar\u00e1n al proyecto para compartir buenas pr\u00e1cticas y desarrollar m\u00e9todos y herramientas de vanguardia para apoyar a los grupos destinatarios del proyecto.<\/p>\n<p>[\/et_pb_tab][\/et_pb_tabs][\/et_pb_column][\/et_pb_row][\/et_pb_section]<\/p>\n","protected":false},"excerpt":{"rendered":"<p>INFODEF &#8211; Instituto para el Fomento del Desarrollo y la Formacion SL<div class=\"map_wrapper\" id=\"map_wrapper_280\">\n<div class=\"map_box\" style=\"max-width:2000px\">\n<div class=\"map_aspect_ratio\" style=\"padding-top:100%\" data-padding-top=\"100%\" data-padding-top-mobile=\"0%\">\n<div class=\"map_container\">\n<div class=\"map_render map_loading\" id=\"map_280\"><\/div>\n<\/div>\n<\/div>\n<\/div>\n<\/div>Tipo de organizaci\u00f3n: Instituto\/Centro de Investigaci\u00f3n Pa\u00eds: Espa\u00f1a Regi\u00f3n: Castilla y Le\u00f3n Ciudad: Valladolid P\u00e1gina web: www.infodef.esINFODEF, Instituto para la Promoci\u00f3n del Desarrollo y la Formaci\u00f3n, es un centro privado e independiente de Investigaci\u00f3n, Desarrollo e Innovaci\u00f3n cuya misi\u00f3n es dise\u00f1ar y llevar [&hellip;]<\/p>\n","protected":false},"author":2,"featured_media":0,"parent":2423,"menu_order":0,"comment_status":"closed","ping_status":"closed","template":"","meta":{"_et_pb_use_builder":"on","_et_pb_old_content":"","_et_gb_content_width":"","footnotes":""},"class_list":["post-2578","page","type-page","status-publish","hentry"],"yoast_head":"<!-- This site is optimized with the Yoast SEO plugin v21.8 - https:\/\/yoast.com\/wordpress\/plugins\/seo\/ -->\n<title>InfoDef - Echoes<\/title>\n<meta name=\"description\" content=\"INFODEF, Instituto para la Promoci\u00f3n del Desarrollo y la Formaci\u00f3n, es un centro privado e independiente de Investigaci\u00f3n, Desarrollo e Innovaci\u00f3n.\" \/>\n<meta name=\"robots\" content=\"index, follow, max-snippet:-1, max-image-preview:large, max-video-preview:-1\" \/>\n<link rel=\"canonical\" href=\"https:\/\/echoes-erasmusplus.eu\/es\/socios\/infodef\/\" \/>\n<meta property=\"og:locale\" content=\"es_ES\" \/>\n<meta property=\"og:type\" content=\"article\" \/>\n<meta property=\"og:title\" content=\"InfoDef - Echoes\" \/>\n<meta property=\"og:description\" content=\"INFODEF, Instituto para la Promoci\u00f3n del Desarrollo y la Formaci\u00f3n, es un centro privado e independiente de Investigaci\u00f3n, Desarrollo e Innovaci\u00f3n.\" \/>\n<meta property=\"og:url\" content=\"https:\/\/echoes-erasmusplus.eu\/es\/socios\/infodef\/\" \/>\n<meta property=\"og:site_name\" content=\"Echoes\" \/>\n<meta property=\"article:modified_time\" content=\"2024-09-13T14:42:44+00:00\" \/>\n<meta name=\"twitter:card\" content=\"summary_large_image\" \/>\n<meta name=\"twitter:label1\" content=\"Tiempo de lectura\" \/>\n\t<meta name=\"twitter:data1\" content=\"5 minutos\" \/>\n<script type=\"application\/ld+json\" class=\"yoast-schema-graph\">{\"@context\":\"https:\/\/schema.org\",\"@graph\":[{\"@type\":\"WebPage\",\"@id\":\"https:\/\/echoes-erasmusplus.eu\/es\/socios\/infodef\/\",\"url\":\"https:\/\/echoes-erasmusplus.eu\/es\/socios\/infodef\/\",\"name\":\"InfoDef - Echoes\",\"isPartOf\":{\"@id\":\"https:\/\/echoes-erasmusplus.eu\/es\/#website\"},\"datePublished\":\"2023-10-16T10:01:42+00:00\",\"dateModified\":\"2024-09-13T14:42:44+00:00\",\"description\":\"INFODEF, Instituto para la Promoci\u00f3n del Desarrollo y la Formaci\u00f3n, es un centro privado e independiente de Investigaci\u00f3n, Desarrollo e Innovaci\u00f3n.\",\"breadcrumb\":{\"@id\":\"https:\/\/echoes-erasmusplus.eu\/es\/socios\/infodef\/#breadcrumb\"},\"inLanguage\":\"es\",\"potentialAction\":[{\"@type\":\"ReadAction\",\"target\":[\"https:\/\/echoes-erasmusplus.eu\/es\/socios\/infodef\/\"]}]},{\"@type\":\"BreadcrumbList\",\"@id\":\"https:\/\/echoes-erasmusplus.eu\/es\/socios\/infodef\/#breadcrumb\",\"itemListElement\":[{\"@type\":\"ListItem\",\"position\":1,\"name\":\"Home\",\"item\":\"https:\/\/echoes-erasmusplus.eu\/es\/\"},{\"@type\":\"ListItem\",\"position\":2,\"name\":\"Socios\",\"item\":\"https:\/\/echoes-erasmusplus.eu\/es\/socios\/\"},{\"@type\":\"ListItem\",\"position\":3,\"name\":\"InfoDef\"}]},{\"@type\":\"WebSite\",\"@id\":\"https:\/\/echoes-erasmusplus.eu\/es\/#website\",\"url\":\"https:\/\/echoes-erasmusplus.eu\/es\/\",\"name\":\"ECHOES\",\"description\":\"Extended Classrooms for Higher Opportunities Enhancing Skills\",\"publisher\":{\"@id\":\"https:\/\/echoes-erasmusplus.eu\/es\/#organization\"},\"potentialAction\":[{\"@type\":\"SearchAction\",\"target\":{\"@type\":\"EntryPoint\",\"urlTemplate\":\"https:\/\/echoes-erasmusplus.eu\/es\/?s={search_term_string}\"},\"query-input\":\"required name=search_term_string\"}],\"inLanguage\":\"es\"},{\"@type\":\"Organization\",\"@id\":\"https:\/\/echoes-erasmusplus.eu\/es\/#organization\",\"name\":\"ECHOES Extended Classrooms for Higher Opportunities Enhancing Skills\",\"url\":\"https:\/\/echoes-erasmusplus.eu\/es\/\",\"logo\":{\"@type\":\"ImageObject\",\"inLanguage\":\"es\",\"@id\":\"https:\/\/echoes-erasmusplus.eu\/es\/#\/schema\/logo\/image\/\",\"url\":\"https:\/\/echoes-erasmusplus.eu\/wp-content\/uploads\/2023\/06\/logo-echoes.png\",\"contentUrl\":\"https:\/\/echoes-erasmusplus.eu\/wp-content\/uploads\/2023\/06\/logo-echoes.png\",\"width\":499,\"height\":160,\"caption\":\"ECHOES Extended Classrooms for Higher Opportunities Enhancing Skills\"},\"image\":{\"@id\":\"https:\/\/echoes-erasmusplus.eu\/es\/#\/schema\/logo\/image\/\"}}]}<\/script>\n<!-- \/ Yoast SEO plugin. -->","yoast_head_json":{"title":"InfoDef - Echoes","description":"INFODEF, Instituto para la Promoci\u00f3n del Desarrollo y la Formaci\u00f3n, es un centro privado e independiente de Investigaci\u00f3n, Desarrollo e Innovaci\u00f3n.","robots":{"index":"index","follow":"follow","max-snippet":"max-snippet:-1","max-image-preview":"max-image-preview:large","max-video-preview":"max-video-preview:-1"},"canonical":"https:\/\/echoes-erasmusplus.eu\/es\/socios\/infodef\/","og_locale":"es_ES","og_type":"article","og_title":"InfoDef - Echoes","og_description":"INFODEF, Instituto para la Promoci\u00f3n del Desarrollo y la Formaci\u00f3n, es un centro privado e independiente de Investigaci\u00f3n, Desarrollo e Innovaci\u00f3n.","og_url":"https:\/\/echoes-erasmusplus.eu\/es\/socios\/infodef\/","og_site_name":"Echoes","article_modified_time":"2024-09-13T14:42:44+00:00","twitter_card":"summary_large_image","twitter_misc":{"Tiempo de lectura":"5 minutos"},"schema":{"@context":"https:\/\/schema.org","@graph":[{"@type":"WebPage","@id":"https:\/\/echoes-erasmusplus.eu\/es\/socios\/infodef\/","url":"https:\/\/echoes-erasmusplus.eu\/es\/socios\/infodef\/","name":"InfoDef - Echoes","isPartOf":{"@id":"https:\/\/echoes-erasmusplus.eu\/es\/#website"},"datePublished":"2023-10-16T10:01:42+00:00","dateModified":"2024-09-13T14:42:44+00:00","description":"INFODEF, Instituto para la Promoci\u00f3n del Desarrollo y la Formaci\u00f3n, es un centro privado e independiente de Investigaci\u00f3n, Desarrollo e Innovaci\u00f3n.","breadcrumb":{"@id":"https:\/\/echoes-erasmusplus.eu\/es\/socios\/infodef\/#breadcrumb"},"inLanguage":"es","potentialAction":[{"@type":"ReadAction","target":["https:\/\/echoes-erasmusplus.eu\/es\/socios\/infodef\/"]}]},{"@type":"BreadcrumbList","@id":"https:\/\/echoes-erasmusplus.eu\/es\/socios\/infodef\/#breadcrumb","itemListElement":[{"@type":"ListItem","position":1,"name":"Home","item":"https:\/\/echoes-erasmusplus.eu\/es\/"},{"@type":"ListItem","position":2,"name":"Socios","item":"https:\/\/echoes-erasmusplus.eu\/es\/socios\/"},{"@type":"ListItem","position":3,"name":"InfoDef"}]},{"@type":"WebSite","@id":"https:\/\/echoes-erasmusplus.eu\/es\/#website","url":"https:\/\/echoes-erasmusplus.eu\/es\/","name":"ECHOES","description":"Extended Classrooms for Higher Opportunities Enhancing Skills","publisher":{"@id":"https:\/\/echoes-erasmusplus.eu\/es\/#organization"},"potentialAction":[{"@type":"SearchAction","target":{"@type":"EntryPoint","urlTemplate":"https:\/\/echoes-erasmusplus.eu\/es\/?s={search_term_string}"},"query-input":"required name=search_term_string"}],"inLanguage":"es"},{"@type":"Organization","@id":"https:\/\/echoes-erasmusplus.eu\/es\/#organization","name":"ECHOES Extended Classrooms for Higher Opportunities Enhancing Skills","url":"https:\/\/echoes-erasmusplus.eu\/es\/","logo":{"@type":"ImageObject","inLanguage":"es","@id":"https:\/\/echoes-erasmusplus.eu\/es\/#\/schema\/logo\/image\/","url":"https:\/\/echoes-erasmusplus.eu\/wp-content\/uploads\/2023\/06\/logo-echoes.png","contentUrl":"https:\/\/echoes-erasmusplus.eu\/wp-content\/uploads\/2023\/06\/logo-echoes.png","width":499,"height":160,"caption":"ECHOES Extended Classrooms for Higher Opportunities Enhancing Skills"},"image":{"@id":"https:\/\/echoes-erasmusplus.eu\/es\/#\/schema\/logo\/image\/"}}]}},"_links":{"self":[{"href":"https:\/\/echoes-erasmusplus.eu\/es\/wp-json\/wp\/v2\/pages\/2578","targetHints":{"allow":["GET"]}}],"collection":[{"href":"https:\/\/echoes-erasmusplus.eu\/es\/wp-json\/wp\/v2\/pages"}],"about":[{"href":"https:\/\/echoes-erasmusplus.eu\/es\/wp-json\/wp\/v2\/types\/page"}],"author":[{"embeddable":true,"href":"https:\/\/echoes-erasmusplus.eu\/es\/wp-json\/wp\/v2\/users\/2"}],"replies":[{"embeddable":true,"href":"https:\/\/echoes-erasmusplus.eu\/es\/wp-json\/wp\/v2\/comments?post=2578"}],"version-history":[{"count":6,"href":"https:\/\/echoes-erasmusplus.eu\/es\/wp-json\/wp\/v2\/pages\/2578\/revisions"}],"predecessor-version":[{"id":2639,"href":"https:\/\/echoes-erasmusplus.eu\/es\/wp-json\/wp\/v2\/pages\/2578\/revisions\/2639"}],"up":[{"embeddable":true,"href":"https:\/\/echoes-erasmusplus.eu\/es\/wp-json\/wp\/v2\/pages\/2423"}],"wp:attachment":[{"href":"https:\/\/echoes-erasmusplus.eu\/es\/wp-json\/wp\/v2\/media?parent=2578"}],"curies":[{"name":"wp","href":"https:\/\/api.w.org\/{rel}","templated":true}]}}