{"id":2601,"date":"2023-10-16T10:01:24","date_gmt":"2023-10-16T10:01:24","guid":{"rendered":"https:\/\/echoes-erasmusplus.eu\/socios\/assforseo\/"},"modified":"2024-09-13T14:42:43","modified_gmt":"2024-09-13T14:42:43","slug":"assforseo","status":"publish","type":"page","link":"https:\/\/echoes-erasmusplus.eu\/es\/socios\/assforseo\/","title":{"rendered":"Assforseo"},"content":{"rendered":"<p>[et_pb_section fb_built=&#8221;1&#8243; _builder_version=&#8221;4.21.0&#8243; _module_preset=&#8221;default&#8221; custom_margin=&#8221;||4px|||&#8221; custom_padding=&#8221;48px||5px|||&#8221; global_colors_info=&#8221;{}&#8221;][et_pb_row _builder_version=&#8221;4.21.0&#8243; _module_preset=&#8221;default&#8221; custom_padding=&#8221;3px|||||&#8221; global_colors_info=&#8221;{}&#8221;][et_pb_column type=&#8221;4_4&#8243; _builder_version=&#8221;4.21.0&#8243; _module_preset=&#8221;default&#8221; global_colors_info=&#8221;{}&#8221;][et_pb_image src=&#8221;https:\/\/echoes-erasmusplus.eu\/wp-content\/uploads\/2023\/06\/logo-afs.png&#8221; title_text=&#8221;logo-afs&#8221; align=&#8221;center&#8221; _builder_version=&#8221;4.21.0&#8243; _module_preset=&#8221;default&#8221; width=&#8221;50%&#8221; custom_margin=&#8221;-27px||3px|||&#8221; custom_padding=&#8221;||0px|||&#8221; global_colors_info=&#8221;{}&#8221;][\/et_pb_image][et_pb_text _builder_version=&#8221;4.21.0&#8243; _module_preset=&#8221;default&#8221; text_font=&#8221;Poppins||||||||&#8221; custom_margin=&#8221;39px|||||&#8221; global_colors_info=&#8221;{}&#8221;]<\/p>\n<h1 style=\"font-weight: 600; text-align: center; font-size: 40px;\">ASS.FOR.SEO.<br \/>\nSociet\u00e0 Consortile a r.l. <\/h1>\n<p>[\/et_pb_text][\/et_pb_column][\/et_pb_row][et_pb_row column_structure=&#8221;1_2,1_2&#8243; _builder_version=&#8221;4.21.0&#8243; _module_preset=&#8221;default&#8221; global_colors_info=&#8221;{}&#8221;][et_pb_column type=&#8221;1_2&#8243; _builder_version=&#8221;4.21.0&#8243; _module_preset=&#8221;default&#8221; global_colors_info=&#8221;{}&#8221;][et_pb_text _builder_version=&#8221;4.21.0&#8243; _module_preset=&#8221;default&#8221; global_colors_info=&#8221;{}&#8221;]<div class=\"map_wrapper\" id=\"map_wrapper_275\">\n<div class=\"map_box\" style=\"max-width:2000px\">\n<div class=\"map_aspect_ratio\" style=\"padding-top:100%\" data-padding-top=\"100%\" data-padding-top-mobile=\"0%\">\n<div class=\"map_container\">\n<div class=\"map_render map_loading\" id=\"map_275\"><\/div>\n<\/div>\n<\/div>\n<\/div>\n<\/div>[\/et_pb_text][\/et_pb_column][et_pb_column type=&#8221;1_2&#8243; _builder_version=&#8221;4.21.0&#8243; _module_preset=&#8221;default&#8221; global_colors_info=&#8221;{}&#8221;][et_pb_text _builder_version=&#8221;4.21.0&#8243; _module_preset=&#8221;default&#8221; global_colors_info=&#8221;{}&#8221;]<strong>Tipo de organizaci\u00f3n<\/strong>: Escuela\/Instituto\/Centro educativo &#8211; Formaci\u00f3n profesional (nivel terciario) <strong>Pa\u00eds<\/strong>: Italia <strong>Regi\u00f3n<\/strong>: Lazio <strong>Ciudad<\/strong>: Roma <strong>P\u00e1gina web<\/strong>: <a href=\"https:\/\/www.assforseo.it\/\" target=\"_blank\" rel=\"noopener\">www.assforseo.it<\/a>[\/et_pb_text][\/et_pb_column][\/et_pb_row][et_pb_row _builder_version=&#8221;4.21.0&#8243; _module_preset=&#8221;default&#8221; custom_padding=&#8221;34px|||||&#8221; global_colors_info=&#8221;{}&#8221;][et_pb_column type=&#8221;4_4&#8243; _builder_version=&#8221;4.21.0&#8243; _module_preset=&#8221;default&#8221; global_colors_info=&#8221;{}&#8221;][et_pb_tabs active_tab_background_color=&#8221;#f8b729&#8243; inactive_tab_background_color=&#8221;#52aa3c&#8221; active_tab_text_color=&#8221;#1a448c&#8221; _builder_version=&#8221;4.21.0&#8243; _module_preset=&#8221;default&#8221; tab_text_color=&#8221;#1a448c&#8221; body_font=&#8221;Poppins||||||||&#8221; tab_font=&#8221;Poppins||||||||&#8221; tab_font_size=&#8221;18px&#8221; tab_line_height=&#8221;2em&#8221; background_color=&#8221;RGBA(255,255,255,0)&#8221; module_alignment=&#8221;center&#8221; custom_padding=&#8221;|10px|24px|10px|false|false&#8221; border_style_all=&#8221;none&#8221; global_colors_info=&#8221;{}&#8221;][et_pb_tab title=&#8221;Qui\u00e9nes somos&#8221; _builder_version=&#8221;4.21.0&#8243; _module_preset=&#8221;default&#8221; global_colors_info=&#8221;{}&#8221;]<\/p>\n<p>Ass.For.SEO es una empresa consorciada sin \u00e1nimo de lucro creada en 1986 para prestar servicios en el \u00e1mbito de la formaci\u00f3n profesional.<\/p>\n<p>La empresa cumple la Ley n\u00ba 40\/1987, por lo que est\u00e1 reconocida por el Ministerio de Trabajo como &#8220;Agencia de formaci\u00f3n de relevancia nacional&#8221;.<br \/>\nAss.For.SEO tiene su sede en Roma (Regi\u00f3n del Lacio) y una oficina secundaria en Palermo (Regi\u00f3n de Sicilia).<br \/>\nLa empresa est\u00e1 acreditada por la Regi\u00f3n del Lacio y la Regi\u00f3n de Sicilia para prestar &#8220;Servicios de formaci\u00f3n y orientaci\u00f3n profesional&#8221; y &#8220;Servicios del mercado laboral&#8221;, por lo que puede solicitar fondos europeos (principalmente del Fondo Social Europeo) y nacionales que apoyen las pol\u00edticas de formaci\u00f3n y del mercado laboral, y puede expedir cualificaciones\/certificados de formaci\u00f3n profesional de acuerdo con el Directorio de cualificaciones profesionales (Decreto n\u00ba 13\/2013).  <\/p>\n<p>Ass.For.SEO dise\u00f1a y ejecuta proyectos principalmente en el \u00e1mbito de la formaci\u00f3n profesional, pero tambi\u00e9n en el de la formaci\u00f3n continua, la educaci\u00f3n de adultos y varios otros campos (por ejemplo, inclusi\u00f3n social, fomento del esp\u00edritu empresarial, desarrollo local, cooperaci\u00f3n internacional, servicios de consultor\u00eda para empresas privadas y organismos p\u00fablicos, etc.).<br \/>\nAdem\u00e1s de su personal interno (unos 14 empleados), Ass.For.SEO cuenta con una amplia red de consultores externos (por ejemplo, dise\u00f1adores de proyectos, formadores, tutores, asesores, mentores, etc.) que pueden cubrir varias \u00e1reas de intervenci\u00f3n, por lo que pueden activar f\u00e1cilmente &#8220;equipos de proyecto&#8221; especializados para implicarse en los proyectos aprobados de vez en cuando. <\/p>\n<p>Desde 2002 Ass.For.SEO ha obtenido una certificaci\u00f3n de Calidad UNI EN ISO 9001:2008 para las siguientes \u00e1reas &#8220;Dise\u00f1o y prestaci\u00f3n de servicios de orientaci\u00f3n, formaci\u00f3n y promoci\u00f3n del esp\u00edritu empresarial&#8221;.<br \/>\nDe hecho, Ass.For.SEO considera que el seguimiento y la evaluaci\u00f3n son procesos clave para garantizar que los proyectos se ejecutan de forma eficiente y eficaz y alcanzan los resultados previstos en la fase de dise\u00f1o.<br \/>\nLos &#8220;Neets&#8221; (j\u00f3venes de entre 16 y 29 a\u00f1os que no est\u00e1n estudiando, trabajando ni recibiendo formaci\u00f3n) representan el principal grupo objetivo de la empresa.<br \/>\nDe forma m\u00e1s general, la oferta de Ass.For.SEO se dirige a los desempleados que tienen problemas para entrar o volver a entrar en el mercado laboral y necesitan recualificarse o actualizarse para reforzar su empleabilidad.<br \/>\nLa oferta de la empresa se dirige tambi\u00e9n a las personas empleadas (formaci\u00f3n continua) y a la poblaci\u00f3n adulta en general (educaci\u00f3n de adultos, formaci\u00f3n permanente).<br \/>\nAdem\u00e1s, a lo largo de los a\u00f1os Ass.For.SEO ha ido prestando cada vez m\u00e1s atenci\u00f3n a las categor\u00edas vulnerables (por ejemplo, inmigrantes, mujeres, antiguos detenidos, beneficiarios de prestaciones por desempleo, etc.) que se enfrentan a m\u00e1s dificultades para entrar\/reincorporarse al mercado laboral y a problemas m\u00e1s amplios de inclusi\u00f3n social.     <\/p>\n<p>Ass.For.SEO, desde principios de los noventa, ha participado en varios proyectos internacionales financiados por programas e iniciativas de la UE (por ejemplo, Now, Urban, Integra, Art. 6 FSE, Leonardo da Vinci, S\u00f3crates, etc.).<br \/>\nAdem\u00e1s, la empresa ha llevado a cabo actividades internacionales tambi\u00e9n en el marco de la pol\u00edtica de cohesi\u00f3n de la UE (por ejemplo, Equal, Interreg, NOP FSE 2000-2006, ROP FSE Regi\u00f3n del Lacio, etc.) o financiadas por programas nacionales (por ejemplo, el programa de formaci\u00f3n del Ministerio de Trabajo para ciudadanos italianos residentes en pa\u00edses no pertenecientes a la UE).<br \/>\nActualmente gestiona como socio principal dos proyectos Interreg &#8211; &#8220;MedDecouplage&#8221; (OP Interreg Italia-T\u00fanez 2014-2020, 2020 &#8211; 2019\/en curso); &#8220;MOVE ON: movilidad transfronteriza mediante un sistema de vales&#8221; (OP Interreg Italia-Malta 2014-2020, 2020\/en curso)- y es socio de proyecto del recientemente cerrado &#8220;Embrace&#8221; (OP Interreg MED 2014-2020, 2018 &#8211; 2021).  <\/p>\n<p>[\/et_pb_tab][et_pb_tab title=&#8221;Nuestro papel en el proyecto&#8221; _builder_version=&#8221;4.21.0&#8243; _module_preset=&#8221;default&#8221; body_ul_font=&#8221;Poppins||||||||&#8221; global_colors_info=&#8221;{}&#8221;]La oferta formativa de Ass.For.SEO se basa siempre en un profundo an\u00e1lisis de las necesidades de formaci\u00f3n y en otros tipos de investigaciones que se centran tanto en las carencias de competencias en el mercado laboral como en las necesidades de desarrollo del sector\/territorio de referencia del proyecto espec\u00edfico a dise\u00f1ar.<br \/>\nAdem\u00e1s, para garantizar la m\u00e1xima transparencia de los conocimientos y competencias adquiridos por sus alumnos, los cursos de formaci\u00f3n propuestos por la empresa suelen ser conformes al &#8220;Repertorio de cualificaciones profesionales&#8221; oficial de la Regi\u00f3n en la que se imparten los cursos.<br \/>\nLos cursos de formaci\u00f3n propuestos por Ass.For.SEO se centran principalmente en la transmisi\u00f3n de competencias t\u00e9cnicas profesionalizadoras, pero dan gran relevancia tambi\u00e9n a las &#8220;competencias transversales&#8221; que hoy en d\u00eda son casi imprescindibles para insertarse y operar eficazmente en el mercado laboral (por ejemplo, competencias digitales, competencias ling\u00fc\u00edsticas, competencias comunicativas y de comportamiento, etc.).<br \/>\nEn concreto, Ass.For.SEO presta gran atenci\u00f3n al desarrollo de las competencias digitales, tema casi siempre presente en su oferta formativa aunque de formas diversificadas (por ejemplo, cursos especializados para profesiones del sector de las TIC, m\u00f3dulo de formaci\u00f3n transversal, amplio uso de las TIC en laboratorios pr\u00e1cticos, etc.).<br \/>\nA este respecto, cabe mencionar que Ass.For.SEO est\u00e1 aplicando actualmente un plan de &#8220;trabajo inteligente&#8221; (&#8220;Smart Ass.For.SEO&#8221;) destinado a aumentar las competencias digitales de sus propios empleados, no s\u00f3lo para hacer frente a la emergencia debida a la pandemia del Covid-19, sino tambi\u00e9n para adaptarse mejor a los continuos cambios que la &#8220;transici\u00f3n digital&#8221; est\u00e1 introduciendo en el \u00e1mbito de la educaci\u00f3n, la formaci\u00f3n y los servicios de consultor\u00eda.<br \/>\nEsta atenci\u00f3n a las competencias digitales ser\u00e1 fundamental para implementar eficazmente el proyecto y sus resultados, adem\u00e1s de al sector de la formaci\u00f3n, se extender\u00e1n (con las adaptaciones necesarias) tambi\u00e9n a otras \u00e1reas de actividad de Ass.For.SEO (por ejemplo, orientaci\u00f3n, asesoramiento para la inserci\u00f3n laboral, fomento del esp\u00edritu emprendedor, servicios de consultor\u00eda para empresas privadas y organismos p\u00fablicos). [\/et_pb_tab][\/et_pb_tabs][\/et_pb_column][\/et_pb_row][\/et_pb_section]<\/p>\n","protected":false},"excerpt":{"rendered":"<p>ASS.FOR.SEO. Societ\u00e0 Consortile a r.l. <div class=\"map_wrapper\" id=\"map_wrapper_275\">\n<div class=\"map_box\" style=\"max-width:2000px\">\n<div class=\"map_aspect_ratio\" style=\"padding-top:100%\" data-padding-top=\"100%\" data-padding-top-mobile=\"0%\">\n<div class=\"map_container\">\n<div class=\"map_render map_loading\" id=\"map_275\"><\/div>\n<\/div>\n<\/div>\n<\/div>\n<\/div>Tipo de organizaci\u00f3n: Escuela\/Instituto\/Centro educativo &#8211; Formaci\u00f3n profesional (nivel terciario) Pa\u00eds: Italia Regi\u00f3n: Lazio Ciudad: Roma P\u00e1gina web: www.assforseo.itAss.For.SEO es una empresa consorciada sin \u00e1nimo de lucro creada en 1986 para prestar servicios en el \u00e1mbito de la formaci\u00f3n profesional. La empresa cumple la Ley n\u00ba 40\/1987, por lo [&hellip;]<\/p>\n","protected":false},"author":2,"featured_media":0,"parent":2423,"menu_order":0,"comment_status":"closed","ping_status":"closed","template":"","meta":{"_et_pb_use_builder":"on","_et_pb_old_content":"","_et_gb_content_width":"","footnotes":""},"class_list":["post-2601","page","type-page","status-publish","hentry"],"yoast_head":"<!-- This site is optimized with the Yoast SEO plugin v21.8 - https:\/\/yoast.com\/wordpress\/plugins\/seo\/ -->\n<title>Assforseo - Echoes<\/title>\n<meta name=\"description\" content=\"Ass.For.SEO es una empresa consorciada sin \u00e1nimo de lucro creada en 1986 para prestar servicios en el \u00e1mbito de la formaci\u00f3n profesional.\" \/>\n<meta name=\"robots\" content=\"index, follow, max-snippet:-1, max-image-preview:large, max-video-preview:-1\" \/>\n<link rel=\"canonical\" href=\"https:\/\/echoes-erasmusplus.eu\/es\/socios\/assforseo\/\" \/>\n<meta property=\"og:locale\" content=\"es_ES\" \/>\n<meta property=\"og:type\" content=\"article\" \/>\n<meta property=\"og:title\" content=\"Assforseo - Echoes\" \/>\n<meta property=\"og:description\" content=\"Ass.For.SEO es una empresa consorciada sin \u00e1nimo de lucro creada en 1986 para prestar servicios en el \u00e1mbito de la formaci\u00f3n profesional.\" \/>\n<meta property=\"og:url\" content=\"https:\/\/echoes-erasmusplus.eu\/es\/socios\/assforseo\/\" \/>\n<meta property=\"og:site_name\" content=\"Echoes\" \/>\n<meta property=\"article:modified_time\" content=\"2024-09-13T14:42:43+00:00\" \/>\n<meta name=\"twitter:card\" content=\"summary_large_image\" \/>\n<meta name=\"twitter:label1\" content=\"Tiempo de lectura\" \/>\n\t<meta name=\"twitter:data1\" content=\"7 minutos\" \/>\n<script type=\"application\/ld+json\" class=\"yoast-schema-graph\">{\"@context\":\"https:\/\/schema.org\",\"@graph\":[{\"@type\":\"WebPage\",\"@id\":\"https:\/\/echoes-erasmusplus.eu\/es\/socios\/assforseo\/\",\"url\":\"https:\/\/echoes-erasmusplus.eu\/es\/socios\/assforseo\/\",\"name\":\"Assforseo - Echoes\",\"isPartOf\":{\"@id\":\"https:\/\/echoes-erasmusplus.eu\/es\/#website\"},\"datePublished\":\"2023-10-16T10:01:24+00:00\",\"dateModified\":\"2024-09-13T14:42:43+00:00\",\"description\":\"Ass.For.SEO es una empresa consorciada sin \u00e1nimo de lucro creada en 1986 para prestar servicios en el \u00e1mbito de la formaci\u00f3n profesional.\",\"breadcrumb\":{\"@id\":\"https:\/\/echoes-erasmusplus.eu\/es\/socios\/assforseo\/#breadcrumb\"},\"inLanguage\":\"es\",\"potentialAction\":[{\"@type\":\"ReadAction\",\"target\":[\"https:\/\/echoes-erasmusplus.eu\/es\/socios\/assforseo\/\"]}]},{\"@type\":\"BreadcrumbList\",\"@id\":\"https:\/\/echoes-erasmusplus.eu\/es\/socios\/assforseo\/#breadcrumb\",\"itemListElement\":[{\"@type\":\"ListItem\",\"position\":1,\"name\":\"Home\",\"item\":\"https:\/\/echoes-erasmusplus.eu\/es\/\"},{\"@type\":\"ListItem\",\"position\":2,\"name\":\"Socios\",\"item\":\"https:\/\/echoes-erasmusplus.eu\/es\/socios\/\"},{\"@type\":\"ListItem\",\"position\":3,\"name\":\"Assforseo\"}]},{\"@type\":\"WebSite\",\"@id\":\"https:\/\/echoes-erasmusplus.eu\/es\/#website\",\"url\":\"https:\/\/echoes-erasmusplus.eu\/es\/\",\"name\":\"ECHOES\",\"description\":\"Extended Classrooms for Higher Opportunities Enhancing Skills\",\"publisher\":{\"@id\":\"https:\/\/echoes-erasmusplus.eu\/es\/#organization\"},\"potentialAction\":[{\"@type\":\"SearchAction\",\"target\":{\"@type\":\"EntryPoint\",\"urlTemplate\":\"https:\/\/echoes-erasmusplus.eu\/es\/?s={search_term_string}\"},\"query-input\":\"required name=search_term_string\"}],\"inLanguage\":\"es\"},{\"@type\":\"Organization\",\"@id\":\"https:\/\/echoes-erasmusplus.eu\/es\/#organization\",\"name\":\"ECHOES Extended Classrooms for Higher Opportunities Enhancing Skills\",\"url\":\"https:\/\/echoes-erasmusplus.eu\/es\/\",\"logo\":{\"@type\":\"ImageObject\",\"inLanguage\":\"es\",\"@id\":\"https:\/\/echoes-erasmusplus.eu\/es\/#\/schema\/logo\/image\/\",\"url\":\"https:\/\/echoes-erasmusplus.eu\/wp-content\/uploads\/2023\/06\/logo-echoes.png\",\"contentUrl\":\"https:\/\/echoes-erasmusplus.eu\/wp-content\/uploads\/2023\/06\/logo-echoes.png\",\"width\":499,\"height\":160,\"caption\":\"ECHOES Extended Classrooms for Higher Opportunities Enhancing Skills\"},\"image\":{\"@id\":\"https:\/\/echoes-erasmusplus.eu\/es\/#\/schema\/logo\/image\/\"}}]}<\/script>\n<!-- \/ Yoast SEO plugin. -->","yoast_head_json":{"title":"Assforseo - Echoes","description":"Ass.For.SEO es una empresa consorciada sin \u00e1nimo de lucro creada en 1986 para prestar servicios en el \u00e1mbito de la formaci\u00f3n profesional.","robots":{"index":"index","follow":"follow","max-snippet":"max-snippet:-1","max-image-preview":"max-image-preview:large","max-video-preview":"max-video-preview:-1"},"canonical":"https:\/\/echoes-erasmusplus.eu\/es\/socios\/assforseo\/","og_locale":"es_ES","og_type":"article","og_title":"Assforseo - Echoes","og_description":"Ass.For.SEO es una empresa consorciada sin \u00e1nimo de lucro creada en 1986 para prestar servicios en el \u00e1mbito de la formaci\u00f3n profesional.","og_url":"https:\/\/echoes-erasmusplus.eu\/es\/socios\/assforseo\/","og_site_name":"Echoes","article_modified_time":"2024-09-13T14:42:43+00:00","twitter_card":"summary_large_image","twitter_misc":{"Tiempo de lectura":"7 minutos"},"schema":{"@context":"https:\/\/schema.org","@graph":[{"@type":"WebPage","@id":"https:\/\/echoes-erasmusplus.eu\/es\/socios\/assforseo\/","url":"https:\/\/echoes-erasmusplus.eu\/es\/socios\/assforseo\/","name":"Assforseo - Echoes","isPartOf":{"@id":"https:\/\/echoes-erasmusplus.eu\/es\/#website"},"datePublished":"2023-10-16T10:01:24+00:00","dateModified":"2024-09-13T14:42:43+00:00","description":"Ass.For.SEO es una empresa consorciada sin \u00e1nimo de lucro creada en 1986 para prestar servicios en el \u00e1mbito de la formaci\u00f3n profesional.","breadcrumb":{"@id":"https:\/\/echoes-erasmusplus.eu\/es\/socios\/assforseo\/#breadcrumb"},"inLanguage":"es","potentialAction":[{"@type":"ReadAction","target":["https:\/\/echoes-erasmusplus.eu\/es\/socios\/assforseo\/"]}]},{"@type":"BreadcrumbList","@id":"https:\/\/echoes-erasmusplus.eu\/es\/socios\/assforseo\/#breadcrumb","itemListElement":[{"@type":"ListItem","position":1,"name":"Home","item":"https:\/\/echoes-erasmusplus.eu\/es\/"},{"@type":"ListItem","position":2,"name":"Socios","item":"https:\/\/echoes-erasmusplus.eu\/es\/socios\/"},{"@type":"ListItem","position":3,"name":"Assforseo"}]},{"@type":"WebSite","@id":"https:\/\/echoes-erasmusplus.eu\/es\/#website","url":"https:\/\/echoes-erasmusplus.eu\/es\/","name":"ECHOES","description":"Extended Classrooms for Higher Opportunities Enhancing Skills","publisher":{"@id":"https:\/\/echoes-erasmusplus.eu\/es\/#organization"},"potentialAction":[{"@type":"SearchAction","target":{"@type":"EntryPoint","urlTemplate":"https:\/\/echoes-erasmusplus.eu\/es\/?s={search_term_string}"},"query-input":"required name=search_term_string"}],"inLanguage":"es"},{"@type":"Organization","@id":"https:\/\/echoes-erasmusplus.eu\/es\/#organization","name":"ECHOES Extended Classrooms for Higher Opportunities Enhancing Skills","url":"https:\/\/echoes-erasmusplus.eu\/es\/","logo":{"@type":"ImageObject","inLanguage":"es","@id":"https:\/\/echoes-erasmusplus.eu\/es\/#\/schema\/logo\/image\/","url":"https:\/\/echoes-erasmusplus.eu\/wp-content\/uploads\/2023\/06\/logo-echoes.png","contentUrl":"https:\/\/echoes-erasmusplus.eu\/wp-content\/uploads\/2023\/06\/logo-echoes.png","width":499,"height":160,"caption":"ECHOES Extended Classrooms for Higher Opportunities Enhancing Skills"},"image":{"@id":"https:\/\/echoes-erasmusplus.eu\/es\/#\/schema\/logo\/image\/"}}]}},"_links":{"self":[{"href":"https:\/\/echoes-erasmusplus.eu\/es\/wp-json\/wp\/v2\/pages\/2601","targetHints":{"allow":["GET"]}}],"collection":[{"href":"https:\/\/echoes-erasmusplus.eu\/es\/wp-json\/wp\/v2\/pages"}],"about":[{"href":"https:\/\/echoes-erasmusplus.eu\/es\/wp-json\/wp\/v2\/types\/page"}],"author":[{"embeddable":true,"href":"https:\/\/echoes-erasmusplus.eu\/es\/wp-json\/wp\/v2\/users\/2"}],"replies":[{"embeddable":true,"href":"https:\/\/echoes-erasmusplus.eu\/es\/wp-json\/wp\/v2\/comments?post=2601"}],"version-history":[{"count":1,"href":"https:\/\/echoes-erasmusplus.eu\/es\/wp-json\/wp\/v2\/pages\/2601\/revisions"}],"predecessor-version":[{"id":2609,"href":"https:\/\/echoes-erasmusplus.eu\/es\/wp-json\/wp\/v2\/pages\/2601\/revisions\/2609"}],"up":[{"embeddable":true,"href":"https:\/\/echoes-erasmusplus.eu\/es\/wp-json\/wp\/v2\/pages\/2423"}],"wp:attachment":[{"href":"https:\/\/echoes-erasmusplus.eu\/es\/wp-json\/wp\/v2\/media?parent=2601"}],"curies":[{"name":"wp","href":"https:\/\/api.w.org\/{rel}","templated":true}]}}