{"id":2624,"date":"2023-10-16T10:01:51","date_gmt":"2023-10-16T10:01:51","guid":{"rendered":"https:\/\/echoes-erasmusplus.eu\/socios\/parque-primorski-tehnoloski\/"},"modified":"2024-09-13T14:42:44","modified_gmt":"2024-09-13T14:42:44","slug":"parque-primorski-tehnoloski","status":"publish","type":"page","link":"https:\/\/echoes-erasmusplus.eu\/es\/socios\/parque-primorski-tehnoloski\/","title":{"rendered":"Parque Primorski Tehnoloski"},"content":{"rendered":"<p>[et_pb_section fb_built=&#8221;1&#8243; _builder_version=&#8221;4.21.0&#8243; _module_preset=&#8221;default&#8221; custom_margin=&#8221;||4px|||&#8221; custom_padding=&#8221;48px||5px|||&#8221; global_colors_info=&#8221;{}&#8221;][et_pb_row _builder_version=&#8221;4.21.0&#8243; _module_preset=&#8221;default&#8221; custom_padding=&#8221;3px|||||&#8221; global_colors_info=&#8221;{}&#8221;][et_pb_column type=&#8221;4_4&#8243; _builder_version=&#8221;4.21.0&#8243; _module_preset=&#8221;default&#8221; global_colors_info=&#8221;{}&#8221;][et_pb_image src=&#8221;https:\/\/echoes-erasmusplus.eu\/wp-content\/uploads\/2023\/06\/primorski.png&#8221; title_text=&#8221;primorski&#8221; align=&#8221;center&#8221; _builder_version=&#8221;4.21.0&#8243; _module_preset=&#8221;default&#8221; width=&#8221;50%&#8221; custom_margin=&#8221;-27px||3px|||&#8221; custom_padding=&#8221;||0px|||&#8221; global_colors_info=&#8221;{}&#8221;][\/et_pb_image][et_pb_text _builder_version=&#8221;4.21.0&#8243; _module_preset=&#8221;default&#8221; text_font=&#8221;Poppins||||||||&#8221; custom_margin=&#8221;39px|||||&#8221; global_colors_info=&#8221;{}&#8221;]<\/p>\n<h1 style=\"font-weight: 600; text-align: center; font-size: 40px;\">PARQUE PRIMORSKI TEHNOLOSKI<\/h1>\n<p>[\/et_pb_text][\/et_pb_column][\/et_pb_row][et_pb_row column_structure=&#8221;1_2,1_2&#8243; _builder_version=&#8221;4.21.0&#8243; _module_preset=&#8221;default&#8221; global_colors_info=&#8221;{}&#8221;][et_pb_column type=&#8221;1_2&#8243; _builder_version=&#8221;4.21.0&#8243; _module_preset=&#8221;default&#8221; global_colors_info=&#8221;{}&#8221;][et_pb_text _builder_version=&#8221;4.21.0&#8243; _module_preset=&#8221;default&#8221; global_colors_info=&#8221;{}&#8221;]<div class=\"map_wrapper\" id=\"map_wrapper_282\">\n<div class=\"map_box\" style=\"max-width:2000px\">\n<div class=\"map_aspect_ratio\" style=\"padding-top:100%\" data-padding-top=\"100%\" data-padding-top-mobile=\"0%\">\n<div class=\"map_container\">\n<div class=\"map_render map_loading\" id=\"map_282\"><\/div>\n<\/div>\n<\/div>\n<\/div>\n<\/div>[\/et_pb_text][\/et_pb_column][et_pb_column type=&#8221;1_2&#8243; _builder_version=&#8221;4.21.0&#8243; _module_preset=&#8221;default&#8221; global_colors_info=&#8221;{}&#8221;][et_pb_text _builder_version=&#8221;4.21.0&#8243; _module_preset=&#8221;default&#8221; global_colors_info=&#8221;{}&#8221;]<\/p>\n<p><strong>Tipo de organizaci\u00f3n<\/strong>: Interlocutor social u otro representante de la vida laboral (c\u00e1maras de comercio, sindicato, asociaci\u00f3n profesional)<\/p>\n<p><strong>Pa\u00eds<\/strong>: Eslovenia<\/p>\n<p><strong>Ciudad<\/strong>: <span>\u0160empeter pri Gorici<\/span><\/p>\n<p><strong>P\u00e1gina web<\/strong>: <a href=\"https:\/\/www.primorski-tp.si\/\" target=\"_blank\" rel=\"noopener\">www.primorski-tp.si<\/a><\/p>\n<p>[\/et_pb_text][\/et_pb_column][\/et_pb_row][et_pb_row _builder_version=&#8221;4.21.0&#8243; _module_preset=&#8221;default&#8221; custom_padding=&#8221;34px|||||&#8221; global_colors_info=&#8221;{}&#8221;][et_pb_column type=&#8221;4_4&#8243; _builder_version=&#8221;4.21.0&#8243; _module_preset=&#8221;default&#8221; global_colors_info=&#8221;{}&#8221;][et_pb_tabs active_tab_background_color=&#8221;#f8b729&#8243; inactive_tab_background_color=&#8221;#52aa3c&#8221; active_tab_text_color=&#8221;#1a448c&#8221; _builder_version=&#8221;4.21.0&#8243; _module_preset=&#8221;default&#8221; tab_text_color=&#8221;#1a448c&#8221; body_font=&#8221;Poppins||||||||&#8221; tab_font=&#8221;Poppins||||||||&#8221; tab_font_size=&#8221;18px&#8221; tab_line_height=&#8221;2em&#8221; background_color=&#8221;RGBA(255,255,255,0)&#8221; module_alignment=&#8221;center&#8221; custom_padding=&#8221;|10px|24px|10px|false|false&#8221; border_style_all=&#8221;none&#8221; global_colors_info=&#8221;{}&#8221;][et_pb_tab title=&#8221;Qui\u00e9nes somos&#8221; _builder_version=&#8221;4.21.0&#8243; _module_preset=&#8221;default&#8221; global_colors_info=&#8221;{}&#8221;]<\/p>\n<p>El Parque Tecnol\u00f3gico de Primorska se cre\u00f3 en 2000 como instituci\u00f3n de apoyo al desarrollo del esp\u00edritu empresarial, la innovaci\u00f3n y la creatividad en el entorno regional.<br \/>\nDesde entonces ha creado una comunidad empresarial din\u00e1mica en la regi\u00f3n.<br \/>\nEst\u00e1 situado en la intersecci\u00f3n de Nova Gorica (Eslovenia) y Gorica (Italia).<br \/>\nEst\u00e1 en la autopista que une Venecia y Liubliana, y a s\u00f3lo 30 km del aeropuerto de Trieste.<br \/>\nDebido a su ubicaci\u00f3n estrat\u00e9gica y a su entorno moderno, aqu\u00ed se re\u00fanen empresas j\u00f3venes y grandes de Eslovenia, Italia, toda Europa y el mundo.<br \/>\nSomos portadores de los m\u00e9todos empresariales m\u00e1s modernos, somos el enlace entre empresarios, inversores, mentores, consultores, investigadores y otros expertos, y creamos las condiciones \u00f3ptimas para la creaci\u00f3n, el crecimiento y el desarrollo de las empresas.       <\/p>\n<p>En el Parque Tecnol\u00f3gico de Primorska se fundan empresas j\u00f3venes.<br \/>\nLas acompa\u00f1amos desde los primeros pasos hasta su gran \u00e9xito.<br \/>\nCreemos en una nueva generaci\u00f3n que crear\u00e1 un ecosistema empresarial prometedor.<br \/>\nInvertimos sistem\u00e1ticamente en el desarrollo de los conocimientos de los j\u00f3venes talentos (empresarios potenciales) y de las j\u00f3venes empresas.<br \/>\nOfrecemos programas para empresas j\u00f3venes que quieren tener m\u00e1s \u00e9xito, as\u00ed como programas para las que apenas est\u00e1n desarrollando sus ideas y habilidades empresariales.<br \/>\nCooperamos con \u00e9xito con muchos socios del mundo empresarial, la educaci\u00f3n, la investigaci\u00f3n y otros campos.       <\/p>\n<p>Nuestros servicios son gratuitos para los usuarios, ya que recaudamos fondos con \u00e9xito a trav\u00e9s de diversos proyectos nacionales e internacionales.<br \/>\nLa funci\u00f3n b\u00e1sica del Parque Tecnol\u00f3gico de Primorska, que act\u00faa como vivero de empresas (GoStartup), es proporcionar apoyo a los empresarios y empresarios potenciales para examinar las oportunidades de mercado, desarrollar ideas y modelos de negocio, poner en marcha y hacer crecer una empresa y entrar en el mercado (internacional).<br \/>\nOrganizamos varios programas empresariales (GoStartup School, GoStartup Master, GoStartup Weekends, GoStartup Clubs, &#8230;), varios talleres de conocimiento para el desarrollo de competencias clave (marketing online, tienda online, optimizaci\u00f3n de sitios web, gesti\u00f3n de proyectos, &#8230;), programa de mentores con empresarios de \u00e9xito (Mentoring 1: 1), eventos promocionales y motivacionales y eventos de networking.<br \/>\nEn el marco de la incubadora ya se han fundado m\u00e1s de 200 empresas de diversos sectores.     <\/p>\n<p>El Parque Tecnol\u00f3gico de Primorska es tambi\u00e9n el organizador de la Competici\u00f3n Empresarial de toda Eslovenia para j\u00f3venes menores de 29 a\u00f1os (POPRI), que est\u00e1 vinculada internacionalmente con la Competici\u00f3n Empresarial de la Olimpiada Genius de Nueva York (EE.UU.).<br \/>\nAdem\u00e1s del concurso, tambi\u00e9n organizamos una serie de talleres consecutivos bajo el nombre de &#8220;Experimento Empresarial&#8221;, que es la actividad de acompa\u00f1amiento del concurso.<br \/>\nEl objetivo de los talleres y concursos es fomentar habilidades como el esp\u00edritu emprendedor, la creatividad, el pensamiento empresarial, el trabajo en equipo, la oratoria, las habilidades de negociaci\u00f3n, la transformaci\u00f3n de una idea empresarial en un modelo de negocio, la creaci\u00f3n de prototipos, etc.    <\/p>\n<p>El Parque Tecnol\u00f3gico Primorska es tambi\u00e9n un proveedor de espacios empresariales innovadores y creativos.<br \/>\nAdem\u00e1s de oficinas, aulas, salas de reuniones (el tama\u00f1o del edificio es de unos 5000 m2), Internet gratuito y otras ventajas infraestructurales, ofrece un espacio de coworking dedicado a una nueva tendencia de trabajadores aut\u00f3nomos (freelancers, miembros de equipos de start-ups,&#8230; ).<br \/>\nEl Parque Tecnol\u00f3gico de Primorska es uno de los actores m\u00e1s importantes del ecosistema emprendedor e innovador esloveno, y presta un apoyo integral a las empresas en fase inicial y avanzada.  <\/p>\n<p>[\/et_pb_tab][et_pb_tab title=&#8221;Nuestro papel en el proyecto&#8221; _builder_version=&#8221;4.21.0&#8243; _module_preset=&#8221;default&#8221; body_ul_font=&#8221;Poppins||||||||&#8221; global_colors_info=&#8221;{}&#8221;]<\/p>\n<p>El Parque Tecnol\u00f3gico Primorska y su equipo tienen una rica y larga experiencia en el trabajo con empresarios, empresarios potenciales y j\u00f3venes promesas.<br \/>\nLa mayor\u00eda de los programas del Parque Tecnol\u00f3gico de Primorska est\u00e1n dirigidos a la formaci\u00f3n de j\u00f3venes talentos, empresarios potenciales y emprendedores (start-up, scale-up, spin-off y otros).<br \/>\nPor ello, el Parque Tecnol\u00f3gico de Primorska ha creado una rica red y conexiones con diversos mentores empresariales, instituciones educativas, sujetos de un entorno solidario e innovador, inversores, etc.<br \/>\nDurante todos los a\u00f1os en que se han ofrecido diversos programas empresariales, el Parque Tecnol\u00f3gico de Primorska ha creado ricos v\u00ednculos no s\u00f3lo con los participantes, sino tambi\u00e9n con instituciones de apoyo (escuelas, universidades, parques tecnol\u00f3gicos, viveros de empresas, inversores, investigadores, municipios, &#8230;).     <\/p>\n<p>El buen conocimiento del p\u00fablico objetivo nos ha permitido desarrollar con \u00e9xito un marketing adecuado (dirigido), que facilita la invitaci\u00f3n e implicaci\u00f3n de los grupos objetivo en nuestros programas.<br \/>\nEl equipo del Parque Tecnol\u00f3gico de Primorska tiene una amplia experiencia en la organizaci\u00f3n de eventos (desde el punto de vista t\u00e9cnico, de contenidos y de marketing), ya que basa el trabajo del Parque Tecnol\u00f3gico en la realizaci\u00f3n de diversas actividades, que se llevan a cabo en la pr\u00e1ctica en forma de talleres y eventos promocionales.   <\/p>\n<p>Debido a su participaci\u00f3n en diversos proyectos nacionales e internacionales (UE), el equipo del Parque Tecnol\u00f3gico tiene muchos conocimientos en materia de licitaciones, gesti\u00f3n de proyectos, elaboraci\u00f3n de informes y muchos contactos internacionales.<br \/>\nToda la experiencia y los conocimientos enumerados contribuir\u00e1n sin duda de forma \u00fatil al \u00e9xito del proyecto.<br \/>\nAdem\u00e1s de sus propios conocimientos, el Parque Tecnol\u00f3gico de Primorska tambi\u00e9n cuenta con una rica red de mentores emprendedores que forman la comunidad emprendedora y contribuyen al \u00e9xito de los proyectos.<br \/>\nCon todo ello, la organizaci\u00f3n del Parque Tecnol\u00f3gico de Primorska podr\u00eda hacer una contribuci\u00f3n de calidad a la realizaci\u00f3n del proyecto.   <\/p>\n<p>[\/et_pb_tab][\/et_pb_tabs][\/et_pb_column][\/et_pb_row][\/et_pb_section]<\/p>\n","protected":false},"excerpt":{"rendered":"<p>PARQUE PRIMORSKI TEHNOLOSKI<div class=\"map_wrapper\" id=\"map_wrapper_282\">\n<div class=\"map_box\" style=\"max-width:2000px\">\n<div class=\"map_aspect_ratio\" style=\"padding-top:100%\" data-padding-top=\"100%\" data-padding-top-mobile=\"0%\">\n<div class=\"map_container\">\n<div class=\"map_render map_loading\" id=\"map_282\"><\/div>\n<\/div>\n<\/div>\n<\/div>\n<\/div>Tipo de organizaci\u00f3n: Interlocutor social u otro representante de la vida laboral (c\u00e1maras de comercio, sindicato, asociaci\u00f3n profesional) Pa\u00eds: Eslovenia Ciudad: \u0160empeter pri Gorici P\u00e1gina web: www.primorski-tp.siEl Parque Tecnol\u00f3gico de Primorska se cre\u00f3 en 2000 como instituci\u00f3n de apoyo al desarrollo del esp\u00edritu empresarial, la innovaci\u00f3n y la creatividad en el entorno [&hellip;]<\/p>\n","protected":false},"author":2,"featured_media":0,"parent":2423,"menu_order":0,"comment_status":"closed","ping_status":"closed","template":"","meta":{"_et_pb_use_builder":"on","_et_pb_old_content":"","_et_gb_content_width":"","footnotes":""},"class_list":["post-2624","page","type-page","status-publish","hentry"],"yoast_head":"<!-- This site is optimized with the Yoast SEO plugin v21.8 - https:\/\/yoast.com\/wordpress\/plugins\/seo\/ -->\n<title>Parque Primorski Tehnoloski - Echoes<\/title>\n<meta name=\"description\" content=\"El Parque Tecnol\u00f3gico de Primorska se cre\u00f3 en 2000 como instituci\u00f3n de apoyo al desarrollo del esp\u00edritu empresarial, la innovaci\u00f3n y la creatividad...\" \/>\n<meta name=\"robots\" content=\"index, follow, max-snippet:-1, max-image-preview:large, max-video-preview:-1\" \/>\n<link rel=\"canonical\" href=\"https:\/\/echoes-erasmusplus.eu\/es\/socios\/parque-primorski-tehnoloski\/\" \/>\n<meta property=\"og:locale\" content=\"es_ES\" \/>\n<meta property=\"og:type\" content=\"article\" \/>\n<meta property=\"og:title\" content=\"Parque Primorski Tehnoloski - Echoes\" \/>\n<meta property=\"og:description\" content=\"El Parque Tecnol\u00f3gico de Primorska se cre\u00f3 en 2000 como instituci\u00f3n de apoyo al desarrollo del esp\u00edritu empresarial, la innovaci\u00f3n y la creatividad...\" \/>\n<meta property=\"og:url\" content=\"https:\/\/echoes-erasmusplus.eu\/es\/socios\/parque-primorski-tehnoloski\/\" \/>\n<meta property=\"og:site_name\" content=\"Echoes\" \/>\n<meta property=\"article:modified_time\" content=\"2024-09-13T14:42:44+00:00\" \/>\n<meta name=\"twitter:card\" content=\"summary_large_image\" \/>\n<meta name=\"twitter:label1\" content=\"Tiempo de lectura\" \/>\n\t<meta name=\"twitter:data1\" content=\"7 minutos\" \/>\n<script type=\"application\/ld+json\" class=\"yoast-schema-graph\">{\"@context\":\"https:\/\/schema.org\",\"@graph\":[{\"@type\":\"WebPage\",\"@id\":\"https:\/\/echoes-erasmusplus.eu\/es\/socios\/parque-primorski-tehnoloski\/\",\"url\":\"https:\/\/echoes-erasmusplus.eu\/es\/socios\/parque-primorski-tehnoloski\/\",\"name\":\"Parque Primorski Tehnoloski - Echoes\",\"isPartOf\":{\"@id\":\"https:\/\/echoes-erasmusplus.eu\/es\/#website\"},\"datePublished\":\"2023-10-16T10:01:51+00:00\",\"dateModified\":\"2024-09-13T14:42:44+00:00\",\"description\":\"El Parque Tecnol\u00f3gico de Primorska se cre\u00f3 en 2000 como instituci\u00f3n de apoyo al desarrollo del esp\u00edritu empresarial, la innovaci\u00f3n y la creatividad...\",\"breadcrumb\":{\"@id\":\"https:\/\/echoes-erasmusplus.eu\/es\/socios\/parque-primorski-tehnoloski\/#breadcrumb\"},\"inLanguage\":\"es\",\"potentialAction\":[{\"@type\":\"ReadAction\",\"target\":[\"https:\/\/echoes-erasmusplus.eu\/es\/socios\/parque-primorski-tehnoloski\/\"]}]},{\"@type\":\"BreadcrumbList\",\"@id\":\"https:\/\/echoes-erasmusplus.eu\/es\/socios\/parque-primorski-tehnoloski\/#breadcrumb\",\"itemListElement\":[{\"@type\":\"ListItem\",\"position\":1,\"name\":\"Home\",\"item\":\"https:\/\/echoes-erasmusplus.eu\/es\/\"},{\"@type\":\"ListItem\",\"position\":2,\"name\":\"Socios\",\"item\":\"https:\/\/echoes-erasmusplus.eu\/es\/socios\/\"},{\"@type\":\"ListItem\",\"position\":3,\"name\":\"Parque Primorski Tehnoloski\"}]},{\"@type\":\"WebSite\",\"@id\":\"https:\/\/echoes-erasmusplus.eu\/es\/#website\",\"url\":\"https:\/\/echoes-erasmusplus.eu\/es\/\",\"name\":\"ECHOES\",\"description\":\"Extended Classrooms for Higher Opportunities Enhancing Skills\",\"publisher\":{\"@id\":\"https:\/\/echoes-erasmusplus.eu\/es\/#organization\"},\"potentialAction\":[{\"@type\":\"SearchAction\",\"target\":{\"@type\":\"EntryPoint\",\"urlTemplate\":\"https:\/\/echoes-erasmusplus.eu\/es\/?s={search_term_string}\"},\"query-input\":\"required name=search_term_string\"}],\"inLanguage\":\"es\"},{\"@type\":\"Organization\",\"@id\":\"https:\/\/echoes-erasmusplus.eu\/es\/#organization\",\"name\":\"ECHOES Extended Classrooms for Higher Opportunities Enhancing Skills\",\"url\":\"https:\/\/echoes-erasmusplus.eu\/es\/\",\"logo\":{\"@type\":\"ImageObject\",\"inLanguage\":\"es\",\"@id\":\"https:\/\/echoes-erasmusplus.eu\/es\/#\/schema\/logo\/image\/\",\"url\":\"https:\/\/echoes-erasmusplus.eu\/wp-content\/uploads\/2023\/06\/logo-echoes.png\",\"contentUrl\":\"https:\/\/echoes-erasmusplus.eu\/wp-content\/uploads\/2023\/06\/logo-echoes.png\",\"width\":499,\"height\":160,\"caption\":\"ECHOES Extended Classrooms for Higher Opportunities Enhancing Skills\"},\"image\":{\"@id\":\"https:\/\/echoes-erasmusplus.eu\/es\/#\/schema\/logo\/image\/\"}}]}<\/script>\n<!-- \/ Yoast SEO plugin. -->","yoast_head_json":{"title":"Parque Primorski Tehnoloski - Echoes","description":"El Parque Tecnol\u00f3gico de Primorska se cre\u00f3 en 2000 como instituci\u00f3n de apoyo al desarrollo del esp\u00edritu empresarial, la innovaci\u00f3n y la creatividad...","robots":{"index":"index","follow":"follow","max-snippet":"max-snippet:-1","max-image-preview":"max-image-preview:large","max-video-preview":"max-video-preview:-1"},"canonical":"https:\/\/echoes-erasmusplus.eu\/es\/socios\/parque-primorski-tehnoloski\/","og_locale":"es_ES","og_type":"article","og_title":"Parque Primorski Tehnoloski - Echoes","og_description":"El Parque Tecnol\u00f3gico de Primorska se cre\u00f3 en 2000 como instituci\u00f3n de apoyo al desarrollo del esp\u00edritu empresarial, la innovaci\u00f3n y la creatividad...","og_url":"https:\/\/echoes-erasmusplus.eu\/es\/socios\/parque-primorski-tehnoloski\/","og_site_name":"Echoes","article_modified_time":"2024-09-13T14:42:44+00:00","twitter_card":"summary_large_image","twitter_misc":{"Tiempo de lectura":"7 minutos"},"schema":{"@context":"https:\/\/schema.org","@graph":[{"@type":"WebPage","@id":"https:\/\/echoes-erasmusplus.eu\/es\/socios\/parque-primorski-tehnoloski\/","url":"https:\/\/echoes-erasmusplus.eu\/es\/socios\/parque-primorski-tehnoloski\/","name":"Parque Primorski Tehnoloski - Echoes","isPartOf":{"@id":"https:\/\/echoes-erasmusplus.eu\/es\/#website"},"datePublished":"2023-10-16T10:01:51+00:00","dateModified":"2024-09-13T14:42:44+00:00","description":"El Parque Tecnol\u00f3gico de Primorska se cre\u00f3 en 2000 como instituci\u00f3n de apoyo al desarrollo del esp\u00edritu empresarial, la innovaci\u00f3n y la creatividad...","breadcrumb":{"@id":"https:\/\/echoes-erasmusplus.eu\/es\/socios\/parque-primorski-tehnoloski\/#breadcrumb"},"inLanguage":"es","potentialAction":[{"@type":"ReadAction","target":["https:\/\/echoes-erasmusplus.eu\/es\/socios\/parque-primorski-tehnoloski\/"]}]},{"@type":"BreadcrumbList","@id":"https:\/\/echoes-erasmusplus.eu\/es\/socios\/parque-primorski-tehnoloski\/#breadcrumb","itemListElement":[{"@type":"ListItem","position":1,"name":"Home","item":"https:\/\/echoes-erasmusplus.eu\/es\/"},{"@type":"ListItem","position":2,"name":"Socios","item":"https:\/\/echoes-erasmusplus.eu\/es\/socios\/"},{"@type":"ListItem","position":3,"name":"Parque Primorski Tehnoloski"}]},{"@type":"WebSite","@id":"https:\/\/echoes-erasmusplus.eu\/es\/#website","url":"https:\/\/echoes-erasmusplus.eu\/es\/","name":"ECHOES","description":"Extended Classrooms for Higher Opportunities Enhancing Skills","publisher":{"@id":"https:\/\/echoes-erasmusplus.eu\/es\/#organization"},"potentialAction":[{"@type":"SearchAction","target":{"@type":"EntryPoint","urlTemplate":"https:\/\/echoes-erasmusplus.eu\/es\/?s={search_term_string}"},"query-input":"required name=search_term_string"}],"inLanguage":"es"},{"@type":"Organization","@id":"https:\/\/echoes-erasmusplus.eu\/es\/#organization","name":"ECHOES Extended Classrooms for Higher Opportunities Enhancing Skills","url":"https:\/\/echoes-erasmusplus.eu\/es\/","logo":{"@type":"ImageObject","inLanguage":"es","@id":"https:\/\/echoes-erasmusplus.eu\/es\/#\/schema\/logo\/image\/","url":"https:\/\/echoes-erasmusplus.eu\/wp-content\/uploads\/2023\/06\/logo-echoes.png","contentUrl":"https:\/\/echoes-erasmusplus.eu\/wp-content\/uploads\/2023\/06\/logo-echoes.png","width":499,"height":160,"caption":"ECHOES Extended Classrooms for Higher Opportunities Enhancing Skills"},"image":{"@id":"https:\/\/echoes-erasmusplus.eu\/es\/#\/schema\/logo\/image\/"}}]}},"_links":{"self":[{"href":"https:\/\/echoes-erasmusplus.eu\/es\/wp-json\/wp\/v2\/pages\/2624","targetHints":{"allow":["GET"]}}],"collection":[{"href":"https:\/\/echoes-erasmusplus.eu\/es\/wp-json\/wp\/v2\/pages"}],"about":[{"href":"https:\/\/echoes-erasmusplus.eu\/es\/wp-json\/wp\/v2\/types\/page"}],"author":[{"embeddable":true,"href":"https:\/\/echoes-erasmusplus.eu\/es\/wp-json\/wp\/v2\/users\/2"}],"replies":[{"embeddable":true,"href":"https:\/\/echoes-erasmusplus.eu\/es\/wp-json\/wp\/v2\/comments?post=2624"}],"version-history":[{"count":1,"href":"https:\/\/echoes-erasmusplus.eu\/es\/wp-json\/wp\/v2\/pages\/2624\/revisions"}],"predecessor-version":[{"id":2641,"href":"https:\/\/echoes-erasmusplus.eu\/es\/wp-json\/wp\/v2\/pages\/2624\/revisions\/2641"}],"up":[{"embeddable":true,"href":"https:\/\/echoes-erasmusplus.eu\/es\/wp-json\/wp\/v2\/pages\/2423"}],"wp:attachment":[{"href":"https:\/\/echoes-erasmusplus.eu\/es\/wp-json\/wp\/v2\/media?parent=2624"}],"curies":[{"name":"wp","href":"https:\/\/api.w.org\/{rel}","templated":true}]}}