{"id":594,"date":"2023-10-16T10:01:31","date_gmt":"2023-10-16T10:01:31","guid":{"rendered":"https:\/\/echoes-erasmusplus.eu\/htbla-wolfsberg\/"},"modified":"2024-03-22T08:57:04","modified_gmt":"2024-03-22T08:57:04","slug":"htbla-wolfsberg","status":"publish","type":"page","link":"https:\/\/echoes-erasmusplus.eu\/it\/partner\/htbla-wolfsberg\/","title":{"rendered":"HTBLA Wolfsberg"},"content":{"rendered":"<p>[et_pb_section fb_built=&#8221;1&#8243; _builder_version=&#8221;4.21.0&#8243; _module_preset=&#8221;default&#8221; custom_margin=&#8221;||4px|||&#8221; custom_padding=&#8221;48px||5px|||&#8221; global_colors_info=&#8221;{}&#8221;][et_pb_row _builder_version=&#8221;4.21.0&#8243; _module_preset=&#8221;default&#8221; custom_padding=&#8221;3px|||||&#8221; global_colors_info=&#8221;{}&#8221;][et_pb_column type=&#8221;4_4&#8243; _builder_version=&#8221;4.21.0&#8243; _module_preset=&#8221;default&#8221; global_colors_info=&#8221;{}&#8221;][et_pb_image src=&#8221;https:\/\/echoes-erasmusplus.eu\/wp-content\/uploads\/2023\/06\/HTBLA-Wolfsberg.png&#8221; title_text=&#8221;HTBLA Wolfsberg&#8221; align=&#8221;center&#8221; _builder_version=&#8221;4.21.0&#8243; _module_preset=&#8221;default&#8221; width=&#8221;50%&#8221; custom_margin=&#8221;-27px||3px|||&#8221; custom_padding=&#8221;||0px|||&#8221; global_colors_info=&#8221;{}&#8221;][\/et_pb_image][et_pb_text _builder_version=&#8221;4.21.0&#8243; _module_preset=&#8221;default&#8221; text_font=&#8221;Poppins||||||||&#8221; custom_margin=&#8221;39px|||||&#8221; global_colors_info=&#8221;{}&#8221;]<\/p>\n<h1 style=\"font-weight: 600; text-align: center; font-size: 40px;\">HTBLA Wolfsberg<\/h1>\n<p>[\/et_pb_text][\/et_pb_column][\/et_pb_row][et_pb_row column_structure=&#8221;1_2,1_2&#8243; _builder_version=&#8221;4.21.0&#8243; _module_preset=&#8221;default&#8221; global_colors_info=&#8221;{}&#8221;][et_pb_column type=&#8221;1_2&#8243; _builder_version=&#8221;4.21.0&#8243; _module_preset=&#8221;default&#8221; global_colors_info=&#8221;{}&#8221;][et_pb_text _builder_version=&#8221;4.21.0&#8243; _module_preset=&#8221;default&#8221; global_colors_info=&#8221;{}&#8221;]<div class=\"map_wrapper\" id=\"map_wrapper_281\">\n<div class=\"map_box\" style=\"max-width:2000px\">\n<div class=\"map_aspect_ratio\" style=\"padding-top:100%\" data-padding-top=\"100%\" data-padding-top-mobile=\"0%\">\n<div class=\"map_container\">\n<div class=\"map_render map_loading\" id=\"map_281\"><\/div>\n<\/div>\n<\/div>\n<\/div>\n<\/div>[\/et_pb_text][\/et_pb_column][et_pb_column type=&#8221;1_2&#8243; _builder_version=&#8221;4.21.0&#8243; _module_preset=&#8221;default&#8221; global_colors_info=&#8221;{}&#8221;][et_pb_text _builder_version=&#8221;4.21.0&#8243; _module_preset=&#8221;default&#8221; global_colors_info=&#8221;{}&#8221;]<\/p>\n<p><strong>Tipo di organizzazione<\/strong>: Scuola\/Istituto\/Centro educativo &#8211; Istruzione generale (livello secondario)<\/p>\n<p><strong>Paese<\/strong>: Austria<\/p>\n<p><strong>Regione<\/strong>: Carinzia<\/p>\n<p><strong>Citt\u00e0<\/strong>: Wolfsberg<\/p>\n<p><strong>Sito web<\/strong>: <a href=\"https:\/\/www.htl-wolfsberg.at\/\" target=\"_blank\" rel=\"noopener\">www.htl-wolfsberg.at<\/a><\/p>\n<p>[\/et_pb_text][\/et_pb_column][\/et_pb_row][et_pb_row _builder_version=&#8221;4.21.0&#8243; _module_preset=&#8221;default&#8221; custom_padding=&#8221;34px|||||&#8221; global_colors_info=&#8221;{}&#8221;][et_pb_column type=&#8221;4_4&#8243; _builder_version=&#8221;4.21.0&#8243; _module_preset=&#8221;default&#8221; global_colors_info=&#8221;{}&#8221;][et_pb_tabs active_tab_background_color=&#8221;#f8b729&#8243; inactive_tab_background_color=&#8221;#52aa3c&#8221; active_tab_text_color=&#8221;#1a448c&#8221; _builder_version=&#8221;4.21.0&#8243; _module_preset=&#8221;default&#8221; tab_text_color=&#8221;#1a448c&#8221; body_font=&#8221;Poppins||||||||&#8221; tab_font=&#8221;Poppins||||||||&#8221; tab_font_size=&#8221;18px&#8221; tab_line_height=&#8221;2em&#8221; background_color=&#8221;RGBA(255,255,255,0)&#8221; module_alignment=&#8221;center&#8221; custom_padding=&#8221;|10px|24px|10px|false|false&#8221; border_style_all=&#8221;none&#8221; global_colors_info=&#8221;{}&#8221;][et_pb_tab title=&#8221;Chi siamo&#8221; _builder_version=&#8221;4.21.0&#8243; _module_preset=&#8221;default&#8221; global_colors_info=&#8221;{}&#8221;]<\/p>\n<p>L&#8217;HTL Wolfsberg &#8211; Istituto superiore di ingegneria &#8211; \u00e8 una scuola tecnica superiore e professionale della Carinzia (sud dell&#8217;Austria), con circa un milione di abitanti. 65 insegnanti. Il numero totale di studenti \u00e8 di circa 580, circa. 440 sono normali studenti della scuola diurna, di et\u00e0 compresa tra i 14 e i 20 anni e circa. 140 sono studenti delle scuole serali, la maggior parte dei quali lavora in azienda.  <\/p>\n<p>Ci sono quattro diversi campi di studio: Ingegneria meccanica &#8211; automazione, Meccatronica, Informatica aziendale e Ingegneria industriale. La nostra formazione \u00e8 orientata alle esigenze pratiche ed economiche. La scuola collabora con diverse aziende e imprese.  <\/p>\n<p>Cerchiamo costantemente di sviluppare nuovi metodi di formazione e di offrire agli studenti la possibilit\u00e0 di allenare non solo le loro abilit\u00e0 tecniche ma anche le loro competenze personali. Il nostro obiettivo \u00e8 coinvolgere gli studenti nell&#8217;apprendimento e nella pratica delle lingue. Poich\u00e9 molti di loro lavoreranno in aziende internazionali dopo aver conseguito il diploma, li incoraggiamo a recarsi all&#8217;estero, a raccogliere esperienze e a conoscere altre culture e modi di vita diversi.  <\/p>\n<p>Due temi strategici molto importanti per l&#8217;ulteriore sviluppo della nostra scuola sono &#8220;Digitalizzazione \/ Industria 4.0&#8221; e &#8220;Formazione all&#8217;imprenditorialit\u00e0 per gli ingegneri&#8221;. In entrambe le aree sono in corso progetti regionali e internazionali. Nel novembre 2020 l&#8217;HTL Wolfsberg ha ricevuto il premio europeo &#8220;Excellence in VET Award&#8221; (VET Innovators Award) nella categoria &#8220;The Entrepreneurial School Award TES, JA Europe&#8221; e inoltre il premio &#8220;The Entrepreneurial School 2020&#8221; come una delle due scuole in Austria.<\/p>\n<p>[\/et_pb_tab][et_pb_tab title=&#8221;Il nostro ruolo nel progetto&#8221; _builder_version=&#8221;4.21.0&#8243; _module_preset=&#8221;default&#8221; body_ul_font=&#8221;Poppins||||||||&#8221; global_colors_info=&#8221;{}&#8221;]<\/p>\n<p>L&#8217;HTL Wolfsberg ha gi\u00e0 esperienze con progetti europei da oltre 10 anni. In totale la scuola ha partecipato a pi\u00f9 di 10 progetti europei nell&#8217;ambito di Erasmus+ e Interreg (IT-AT e SI-AT). La scuola incoraggia anche gli scambi di studenti e le visite di studio degli insegnanti. Dispone di una rete di partner europei che consente agli studenti di recarsi all&#8217;estero per svolgere uno stage e ottenere cos\u00ec esperienze pratiche internazionali.<\/p>\n<p>[\/et_pb_tab][\/et_pb_tabs][\/et_pb_column][\/et_pb_row][\/et_pb_section]<\/p>\n","protected":false},"excerpt":{"rendered":"<p>HTBLA Wolfsberg<div class=\"map_wrapper\" id=\"map_wrapper_281\">\n<div class=\"map_box\" style=\"max-width:2000px\">\n<div class=\"map_aspect_ratio\" style=\"padding-top:100%\" data-padding-top=\"100%\" data-padding-top-mobile=\"0%\">\n<div class=\"map_container\">\n<div class=\"map_render map_loading\" id=\"map_281\"><\/div>\n<\/div>\n<\/div>\n<\/div>\n<\/div>Tipo di organizzazione: Scuola\/Istituto\/Centro educativo &#8211; Istruzione generale (livello secondario) Paese: Austria Regione: Carinzia Citt\u00e0: Wolfsberg Sito web: www.htl-wolfsberg.atL&#8217;HTL Wolfsberg &#8211; Istituto superiore di ingegneria &#8211; \u00e8 una scuola tecnica superiore e professionale della Carinzia (sud dell&#8217;Austria), con circa un milione di abitanti. 65 insegnanti. Il numero totale di studenti \u00e8 di circa [&hellip;]<\/p>\n","protected":false},"author":2,"featured_media":0,"parent":620,"menu_order":0,"comment_status":"closed","ping_status":"closed","template":"","meta":{"_et_pb_use_builder":"on","_et_pb_old_content":"","_et_gb_content_width":"","footnotes":""},"class_list":["post-594","page","type-page","status-publish","hentry"],"yoast_head":"<!-- This site is optimized with the Yoast SEO plugin v21.8 - https:\/\/yoast.com\/wordpress\/plugins\/seo\/ -->\n<title>HTBLA Wolfsberg - Echoes<\/title>\n<meta name=\"robots\" content=\"noindex, follow\" \/>\n<meta property=\"og:locale\" content=\"it_IT\" \/>\n<meta property=\"og:type\" content=\"article\" \/>\n<meta property=\"og:title\" content=\"HTBLA Wolfsberg - Echoes\" \/>\n<meta property=\"og:description\" content=\"HTBLA WolfsbergTipo di organizzazione: Scuola\/Istituto\/Centro educativo - Istruzione generale (livello secondario) Paese: Austria Regione: Carinzia Citt\u00e0: Wolfsberg Sito web: www.htl-wolfsberg.atL&#039;HTL Wolfsberg - Istituto superiore di ingegneria - \u00e8 una scuola tecnica superiore e professionale della Carinzia (sud dell&#039;Austria), con circa un milione di abitanti. 65 insegnanti. Il numero totale di studenti \u00e8 di circa [&hellip;]\" \/>\n<meta property=\"og:url\" content=\"https:\/\/echoes-erasmusplus.eu\/it\/partner\/htbla-wolfsberg\/\" \/>\n<meta property=\"og:site_name\" content=\"Echoes\" \/>\n<meta property=\"article:modified_time\" content=\"2024-03-22T08:57:04+00:00\" \/>\n<meta name=\"twitter:card\" content=\"summary_large_image\" \/>\n<meta name=\"twitter:label1\" content=\"Tempo di lettura stimato\" \/>\n\t<meta name=\"twitter:data1\" content=\"2 minuti\" \/>\n<script type=\"application\/ld+json\" class=\"yoast-schema-graph\">{\"@context\":\"https:\/\/schema.org\",\"@graph\":[{\"@type\":\"WebPage\",\"@id\":\"https:\/\/echoes-erasmusplus.eu\/it\/partner\/htbla-wolfsberg\/\",\"url\":\"https:\/\/echoes-erasmusplus.eu\/it\/partner\/htbla-wolfsberg\/\",\"name\":\"HTBLA Wolfsberg - Echoes\",\"isPartOf\":{\"@id\":\"https:\/\/echoes-erasmusplus.eu\/it\/#website\"},\"datePublished\":\"2023-10-16T10:01:31+00:00\",\"dateModified\":\"2024-03-22T08:57:04+00:00\",\"breadcrumb\":{\"@id\":\"https:\/\/echoes-erasmusplus.eu\/it\/partner\/htbla-wolfsberg\/#breadcrumb\"},\"inLanguage\":\"it-IT\",\"potentialAction\":[{\"@type\":\"ReadAction\",\"target\":[\"https:\/\/echoes-erasmusplus.eu\/it\/partner\/htbla-wolfsberg\/\"]}]},{\"@type\":\"BreadcrumbList\",\"@id\":\"https:\/\/echoes-erasmusplus.eu\/it\/partner\/htbla-wolfsberg\/#breadcrumb\",\"itemListElement\":[{\"@type\":\"ListItem\",\"position\":1,\"name\":\"Home\",\"item\":\"https:\/\/echoes-erasmusplus.eu\/it\/\"},{\"@type\":\"ListItem\",\"position\":2,\"name\":\"Partner\",\"item\":\"https:\/\/echoes-erasmusplus.eu\/it\/partners\/\"},{\"@type\":\"ListItem\",\"position\":3,\"name\":\"HTBLA Wolfsberg\"}]},{\"@type\":\"WebSite\",\"@id\":\"https:\/\/echoes-erasmusplus.eu\/it\/#website\",\"url\":\"https:\/\/echoes-erasmusplus.eu\/it\/\",\"name\":\"ECHOES\",\"description\":\"Extended Classrooms for Higher Opportunities Enhancing Skills\",\"publisher\":{\"@id\":\"https:\/\/echoes-erasmusplus.eu\/it\/#organization\"},\"potentialAction\":[{\"@type\":\"SearchAction\",\"target\":{\"@type\":\"EntryPoint\",\"urlTemplate\":\"https:\/\/echoes-erasmusplus.eu\/it\/?s={search_term_string}\"},\"query-input\":\"required name=search_term_string\"}],\"inLanguage\":\"it-IT\"},{\"@type\":\"Organization\",\"@id\":\"https:\/\/echoes-erasmusplus.eu\/it\/#organization\",\"name\":\"ECHOES Extended Classrooms for Higher Opportunities Enhancing Skills\",\"url\":\"https:\/\/echoes-erasmusplus.eu\/it\/\",\"logo\":{\"@type\":\"ImageObject\",\"inLanguage\":\"it-IT\",\"@id\":\"https:\/\/echoes-erasmusplus.eu\/it\/#\/schema\/logo\/image\/\",\"url\":\"https:\/\/echoes-erasmusplus.eu\/wp-content\/uploads\/2023\/06\/logo-echoes.png\",\"contentUrl\":\"https:\/\/echoes-erasmusplus.eu\/wp-content\/uploads\/2023\/06\/logo-echoes.png\",\"width\":499,\"height\":160,\"caption\":\"ECHOES Extended Classrooms for Higher Opportunities Enhancing Skills\"},\"image\":{\"@id\":\"https:\/\/echoes-erasmusplus.eu\/it\/#\/schema\/logo\/image\/\"}}]}<\/script>\n<!-- \/ Yoast SEO plugin. -->","yoast_head_json":{"title":"HTBLA Wolfsberg - Echoes","robots":{"index":"noindex","follow":"follow"},"og_locale":"it_IT","og_type":"article","og_title":"HTBLA Wolfsberg - Echoes","og_description":"HTBLA WolfsbergTipo di organizzazione: Scuola\/Istituto\/Centro educativo - Istruzione generale (livello secondario) Paese: Austria Regione: Carinzia Citt\u00e0: Wolfsberg Sito web: www.htl-wolfsberg.atL'HTL Wolfsberg - Istituto superiore di ingegneria - \u00e8 una scuola tecnica superiore e professionale della Carinzia (sud dell'Austria), con circa un milione di abitanti. 65 insegnanti. Il numero totale di studenti \u00e8 di circa [&hellip;]","og_url":"https:\/\/echoes-erasmusplus.eu\/it\/partner\/htbla-wolfsberg\/","og_site_name":"Echoes","article_modified_time":"2024-03-22T08:57:04+00:00","twitter_card":"summary_large_image","twitter_misc":{"Tempo di lettura stimato":"2 minuti"},"schema":{"@context":"https:\/\/schema.org","@graph":[{"@type":"WebPage","@id":"https:\/\/echoes-erasmusplus.eu\/it\/partner\/htbla-wolfsberg\/","url":"https:\/\/echoes-erasmusplus.eu\/it\/partner\/htbla-wolfsberg\/","name":"HTBLA Wolfsberg - Echoes","isPartOf":{"@id":"https:\/\/echoes-erasmusplus.eu\/it\/#website"},"datePublished":"2023-10-16T10:01:31+00:00","dateModified":"2024-03-22T08:57:04+00:00","breadcrumb":{"@id":"https:\/\/echoes-erasmusplus.eu\/it\/partner\/htbla-wolfsberg\/#breadcrumb"},"inLanguage":"it-IT","potentialAction":[{"@type":"ReadAction","target":["https:\/\/echoes-erasmusplus.eu\/it\/partner\/htbla-wolfsberg\/"]}]},{"@type":"BreadcrumbList","@id":"https:\/\/echoes-erasmusplus.eu\/it\/partner\/htbla-wolfsberg\/#breadcrumb","itemListElement":[{"@type":"ListItem","position":1,"name":"Home","item":"https:\/\/echoes-erasmusplus.eu\/it\/"},{"@type":"ListItem","position":2,"name":"Partner","item":"https:\/\/echoes-erasmusplus.eu\/it\/partners\/"},{"@type":"ListItem","position":3,"name":"HTBLA Wolfsberg"}]},{"@type":"WebSite","@id":"https:\/\/echoes-erasmusplus.eu\/it\/#website","url":"https:\/\/echoes-erasmusplus.eu\/it\/","name":"ECHOES","description":"Extended Classrooms for Higher Opportunities Enhancing Skills","publisher":{"@id":"https:\/\/echoes-erasmusplus.eu\/it\/#organization"},"potentialAction":[{"@type":"SearchAction","target":{"@type":"EntryPoint","urlTemplate":"https:\/\/echoes-erasmusplus.eu\/it\/?s={search_term_string}"},"query-input":"required name=search_term_string"}],"inLanguage":"it-IT"},{"@type":"Organization","@id":"https:\/\/echoes-erasmusplus.eu\/it\/#organization","name":"ECHOES Extended Classrooms for Higher Opportunities Enhancing Skills","url":"https:\/\/echoes-erasmusplus.eu\/it\/","logo":{"@type":"ImageObject","inLanguage":"it-IT","@id":"https:\/\/echoes-erasmusplus.eu\/it\/#\/schema\/logo\/image\/","url":"https:\/\/echoes-erasmusplus.eu\/wp-content\/uploads\/2023\/06\/logo-echoes.png","contentUrl":"https:\/\/echoes-erasmusplus.eu\/wp-content\/uploads\/2023\/06\/logo-echoes.png","width":499,"height":160,"caption":"ECHOES Extended Classrooms for Higher Opportunities Enhancing Skills"},"image":{"@id":"https:\/\/echoes-erasmusplus.eu\/it\/#\/schema\/logo\/image\/"}}]}},"_links":{"self":[{"href":"https:\/\/echoes-erasmusplus.eu\/it\/wp-json\/wp\/v2\/pages\/594","targetHints":{"allow":["GET"]}}],"collection":[{"href":"https:\/\/echoes-erasmusplus.eu\/it\/wp-json\/wp\/v2\/pages"}],"about":[{"href":"https:\/\/echoes-erasmusplus.eu\/it\/wp-json\/wp\/v2\/types\/page"}],"author":[{"embeddable":true,"href":"https:\/\/echoes-erasmusplus.eu\/it\/wp-json\/wp\/v2\/users\/2"}],"replies":[{"embeddable":true,"href":"https:\/\/echoes-erasmusplus.eu\/it\/wp-json\/wp\/v2\/comments?post=594"}],"version-history":[{"count":8,"href":"https:\/\/echoes-erasmusplus.eu\/it\/wp-json\/wp\/v2\/pages\/594\/revisions"}],"predecessor-version":[{"id":627,"href":"https:\/\/echoes-erasmusplus.eu\/it\/wp-json\/wp\/v2\/pages\/594\/revisions\/627"}],"up":[{"embeddable":true,"href":"https:\/\/echoes-erasmusplus.eu\/it\/wp-json\/wp\/v2\/pages\/620"}],"wp:attachment":[{"href":"https:\/\/echoes-erasmusplus.eu\/it\/wp-json\/wp\/v2\/media?parent=594"}],"curies":[{"name":"wp","href":"https:\/\/api.w.org\/{rel}","templated":true}]}}