{"id":597,"date":"2023-10-16T10:01:24","date_gmt":"2023-10-16T10:01:24","guid":{"rendered":"https:\/\/echoes-erasmusplus.eu\/assforseo\/"},"modified":"2024-09-13T15:02:14","modified_gmt":"2024-09-13T15:02:14","slug":"assforseo","status":"publish","type":"page","link":"https:\/\/echoes-erasmusplus.eu\/it\/partner\/assforseo\/","title":{"rendered":"Assforseo"},"content":{"rendered":"<p>[et_pb_section fb_built=&#8221;1&#8243; _builder_version=&#8221;4.21.0&#8243; _module_preset=&#8221;default&#8221; custom_margin=&#8221;||4px|||&#8221; custom_padding=&#8221;48px||5px|||&#8221; global_colors_info=&#8221;{}&#8221;][et_pb_row _builder_version=&#8221;4.21.0&#8243; _module_preset=&#8221;default&#8221; custom_padding=&#8221;3px|||||&#8221; global_colors_info=&#8221;{}&#8221;][et_pb_column type=&#8221;4_4&#8243; _builder_version=&#8221;4.21.0&#8243; _module_preset=&#8221;default&#8221; global_colors_info=&#8221;{}&#8221;][et_pb_image src=&#8221;https:\/\/echoes-erasmusplus.eu\/wp-content\/uploads\/2023\/06\/logo-afs.png&#8221; title_text=&#8221;logo-afs&#8221; align=&#8221;center&#8221; _builder_version=&#8221;4.21.0&#8243; _module_preset=&#8221;default&#8221; width=&#8221;50%&#8221; custom_margin=&#8221;-27px||3px|||&#8221; custom_padding=&#8221;||0px|||&#8221; global_colors_info=&#8221;{}&#8221;][\/et_pb_image][et_pb_text _builder_version=&#8221;4.21.0&#8243; _module_preset=&#8221;default&#8221; text_font=&#8221;Poppins||||||||&#8221; custom_margin=&#8221;39px|||||&#8221; global_colors_info=&#8221;{}&#8221;]<\/p>\n<h1 style=\"font-weight: 600; text-align: center; font-size: 40px;\">ASS.FOR.SEO. Societ\u00e0 Consortile a r.l.<\/h1>\n<p>[\/et_pb_text][\/et_pb_column][\/et_pb_row][et_pb_row column_structure=&#8221;1_2,1_2&#8243; _builder_version=&#8221;4.21.0&#8243; _module_preset=&#8221;default&#8221; global_colors_info=&#8221;{}&#8221;][et_pb_column type=&#8221;1_2&#8243; _builder_version=&#8221;4.21.0&#8243; _module_preset=&#8221;default&#8221; global_colors_info=&#8221;{}&#8221;][et_pb_text _builder_version=&#8221;4.21.0&#8243; _module_preset=&#8221;default&#8221; global_colors_info=&#8221;{}&#8221;]<div class=\"map_wrapper\" id=\"map_wrapper_275\">\n<div class=\"map_box\" style=\"max-width:2000px\">\n<div class=\"map_aspect_ratio\" style=\"padding-top:100%\" data-padding-top=\"100%\" data-padding-top-mobile=\"0%\">\n<div class=\"map_container\">\n<div class=\"map_render map_loading\" id=\"map_275\"><\/div>\n<\/div>\n<\/div>\n<\/div>\n<\/div>[\/et_pb_text][\/et_pb_column][et_pb_column type=&#8221;1_2&#8243; _builder_version=&#8221;4.21.0&#8243; _module_preset=&#8221;default&#8221; global_colors_info=&#8221;{}&#8221;][et_pb_text _builder_version=&#8221;4.21.0&#8243; _module_preset=&#8221;default&#8221; global_colors_info=&#8221;{}&#8221;]<strong>Tipo di organizzazione<\/strong>: Scuola\/Istituto\/Centro di formazione &#8211; Formazione professionale (livello terziario) <strong>Paese<\/strong>: Italia <strong>Regione<\/strong>: Lazio <strong>Citt\u00e0<\/strong>: Roma <strong>Sito web<\/strong>: <a href=\"https:\/\/www.assforseo.it\/\" target=\"_blank\" rel=\"noopener\">www.assforseo.it<\/a>[\/et_pb_text][\/et_pb_column][\/et_pb_row][et_pb_row _builder_version=&#8221;4.21.0&#8243; _module_preset=&#8221;default&#8221; custom_padding=&#8221;34px|||||&#8221; global_colors_info=&#8221;{}&#8221;][et_pb_column type=&#8221;4_4&#8243; _builder_version=&#8221;4.21.0&#8243; _module_preset=&#8221;default&#8221; global_colors_info=&#8221;{}&#8221;][et_pb_tabs active_tab_background_color=&#8221;#f8b729&#8243; inactive_tab_background_color=&#8221;#52aa3c&#8221; active_tab_text_color=&#8221;#1a448c&#8221; _builder_version=&#8221;4.21.0&#8243; _module_preset=&#8221;default&#8221; tab_text_color=&#8221;#1a448c&#8221; body_font=&#8221;Poppins||||||||&#8221; tab_font=&#8221;Poppins||||||||&#8221; tab_font_size=&#8221;18px&#8221; tab_line_height=&#8221;2em&#8221; background_color=&#8221;RGBA(255,255,255,0)&#8221; module_alignment=&#8221;center&#8221; custom_padding=&#8221;|10px|24px|10px|false|false&#8221; border_style_all=&#8221;none&#8221; global_colors_info=&#8221;{}&#8221;][et_pb_tab title=&#8221;Chi siamo&#8221; _builder_version=&#8221;4.21.0&#8243; _module_preset=&#8221;default&#8221; global_colors_info=&#8221;{}&#8221;]<\/p>\n<p>Ass.For.SEO \u00e8 una societ\u00e0 consortile senza scopo di lucro nata nel 1986 per fornire servizi nel campo della formazione professionale.<\/p>\n<p>L&#8217;azienda \u00e8 conforme alla Legge 40\/1987 ed \u00e8 quindi riconosciuta dal Ministero del Lavoro come &#8220;Agenzia formativa di rilevanza nazionale&#8221;. Ass.For.SEO ha sede a Roma (Regione Lazio) e ha una sede secondaria a Palermo (Regione Sicilia). L&#8217;azienda \u00e8 accreditata dalla Regione Lazio e dalla Regione Sicilia per l&#8217;erogazione di &#8220;Servizi di formazione professionale e orientamento&#8221; e &#8220;Servizi per il mercato del lavoro&#8221;, quindi pu\u00f2 presentare domanda ai fondi europei (principalmente Fondo Sociale Europeo) e nazionali che sostengono le politiche formative e del lavoro e pu\u00f2 rilasciare qualifiche\/certificati di formazione professionale in conformit\u00e0 al Repertorio delle qualifiche professionali (Decreto n. 13\/2013).<\/p>\n<p>Ass.For.SEO progetta e realizza progetti principalmente nel campo della formazione professionale, ma anche nella formazione continua, nell&#8217;educazione degli adulti e in molti altri campi (ad esempio, inclusione sociale, promozione dell&#8217;imprenditorialit\u00e0, sviluppo locale, cooperazione internazionale, servizi di consulenza per aziende private ed enti pubblici, ecc.) Oltre al personale interno (circa 14 dipendenti), Ass.For.SEO dispone di un&#8217;ampia rete di consulenti esterni (es. progettisti, formatori, tutor, counselor, mentori, ecc.) che possono coprire diverse aree di intervento e quindi possono facilmente attivare &#8220;team di progetto&#8221; specializzati da coinvolgere nei progetti di volta in volta approvati.<\/p>\n<p>Dal 2002 Ass.For.SEO ha ottenuto la certificazione di qualit\u00e0 UNI EN ISO 9001:2008 per le aree &#8220;Progettazione ed erogazione di servizi di orientamento, formazione e promozione dell&#8217;imprenditorialit\u00e0&#8221;. Ass.For.SEO, infatti, considera il monitoraggio e la valutazione processi chiave per garantire che i progetti siano implementati in modo efficiente ed efficace e raggiungano i risultati previsti in fase di progettazione. I &#8220;Neet&#8221; (giovani tra i 16 e i 29 anni che non frequentano corsi di istruzione, lavoro o formazione) rappresentano il principale gruppo target dell&#8217;azienda. Pi\u00f9 in generale, l&#8217;offerta di Ass.For.SEO si rivolge ai disoccupati che hanno problemi di inserimento\/reinserimento nel mercato del lavoro e che hanno bisogno di riqualificarsi o aggiornarsi per rafforzare la propria occupabilit\u00e0. L&#8217;offerta dell&#8217;azienda \u00e8 rivolta anche ai lavoratori dipendenti (formazione continua) e alla popolazione adulta in generale (educazione degli adulti, formazione permanente). Inoltre, nel corso degli anni Ass.For.SEO ha prestato sempre pi\u00f9 attenzione alle categorie vulnerabili (ad esempio immigrati, donne, ex detenuti, beneficiari di sussidi di disoccupazione, ecc.) che incontrano maggiori difficolt\u00e0 a entrare\/reinserirsi nel mercato del lavoro e problemi pi\u00f9 ampi di inclusione sociale.<\/p>\n<p>Ass.For.SEO, fin dai primi anni Novanta, ha partecipato a diversi progetti internazionali finanziati da programmi e iniziative dell&#8217;Unione Europea (ad esempio Now, Urban, Integra, Art. 6 ESF, Leonardo da Vinci, Socrates, etc.). Inoltre, l&#8217;azienda ha realizzato attivit\u00e0 internazionali anche nell&#8217;ambito della politica di coesione dell&#8217;UE (ad esempio, Equal, Interreg, PON FSE 2000-2006, POR FSE Regione Lazio, ecc.) o finanziate da programmi nazionali (ad esempio, il programma di formazione del Ministero del Lavoro per i cittadini italiani residenti in Paesi extra UE). Attualmente la societ\u00e0 gestisce come capofila due progetti Interreg &#8211; &#8220;MedDecouplage&#8221; (PO Interreg Italia-Tunisia 2014-2020, 2020 &#8211; 2019\/in corso); &#8220;MOVE ON: mobilit\u00e0 transfrontaliera attraverso uno schema di voucher&#8221; (PO Interreg Italia-Malta 2014-2020, 2020\/in corso) &#8211; ed \u00e8 partner di progetto del recente progetto &#8220;Embrace&#8221; (PO Interreg MED 2014-2020, 2018 &#8211; 2021).<\/p>\n<p>[\/et_pb_tab][et_pb_tab title=&#8221;Il nostro ruolo nel progetto&#8221; _builder_version=&#8221;4.21.0&#8243; _module_preset=&#8221;default&#8221; body_ul_font=&#8221;Poppins||||||||&#8221; global_colors_info=&#8221;{}&#8221;]L&#8217;offerta formativa di Ass.For.SEO si basa sempre su un&#8217;approfondita analisi dei fabbisogni formativi e su altre tipologie di ricerche che si focalizzano sia sui gap di competenze presenti nel mercato del lavoro sia sulle esigenze di sviluppo del settore\/territorio di riferimento del progetto specifico da progettare. Inoltre, per garantire la massima trasparenza alle conoscenze e alle competenze acquisite dai propri allievi, i corsi di formazione proposti dall&#8217;azienda sono solitamente conformi al &#8220;Repertorio delle qualifiche professionali&#8221; ufficiale della Regione in cui i corsi vengono realizzati. I corsi di formazione proposti da Ass.For.SEO sono incentrati principalmente sulla trasmissione di competenze tecniche professionalizzanti ma danno grande rilevanza anche alle &#8220;competenze trasversali&#8221; che al giorno d&#8217;oggi sono pressoch\u00e9 indispensabili per inserirsi e operare efficacemente nel mercato del lavoro (es. competenze digitali, competenze linguistiche, competenze comunicative e comportamentali, etc.). In particolare Ass.For.SEO presta grande attenzione allo sviluppo delle competenze digitali, tema quasi sempre presente nella sua offerta formativa anche se con modalit\u00e0 diversificate (es. corsi specialistici per le professioni del settore ICT, modulo formativo trasversale, ampio uso delle ICT nei laboratori pratici, ecc.) A questo proposito vale la pena ricordare che Ass.For.SEO sta attuando un piano di &#8220;smart working&#8221; (&#8220;Smart Ass.For.SEO&#8221;) volto ad accrescere le competenze digitali dei propri dipendenti non solo per far fronte all&#8217;emergenza dovuta alla pandemia Covid-19 ma anche per meglio adattarsi ai continui cambiamenti che la &#8220;transizione digitale&#8221; sta introducendo nel campo dell&#8217;istruzione, della formazione e dei servizi di consulenza. Questa attenzione alle competenze digitali sar\u00e0 fondamentale per attuare efficacemente il progetto e i suoi risultati, oltre che al settore della formazione, saranno estesi (con i necessari adattamenti) anche ad altre aree di attivit\u00e0 di Ass.For.SEO (ad esempio orientamento, consulenza per l&#8217;inserimento lavorativo, promozione dell&#8217;imprenditorialit\u00e0, servizi di consulenza per aziende private ed enti pubblici). [\/et_pb_tab][\/et_pb_tabs][\/et_pb_column][\/et_pb_row][\/et_pb_section]<\/p>\n","protected":false},"excerpt":{"rendered":"<p>ASS.FOR.SEO. Societ\u00e0 Consortile a r.l.<div class=\"map_wrapper\" id=\"map_wrapper_275\">\n<div class=\"map_box\" style=\"max-width:2000px\">\n<div class=\"map_aspect_ratio\" style=\"padding-top:100%\" data-padding-top=\"100%\" data-padding-top-mobile=\"0%\">\n<div class=\"map_container\">\n<div class=\"map_render map_loading\" id=\"map_275\"><\/div>\n<\/div>\n<\/div>\n<\/div>\n<\/div>Tipo di organizzazione: Scuola\/Istituto\/Centro di formazione &#8211; Formazione professionale (livello terziario) Paese: Italia Regione: Lazio Citt\u00e0: Roma Sito web: www.assforseo.itAss.For.SEO \u00e8 una societ\u00e0 consortile senza scopo di lucro nata nel 1986 per fornire servizi nel campo della formazione professionale. L&#8217;azienda \u00e8 conforme alla Legge 40\/1987 ed \u00e8 quindi riconosciuta dal [&hellip;]<\/p>\n","protected":false},"author":2,"featured_media":0,"parent":620,"menu_order":0,"comment_status":"closed","ping_status":"closed","template":"","meta":{"_et_pb_use_builder":"on","_et_pb_old_content":"","_et_gb_content_width":"","footnotes":""},"class_list":["post-597","page","type-page","status-publish","hentry"],"yoast_head":"<!-- This site is optimized with the Yoast SEO plugin v21.8 - https:\/\/yoast.com\/wordpress\/plugins\/seo\/ -->\n<title>Assforseo - Echoes<\/title>\n<meta name=\"robots\" content=\"index, follow, max-snippet:-1, max-image-preview:large, max-video-preview:-1\" \/>\n<link rel=\"canonical\" href=\"https:\/\/echoes-erasmusplus.eu\/it\/partner\/assforseo\/\" \/>\n<meta property=\"og:locale\" content=\"it_IT\" \/>\n<meta property=\"og:type\" content=\"article\" \/>\n<meta property=\"og:title\" content=\"Assforseo - Echoes\" \/>\n<meta property=\"og:description\" content=\"ASS.FOR.SEO. Societ\u00e0 Consortile a r.l.Tipo di organizzazione: Scuola\/Istituto\/Centro di formazione - Formazione professionale (livello terziario) Paese: Italia Regione: Lazio Citt\u00e0: Roma Sito web: www.assforseo.itAss.For.SEO \u00e8 una societ\u00e0 consortile senza scopo di lucro nata nel 1986 per fornire servizi nel campo della formazione professionale. L&#039;azienda \u00e8 conforme alla Legge 40\/1987 ed \u00e8 quindi riconosciuta dal [&hellip;]\" \/>\n<meta property=\"og:url\" content=\"https:\/\/echoes-erasmusplus.eu\/it\/partner\/assforseo\/\" \/>\n<meta property=\"og:site_name\" content=\"Echoes\" \/>\n<meta property=\"article:modified_time\" content=\"2024-09-13T15:02:14+00:00\" \/>\n<meta name=\"twitter:card\" content=\"summary_large_image\" \/>\n<meta name=\"twitter:label1\" content=\"Tempo di lettura stimato\" \/>\n\t<meta name=\"twitter:data1\" content=\"5 minuti\" \/>\n<script type=\"application\/ld+json\" class=\"yoast-schema-graph\">{\"@context\":\"https:\/\/schema.org\",\"@graph\":[{\"@type\":\"WebPage\",\"@id\":\"https:\/\/echoes-erasmusplus.eu\/it\/partner\/assforseo\/\",\"url\":\"https:\/\/echoes-erasmusplus.eu\/it\/partner\/assforseo\/\",\"name\":\"Assforseo - Echoes\",\"isPartOf\":{\"@id\":\"https:\/\/echoes-erasmusplus.eu\/it\/#website\"},\"datePublished\":\"2023-10-16T10:01:24+00:00\",\"dateModified\":\"2024-09-13T15:02:14+00:00\",\"breadcrumb\":{\"@id\":\"https:\/\/echoes-erasmusplus.eu\/it\/partner\/assforseo\/#breadcrumb\"},\"inLanguage\":\"it-IT\",\"potentialAction\":[{\"@type\":\"ReadAction\",\"target\":[\"https:\/\/echoes-erasmusplus.eu\/it\/partner\/assforseo\/\"]}]},{\"@type\":\"BreadcrumbList\",\"@id\":\"https:\/\/echoes-erasmusplus.eu\/it\/partner\/assforseo\/#breadcrumb\",\"itemListElement\":[{\"@type\":\"ListItem\",\"position\":1,\"name\":\"Home\",\"item\":\"https:\/\/echoes-erasmusplus.eu\/it\/\"},{\"@type\":\"ListItem\",\"position\":2,\"name\":\"Partner\",\"item\":\"https:\/\/echoes-erasmusplus.eu\/it\/partners\/\"},{\"@type\":\"ListItem\",\"position\":3,\"name\":\"Assforseo\"}]},{\"@type\":\"WebSite\",\"@id\":\"https:\/\/echoes-erasmusplus.eu\/it\/#website\",\"url\":\"https:\/\/echoes-erasmusplus.eu\/it\/\",\"name\":\"ECHOES\",\"description\":\"Extended Classrooms for Higher Opportunities Enhancing Skills\",\"publisher\":{\"@id\":\"https:\/\/echoes-erasmusplus.eu\/it\/#organization\"},\"potentialAction\":[{\"@type\":\"SearchAction\",\"target\":{\"@type\":\"EntryPoint\",\"urlTemplate\":\"https:\/\/echoes-erasmusplus.eu\/it\/?s={search_term_string}\"},\"query-input\":\"required name=search_term_string\"}],\"inLanguage\":\"it-IT\"},{\"@type\":\"Organization\",\"@id\":\"https:\/\/echoes-erasmusplus.eu\/it\/#organization\",\"name\":\"ECHOES Extended Classrooms for Higher Opportunities Enhancing Skills\",\"url\":\"https:\/\/echoes-erasmusplus.eu\/it\/\",\"logo\":{\"@type\":\"ImageObject\",\"inLanguage\":\"it-IT\",\"@id\":\"https:\/\/echoes-erasmusplus.eu\/it\/#\/schema\/logo\/image\/\",\"url\":\"https:\/\/echoes-erasmusplus.eu\/wp-content\/uploads\/2023\/06\/logo-echoes.png\",\"contentUrl\":\"https:\/\/echoes-erasmusplus.eu\/wp-content\/uploads\/2023\/06\/logo-echoes.png\",\"width\":499,\"height\":160,\"caption\":\"ECHOES Extended Classrooms for Higher Opportunities Enhancing Skills\"},\"image\":{\"@id\":\"https:\/\/echoes-erasmusplus.eu\/it\/#\/schema\/logo\/image\/\"}}]}<\/script>\n<!-- \/ Yoast SEO plugin. -->","yoast_head_json":{"title":"Assforseo - Echoes","robots":{"index":"index","follow":"follow","max-snippet":"max-snippet:-1","max-image-preview":"max-image-preview:large","max-video-preview":"max-video-preview:-1"},"canonical":"https:\/\/echoes-erasmusplus.eu\/it\/partner\/assforseo\/","og_locale":"it_IT","og_type":"article","og_title":"Assforseo - Echoes","og_description":"ASS.FOR.SEO. Societ\u00e0 Consortile a r.l.Tipo di organizzazione: Scuola\/Istituto\/Centro di formazione - Formazione professionale (livello terziario) Paese: Italia Regione: Lazio Citt\u00e0: Roma Sito web: www.assforseo.itAss.For.SEO \u00e8 una societ\u00e0 consortile senza scopo di lucro nata nel 1986 per fornire servizi nel campo della formazione professionale. L'azienda \u00e8 conforme alla Legge 40\/1987 ed \u00e8 quindi riconosciuta dal [&hellip;]","og_url":"https:\/\/echoes-erasmusplus.eu\/it\/partner\/assforseo\/","og_site_name":"Echoes","article_modified_time":"2024-09-13T15:02:14+00:00","twitter_card":"summary_large_image","twitter_misc":{"Tempo di lettura stimato":"5 minuti"},"schema":{"@context":"https:\/\/schema.org","@graph":[{"@type":"WebPage","@id":"https:\/\/echoes-erasmusplus.eu\/it\/partner\/assforseo\/","url":"https:\/\/echoes-erasmusplus.eu\/it\/partner\/assforseo\/","name":"Assforseo - Echoes","isPartOf":{"@id":"https:\/\/echoes-erasmusplus.eu\/it\/#website"},"datePublished":"2023-10-16T10:01:24+00:00","dateModified":"2024-09-13T15:02:14+00:00","breadcrumb":{"@id":"https:\/\/echoes-erasmusplus.eu\/it\/partner\/assforseo\/#breadcrumb"},"inLanguage":"it-IT","potentialAction":[{"@type":"ReadAction","target":["https:\/\/echoes-erasmusplus.eu\/it\/partner\/assforseo\/"]}]},{"@type":"BreadcrumbList","@id":"https:\/\/echoes-erasmusplus.eu\/it\/partner\/assforseo\/#breadcrumb","itemListElement":[{"@type":"ListItem","position":1,"name":"Home","item":"https:\/\/echoes-erasmusplus.eu\/it\/"},{"@type":"ListItem","position":2,"name":"Partner","item":"https:\/\/echoes-erasmusplus.eu\/it\/partners\/"},{"@type":"ListItem","position":3,"name":"Assforseo"}]},{"@type":"WebSite","@id":"https:\/\/echoes-erasmusplus.eu\/it\/#website","url":"https:\/\/echoes-erasmusplus.eu\/it\/","name":"ECHOES","description":"Extended Classrooms for Higher Opportunities Enhancing Skills","publisher":{"@id":"https:\/\/echoes-erasmusplus.eu\/it\/#organization"},"potentialAction":[{"@type":"SearchAction","target":{"@type":"EntryPoint","urlTemplate":"https:\/\/echoes-erasmusplus.eu\/it\/?s={search_term_string}"},"query-input":"required name=search_term_string"}],"inLanguage":"it-IT"},{"@type":"Organization","@id":"https:\/\/echoes-erasmusplus.eu\/it\/#organization","name":"ECHOES Extended Classrooms for Higher Opportunities Enhancing Skills","url":"https:\/\/echoes-erasmusplus.eu\/it\/","logo":{"@type":"ImageObject","inLanguage":"it-IT","@id":"https:\/\/echoes-erasmusplus.eu\/it\/#\/schema\/logo\/image\/","url":"https:\/\/echoes-erasmusplus.eu\/wp-content\/uploads\/2023\/06\/logo-echoes.png","contentUrl":"https:\/\/echoes-erasmusplus.eu\/wp-content\/uploads\/2023\/06\/logo-echoes.png","width":499,"height":160,"caption":"ECHOES Extended Classrooms for Higher Opportunities Enhancing Skills"},"image":{"@id":"https:\/\/echoes-erasmusplus.eu\/it\/#\/schema\/logo\/image\/"}}]}},"_links":{"self":[{"href":"https:\/\/echoes-erasmusplus.eu\/it\/wp-json\/wp\/v2\/pages\/597","targetHints":{"allow":["GET"]}}],"collection":[{"href":"https:\/\/echoes-erasmusplus.eu\/it\/wp-json\/wp\/v2\/pages"}],"about":[{"href":"https:\/\/echoes-erasmusplus.eu\/it\/wp-json\/wp\/v2\/types\/page"}],"author":[{"embeddable":true,"href":"https:\/\/echoes-erasmusplus.eu\/it\/wp-json\/wp\/v2\/users\/2"}],"replies":[{"embeddable":true,"href":"https:\/\/echoes-erasmusplus.eu\/it\/wp-json\/wp\/v2\/comments?post=597"}],"version-history":[{"count":7,"href":"https:\/\/echoes-erasmusplus.eu\/it\/wp-json\/wp\/v2\/pages\/597\/revisions"}],"predecessor-version":[{"id":2678,"href":"https:\/\/echoes-erasmusplus.eu\/it\/wp-json\/wp\/v2\/pages\/597\/revisions\/2678"}],"up":[{"embeddable":true,"href":"https:\/\/echoes-erasmusplus.eu\/it\/wp-json\/wp\/v2\/pages\/620"}],"wp:attachment":[{"href":"https:\/\/echoes-erasmusplus.eu\/it\/wp-json\/wp\/v2\/media?parent=597"}],"curies":[{"name":"wp","href":"https:\/\/api.w.org\/{rel}","templated":true}]}}