{"id":609,"date":"2023-10-16T10:01:51","date_gmt":"2023-10-16T10:01:51","guid":{"rendered":"https:\/\/echoes-erasmusplus.eu\/parco-primorski-tehnoloski\/"},"modified":"2024-09-13T14:13:58","modified_gmt":"2024-09-13T14:13:58","slug":"parco-primorski-tehnoloski","status":"publish","type":"page","link":"https:\/\/echoes-erasmusplus.eu\/it\/partner\/parco-primorski-tehnoloski\/","title":{"rendered":"Primorski Tehnoloski Park"},"content":{"rendered":"<p>[et_pb_section fb_built=&#8221;1&#8243; _builder_version=&#8221;4.21.0&#8243; _module_preset=&#8221;default&#8221; custom_margin=&#8221;||4px|||&#8221; custom_padding=&#8221;48px||5px|||&#8221; global_colors_info=&#8221;{}&#8221;][et_pb_row _builder_version=&#8221;4.21.0&#8243; _module_preset=&#8221;default&#8221; custom_padding=&#8221;3px|||||&#8221; global_colors_info=&#8221;{}&#8221;][et_pb_column type=&#8221;4_4&#8243; _builder_version=&#8221;4.21.0&#8243; _module_preset=&#8221;default&#8221; global_colors_info=&#8221;{}&#8221;][et_pb_image src=&#8221;https:\/\/echoes-erasmusplus.eu\/wp-content\/uploads\/2023\/06\/primorski.png&#8221; title_text=&#8221;primorski&#8221; align=&#8221;center&#8221; _builder_version=&#8221;4.21.0&#8243; _module_preset=&#8221;default&#8221; width=&#8221;50%&#8221; custom_margin=&#8221;-27px||3px|||&#8221; custom_padding=&#8221;||0px|||&#8221; global_colors_info=&#8221;{}&#8221;][\/et_pb_image][et_pb_text _builder_version=&#8221;4.21.0&#8243; _module_preset=&#8221;default&#8221; text_font=&#8221;Poppins||||||||&#8221; custom_margin=&#8221;39px|||||&#8221; global_colors_info=&#8221;{}&#8221;]<\/p>\n<h1 style=\"font-weight: 600; text-align: center; font-size: 40px;\">PARCO PRIMORSKI TEHNOLOSKI<\/h1>\n<p>[\/et_pb_text][\/et_pb_column][\/et_pb_row][et_pb_row column_structure=&#8221;1_2,1_2&#8243; _builder_version=&#8221;4.21.0&#8243; _module_preset=&#8221;default&#8221; global_colors_info=&#8221;{}&#8221;][et_pb_column type=&#8221;1_2&#8243; _builder_version=&#8221;4.21.0&#8243; _module_preset=&#8221;default&#8221; global_colors_info=&#8221;{}&#8221;][et_pb_text _builder_version=&#8221;4.21.0&#8243; _module_preset=&#8221;default&#8221; global_colors_info=&#8221;{}&#8221;]<div class=\"map_wrapper\" id=\"map_wrapper_282\">\n<div class=\"map_box\" style=\"max-width:2000px\">\n<div class=\"map_aspect_ratio\" style=\"padding-top:100%\" data-padding-top=\"100%\" data-padding-top-mobile=\"0%\">\n<div class=\"map_container\">\n<div class=\"map_render map_loading\" id=\"map_282\"><\/div>\n<\/div>\n<\/div>\n<\/div>\n<\/div>[\/et_pb_text][\/et_pb_column][et_pb_column type=&#8221;1_2&#8243; _builder_version=&#8221;4.21.0&#8243; _module_preset=&#8221;default&#8221; global_colors_info=&#8221;{}&#8221;][et_pb_text _builder_version=&#8221;4.21.0&#8243; _module_preset=&#8221;default&#8221; global_colors_info=&#8221;{}&#8221;]<\/p>\n<p><strong>Tipo di organizzazione<\/strong>: Parte sociale o altro rappresentante della vita lavorativa (camere di commercio, sindacato, associazione di categoria)<\/p>\n<p><strong>Paese<\/strong>: Slovenia<\/p>\n<p><strong>Citt\u00e0<\/strong>: <span>\u0160empeter pri Gorici<\/span><\/p>\n<p><strong>Sito web<\/strong>: <a href=\"https:\/\/www.primorski-tp.si\/\" target=\"_blank\" rel=\"noopener\">www.primorski-tp.si<\/a><\/p>\n<p>[\/et_pb_text][\/et_pb_column][\/et_pb_row][et_pb_row _builder_version=&#8221;4.21.0&#8243; _module_preset=&#8221;default&#8221; custom_padding=&#8221;34px|||||&#8221; global_colors_info=&#8221;{}&#8221;][et_pb_column type=&#8221;4_4&#8243; _builder_version=&#8221;4.21.0&#8243; _module_preset=&#8221;default&#8221; global_colors_info=&#8221;{}&#8221;][et_pb_tabs active_tab_background_color=&#8221;#f8b729&#8243; inactive_tab_background_color=&#8221;#52aa3c&#8221; active_tab_text_color=&#8221;#1a448c&#8221; _builder_version=&#8221;4.21.0&#8243; _module_preset=&#8221;default&#8221; tab_text_color=&#8221;#1a448c&#8221; body_font=&#8221;Poppins||||||||&#8221; tab_font=&#8221;Poppins||||||||&#8221; tab_font_size=&#8221;18px&#8221; tab_line_height=&#8221;2em&#8221; background_color=&#8221;RGBA(255,255,255,0)&#8221; module_alignment=&#8221;center&#8221; custom_padding=&#8221;|10px|24px|10px|false|false&#8221; border_style_all=&#8221;none&#8221; global_colors_info=&#8221;{}&#8221;][et_pb_tab title=&#8221;Chi siamo&#8221; _builder_version=&#8221;4.21.0&#8243; _module_preset=&#8221;default&#8221; global_colors_info=&#8221;{}&#8221;]<\/p>\n<p>Il Parco tecnologico di Primorska \u00e8 stato fondato nel 2000 come istituzione di supporto per lo sviluppo dell&#8217;imprenditorialit\u00e0, dell&#8217;innovazione e della creativit\u00e0 nell&#8217;ambiente regionale. Da allora ha creato una comunit\u00e0 imprenditoriale dinamica nella regione. Si trova all&#8217;incrocio tra Nova Gorica (Slovenia) e Gorizia (Italia). Il sito si trova sull&#8217;autostrada che collega Venezia e Lubiana, e siamo a soli 30 km dall&#8217;aeroporto di Trieste. Grazie alla sua posizione strategica e all&#8217;ambiente moderno, qui si incontrano aziende giovani e grandi provenienti dalla Slovenia, dall&#8217;Italia, da tutta Europa e dal mondo. Siamo portatori dei pi\u00f9 moderni metodi imprenditoriali, siamo il collegamento tra imprenditori, investitori, mentori, consulenti, ricercatori e altri esperti, e creiamo le condizioni ottimali per la creazione, la crescita e lo sviluppo delle aziende.  <\/p>\n<p>Nel Parco tecnologico Primorska vengono fondate giovani aziende. Li accompagniamo dai primi passi fino al grande successo. Crediamo in una nuova generazione che creer\u00e0 un promettente ecosistema imprenditoriale. Investiamo sistematicamente nello sviluppo delle conoscenze dei giovani talenti (potenziali imprenditori) e delle giovani aziende. Offriamo programmi per le giovani aziende che vogliono avere pi\u00f9 successo e programmi per coloro che stanno solo sviluppando le loro idee e capacit\u00e0 imprenditoriali. Collaboriamo con successo con molti partner del mondo degli affari, dell&#8217;istruzione, della ricerca e di altri settori.  <\/p>\n<p>I nostri servizi sono gratuiti per gli utenti, poich\u00e9 raccogliamo fondi con successo attraverso vari progetti nazionali e internazionali. Il ruolo fondamentale del Parco tecnologico di Primorska, che agisce come incubatore d&#8217;impresa (GoStartup), \u00e8 quello di fornire supporto agli imprenditori e ai potenziali imprenditori nell&#8217;esaminare le opportunit\u00e0 di mercato, nello sviluppare idee imprenditoriali e modelli di business, nell&#8217;avviare e far crescere un&#8217;impresa e nell&#8217;entrare nel mercato (internazionale). Organizziamo vari programmi imprenditoriali (GoStartup School, GoStartup Master, GoStartup Weekend, GoStartup Club, &#8230;), vari workshop di conoscenza per lo sviluppo di competenze chiave (marketing online, negozio online, ottimizzazione del sito web, gestione del progetto, &#8230;), programma di mentoring con imprenditori di successo (Mentoring 1: 1), eventi promozionali e motivazionali ed eventi di networking. Nell&#8217;ambito dell&#8217;incubatore sono gi\u00e0 state fondate pi\u00f9 di 200 aziende di vari settori.  <\/p>\n<p>Il Parco tecnologico di Primorska \u00e8 anche l&#8217;organizzatore del Concorso imprenditoriale per giovani sotto i 29 anni (POPRI) di tutta la Slovenia, collegato a livello internazionale con il Concorso imprenditoriale Genius Olympiad di New York, negli Stati Uniti. Oltre al concorso, organizziamo anche una serie di workshop consecutivi sotto il nome di &#8220;Entrepreneurial Experiment&#8221;, che \u00e8 l&#8217;attivit\u00e0 di accompagnamento del concorso. Lo scopo dei workshop e dei concorsi \u00e8 quello di promuovere competenze come lo spirito imprenditoriale, la creativit\u00e0, il pensiero imprenditoriale, il lavoro di squadra, il parlare in pubblico, la capacit\u00e0 di negoziazione, la trasformazione di un&#8217;idea imprenditoriale in un modello di business, la prototipazione, ecc.  <\/p>\n<p>Il Parco Tecnologico Primorska \u00e8 anche un fornitore di spazi aziendali innovativi e creativi. Oltre a uffici, aule, sale riunioni (la dimensione dell&#8217;edificio \u00e8 di circa 5000 m2), Internet gratuito e altri vantaggi infrastrutturali, offre uno spazio di coworking dedicato a una nuova tendenza di lavoratori autonomi (freelance, membri di team di start-up,&#8230;). Il Parco tecnologico di Primorska \u00e8 uno degli attori pi\u00f9 importanti dell&#8217;ecosistema imprenditoriale e innovativo sloveno e fornisce un supporto completo alle aziende nelle fasi iniziali e avanzate.<\/p>\n<p>[\/et_pb_tab][et_pb_tab title=&#8221;Il nostro ruolo nel progetto&#8221; _builder_version=&#8221;4.21.0&#8243; _module_preset=&#8221;default&#8221; body_ul_font=&#8221;Poppins||||||||&#8221; global_colors_info=&#8221;{}&#8221;]<\/p>\n<p>Il Parco Tecnologico Primorska e il suo team hanno una ricca e lunga esperienza di lavoro con imprenditori, potenziali imprenditori e giovani promettenti. La maggior parte dei programmi del Parco Tecnologico Primorska \u00e8 finalizzata alla formazione di giovani talenti, potenziali imprenditori e imprenditori (start-up, scale-up, spin-off e altri). Il Parco Tecnologico di Primorska ha quindi creato una ricca rete e connessioni con vari mentori aziendali, istituzioni educative, soggetti di un ambiente favorevole e innovativo, investitori, ecc. Durante tutti gli anni in cui sono stati offerti vari programmi aziendali, il Parco Tecnologico Primorska ha creato ricchi legami non solo con i partecipanti, ma anche con le istituzioni di supporto (scuole, universit\u00e0, parchi tecnologici, incubatori, investitori, ricercatori, comuni, &#8230;).  <\/p>\n<p>La buona conoscenza del pubblico target ci ha permesso di sviluppare con successo un marketing appropriato (mirato), che facilita l&#8217;invito e il coinvolgimento dei gruppi target nei nostri programmi. Il team del Parco Tecnologico Primorska ha una vasta esperienza nell&#8217;organizzazione di eventi (dal punto di vista tecnico, dei contenuti e del marketing), in quanto basa il lavoro del Parco Tecnologico sull&#8217;implementazione di varie attivit\u00e0, che vengono svolte in pratica sotto forma di workshop ed eventi promozionali.  <\/p>\n<p>Grazie alla partecipazione a diversi progetti nazionali e internazionali (UE), il team del Parco Tecnologico ha una grande conoscenza nel campo delle gare d&#8217;appalto, della gestione dei progetti, della rendicontazione e molti contatti internazionali. Tutte le esperienze e le conoscenze elencate darebbero certamente un contributo utile al successo del progetto. Oltre alle proprie conoscenze, il Parco Tecnologico Primorska dispone anche di una ricca rete di mentori imprenditoriali che formano la comunit\u00e0 imprenditoriale e co-creano un contributo ai progetti realizzati con successo. Con tutte queste premesse, l&#8217;organizzazione del Parco tecnologico di Primorska potrebbe dare un contributo di qualit\u00e0 alla realizzazione del progetto.<\/p>\n<p>[\/et_pb_tab][\/et_pb_tabs][\/et_pb_column][\/et_pb_row][\/et_pb_section]<\/p>\n","protected":false},"excerpt":{"rendered":"<p>PARCO PRIMORSKI TEHNOLOSKI<div class=\"map_wrapper\" id=\"map_wrapper_282\">\n<div class=\"map_box\" style=\"max-width:2000px\">\n<div class=\"map_aspect_ratio\" style=\"padding-top:100%\" data-padding-top=\"100%\" data-padding-top-mobile=\"0%\">\n<div class=\"map_container\">\n<div class=\"map_render map_loading\" id=\"map_282\"><\/div>\n<\/div>\n<\/div>\n<\/div>\n<\/div>Tipo di organizzazione: Parte sociale o altro rappresentante della vita lavorativa (camere di commercio, sindacato, associazione di categoria) Paese: Slovenia Citt\u00e0: \u0160empeter pri Gorici Sito web: www.primorski-tp.siIl Parco tecnologico di Primorska \u00e8 stato fondato nel 2000 come istituzione di supporto per lo sviluppo dell&#8217;imprenditorialit\u00e0, dell&#8217;innovazione e della creativit\u00e0 nell&#8217;ambiente regionale. Da allora [&hellip;]<\/p>\n","protected":false},"author":2,"featured_media":0,"parent":620,"menu_order":0,"comment_status":"closed","ping_status":"closed","template":"","meta":{"_et_pb_use_builder":"on","_et_pb_old_content":"","_et_gb_content_width":"","footnotes":""},"class_list":["post-609","page","type-page","status-publish","hentry"],"yoast_head":"<!-- This site is optimized with the Yoast SEO plugin v21.8 - https:\/\/yoast.com\/wordpress\/plugins\/seo\/ -->\n<title>Primorski Tehnoloski Park - Echoes<\/title>\n<meta name=\"description\" content=\"Il Parco Tecnologico Primorska \u00e8 stato fondato nel 2000 come istituzione di supporto per lo sviluppo dell&#039;imprenditorialit\u00e0, dell&#039;innovazione e della creativit\u00e0...\" \/>\n<meta name=\"robots\" content=\"index, follow, max-snippet:-1, max-image-preview:large, max-video-preview:-1\" \/>\n<link rel=\"canonical\" href=\"https:\/\/echoes-erasmusplus.eu\/it\/partner\/parco-primorski-tehnoloski\/\" \/>\n<meta property=\"og:locale\" content=\"it_IT\" \/>\n<meta property=\"og:type\" content=\"article\" \/>\n<meta property=\"og:title\" content=\"Primorski Tehnoloski Park - Echoes\" \/>\n<meta property=\"og:description\" content=\"Il Parco Tecnologico Primorska \u00e8 stato fondato nel 2000 come istituzione di supporto per lo sviluppo dell&#039;imprenditorialit\u00e0, dell&#039;innovazione e della creativit\u00e0...\" \/>\n<meta property=\"og:url\" content=\"https:\/\/echoes-erasmusplus.eu\/it\/partner\/parco-primorski-tehnoloski\/\" \/>\n<meta property=\"og:site_name\" content=\"Echoes\" \/>\n<meta property=\"article:modified_time\" content=\"2024-09-13T14:13:58+00:00\" \/>\n<meta name=\"twitter:card\" content=\"summary_large_image\" \/>\n<meta name=\"twitter:label1\" content=\"Tempo di lettura stimato\" \/>\n\t<meta name=\"twitter:data1\" content=\"5 minuti\" \/>\n<script type=\"application\/ld+json\" class=\"yoast-schema-graph\">{\"@context\":\"https:\/\/schema.org\",\"@graph\":[{\"@type\":\"WebPage\",\"@id\":\"https:\/\/echoes-erasmusplus.eu\/it\/partner\/parco-primorski-tehnoloski\/\",\"url\":\"https:\/\/echoes-erasmusplus.eu\/it\/partner\/parco-primorski-tehnoloski\/\",\"name\":\"Primorski Tehnoloski Park - Echoes\",\"isPartOf\":{\"@id\":\"https:\/\/echoes-erasmusplus.eu\/it\/#website\"},\"datePublished\":\"2023-10-16T10:01:51+00:00\",\"dateModified\":\"2024-09-13T14:13:58+00:00\",\"description\":\"Il Parco Tecnologico Primorska \u00e8 stato fondato nel 2000 come istituzione di supporto per lo sviluppo dell'imprenditorialit\u00e0, dell'innovazione e della creativit\u00e0...\",\"breadcrumb\":{\"@id\":\"https:\/\/echoes-erasmusplus.eu\/it\/partner\/parco-primorski-tehnoloski\/#breadcrumb\"},\"inLanguage\":\"it-IT\",\"potentialAction\":[{\"@type\":\"ReadAction\",\"target\":[\"https:\/\/echoes-erasmusplus.eu\/it\/partner\/parco-primorski-tehnoloski\/\"]}]},{\"@type\":\"BreadcrumbList\",\"@id\":\"https:\/\/echoes-erasmusplus.eu\/it\/partner\/parco-primorski-tehnoloski\/#breadcrumb\",\"itemListElement\":[{\"@type\":\"ListItem\",\"position\":1,\"name\":\"Home\",\"item\":\"https:\/\/echoes-erasmusplus.eu\/it\/\"},{\"@type\":\"ListItem\",\"position\":2,\"name\":\"Partner\",\"item\":\"https:\/\/echoes-erasmusplus.eu\/it\/partners\/\"},{\"@type\":\"ListItem\",\"position\":3,\"name\":\"Primorski Tehnoloski Park\"}]},{\"@type\":\"WebSite\",\"@id\":\"https:\/\/echoes-erasmusplus.eu\/it\/#website\",\"url\":\"https:\/\/echoes-erasmusplus.eu\/it\/\",\"name\":\"ECHOES\",\"description\":\"Extended Classrooms for Higher Opportunities Enhancing Skills\",\"publisher\":{\"@id\":\"https:\/\/echoes-erasmusplus.eu\/it\/#organization\"},\"potentialAction\":[{\"@type\":\"SearchAction\",\"target\":{\"@type\":\"EntryPoint\",\"urlTemplate\":\"https:\/\/echoes-erasmusplus.eu\/it\/?s={search_term_string}\"},\"query-input\":\"required name=search_term_string\"}],\"inLanguage\":\"it-IT\"},{\"@type\":\"Organization\",\"@id\":\"https:\/\/echoes-erasmusplus.eu\/it\/#organization\",\"name\":\"ECHOES Extended Classrooms for Higher Opportunities Enhancing Skills\",\"url\":\"https:\/\/echoes-erasmusplus.eu\/it\/\",\"logo\":{\"@type\":\"ImageObject\",\"inLanguage\":\"it-IT\",\"@id\":\"https:\/\/echoes-erasmusplus.eu\/it\/#\/schema\/logo\/image\/\",\"url\":\"https:\/\/echoes-erasmusplus.eu\/wp-content\/uploads\/2023\/06\/logo-echoes.png\",\"contentUrl\":\"https:\/\/echoes-erasmusplus.eu\/wp-content\/uploads\/2023\/06\/logo-echoes.png\",\"width\":499,\"height\":160,\"caption\":\"ECHOES Extended Classrooms for Higher Opportunities Enhancing Skills\"},\"image\":{\"@id\":\"https:\/\/echoes-erasmusplus.eu\/it\/#\/schema\/logo\/image\/\"}}]}<\/script>\n<!-- \/ Yoast SEO plugin. -->","yoast_head_json":{"title":"Primorski Tehnoloski Park - Echoes","description":"Il Parco Tecnologico Primorska \u00e8 stato fondato nel 2000 come istituzione di supporto per lo sviluppo dell'imprenditorialit\u00e0, dell'innovazione e della creativit\u00e0...","robots":{"index":"index","follow":"follow","max-snippet":"max-snippet:-1","max-image-preview":"max-image-preview:large","max-video-preview":"max-video-preview:-1"},"canonical":"https:\/\/echoes-erasmusplus.eu\/it\/partner\/parco-primorski-tehnoloski\/","og_locale":"it_IT","og_type":"article","og_title":"Primorski Tehnoloski Park - Echoes","og_description":"Il Parco Tecnologico Primorska \u00e8 stato fondato nel 2000 come istituzione di supporto per lo sviluppo dell'imprenditorialit\u00e0, dell'innovazione e della creativit\u00e0...","og_url":"https:\/\/echoes-erasmusplus.eu\/it\/partner\/parco-primorski-tehnoloski\/","og_site_name":"Echoes","article_modified_time":"2024-09-13T14:13:58+00:00","twitter_card":"summary_large_image","twitter_misc":{"Tempo di lettura stimato":"5 minuti"},"schema":{"@context":"https:\/\/schema.org","@graph":[{"@type":"WebPage","@id":"https:\/\/echoes-erasmusplus.eu\/it\/partner\/parco-primorski-tehnoloski\/","url":"https:\/\/echoes-erasmusplus.eu\/it\/partner\/parco-primorski-tehnoloski\/","name":"Primorski Tehnoloski Park - Echoes","isPartOf":{"@id":"https:\/\/echoes-erasmusplus.eu\/it\/#website"},"datePublished":"2023-10-16T10:01:51+00:00","dateModified":"2024-09-13T14:13:58+00:00","description":"Il Parco Tecnologico Primorska \u00e8 stato fondato nel 2000 come istituzione di supporto per lo sviluppo dell'imprenditorialit\u00e0, dell'innovazione e della creativit\u00e0...","breadcrumb":{"@id":"https:\/\/echoes-erasmusplus.eu\/it\/partner\/parco-primorski-tehnoloski\/#breadcrumb"},"inLanguage":"it-IT","potentialAction":[{"@type":"ReadAction","target":["https:\/\/echoes-erasmusplus.eu\/it\/partner\/parco-primorski-tehnoloski\/"]}]},{"@type":"BreadcrumbList","@id":"https:\/\/echoes-erasmusplus.eu\/it\/partner\/parco-primorski-tehnoloski\/#breadcrumb","itemListElement":[{"@type":"ListItem","position":1,"name":"Home","item":"https:\/\/echoes-erasmusplus.eu\/it\/"},{"@type":"ListItem","position":2,"name":"Partner","item":"https:\/\/echoes-erasmusplus.eu\/it\/partners\/"},{"@type":"ListItem","position":3,"name":"Primorski Tehnoloski Park"}]},{"@type":"WebSite","@id":"https:\/\/echoes-erasmusplus.eu\/it\/#website","url":"https:\/\/echoes-erasmusplus.eu\/it\/","name":"ECHOES","description":"Extended Classrooms for Higher Opportunities Enhancing Skills","publisher":{"@id":"https:\/\/echoes-erasmusplus.eu\/it\/#organization"},"potentialAction":[{"@type":"SearchAction","target":{"@type":"EntryPoint","urlTemplate":"https:\/\/echoes-erasmusplus.eu\/it\/?s={search_term_string}"},"query-input":"required name=search_term_string"}],"inLanguage":"it-IT"},{"@type":"Organization","@id":"https:\/\/echoes-erasmusplus.eu\/it\/#organization","name":"ECHOES Extended Classrooms for Higher Opportunities Enhancing Skills","url":"https:\/\/echoes-erasmusplus.eu\/it\/","logo":{"@type":"ImageObject","inLanguage":"it-IT","@id":"https:\/\/echoes-erasmusplus.eu\/it\/#\/schema\/logo\/image\/","url":"https:\/\/echoes-erasmusplus.eu\/wp-content\/uploads\/2023\/06\/logo-echoes.png","contentUrl":"https:\/\/echoes-erasmusplus.eu\/wp-content\/uploads\/2023\/06\/logo-echoes.png","width":499,"height":160,"caption":"ECHOES Extended Classrooms for Higher Opportunities Enhancing Skills"},"image":{"@id":"https:\/\/echoes-erasmusplus.eu\/it\/#\/schema\/logo\/image\/"}}]}},"_links":{"self":[{"href":"https:\/\/echoes-erasmusplus.eu\/it\/wp-json\/wp\/v2\/pages\/609","targetHints":{"allow":["GET"]}}],"collection":[{"href":"https:\/\/echoes-erasmusplus.eu\/it\/wp-json\/wp\/v2\/pages"}],"about":[{"href":"https:\/\/echoes-erasmusplus.eu\/it\/wp-json\/wp\/v2\/types\/page"}],"author":[{"embeddable":true,"href":"https:\/\/echoes-erasmusplus.eu\/it\/wp-json\/wp\/v2\/users\/2"}],"replies":[{"embeddable":true,"href":"https:\/\/echoes-erasmusplus.eu\/it\/wp-json\/wp\/v2\/comments?post=609"}],"version-history":[{"count":12,"href":"https:\/\/echoes-erasmusplus.eu\/it\/wp-json\/wp\/v2\/pages\/609\/revisions"}],"predecessor-version":[{"id":2509,"href":"https:\/\/echoes-erasmusplus.eu\/it\/wp-json\/wp\/v2\/pages\/609\/revisions\/2509"}],"up":[{"embeddable":true,"href":"https:\/\/echoes-erasmusplus.eu\/it\/wp-json\/wp\/v2\/pages\/620"}],"wp:attachment":[{"href":"https:\/\/echoes-erasmusplus.eu\/it\/wp-json\/wp\/v2\/media?parent=609"}],"curies":[{"name":"wp","href":"https:\/\/api.w.org\/{rel}","templated":true}]}}