{"id":2623,"date":"2023-10-16T10:01:31","date_gmt":"2023-10-16T10:01:31","guid":{"rendered":"https:\/\/echoes-erasmusplus.eu\/partnerji\/htbla-wolfsberg\/"},"modified":"2024-09-13T14:42:44","modified_gmt":"2024-09-13T14:42:44","slug":"htbla-wolfsberg","status":"publish","type":"page","link":"https:\/\/echoes-erasmusplus.eu\/sl\/partnerji\/htbla-wolfsberg\/","title":{"rendered":"HTBLA Wolfsberg"},"content":{"rendered":"<p>[et_pb_section fb_built=&#8221;1&#8243; _builder_version=&#8221;4.21.0&#8243; _module_preset=&#8221;default&#8221; custom_margin=&#8221;||4px|||&#8221; custom_padding=&#8221;48px||5px|||&#8221; global_colors_info=&#8221;{}&#8221;][et_pb_row _builder_version=&#8221;4.21.0&#8243; _module_preset=&#8221;default&#8221; custom_padding=&#8221;3px|||||&#8221; global_colors_info=&#8221;{}&#8221;][et_pb_column type=&#8221;4_4&#8243; _builder_version=&#8221;4.21.0&#8243; _module_preset=&#8221;default&#8221; global_colors_info=&#8221;{}&#8221;][et_pb_image src=&#8221;https:\/\/echoes-erasmusplus.eu\/wp-content\/uploads\/2023\/06\/HTBLA-Wolfsberg.png&#8221; title_text=&#8221;HTBLA Wolfsberg&#8221; align=&#8221;center&#8221; _builder_version=&#8221;4.21.0&#8243; _module_preset=&#8221;default&#8221; width=&#8221;50%&#8221; custom_margin=&#8221;-27px||3px|||&#8221; custom_padding=&#8221;||0px|||&#8221; global_colors_info=&#8221;{}&#8221;][\/et_pb_image][et_pb_text _builder_version=&#8221;4.21.0&#8243; _module_preset=&#8221;default&#8221; text_font=&#8221;Poppins||||||||&#8221; custom_margin=&#8221;39px|||||&#8221; global_colors_info=&#8221;{}&#8221;]<\/p>\n<h1 style=\"font-weight: 600; text-align: center; font-size: 40px;\">HTBLA Wolfsberg<\/h1>\n<p>[\/et_pb_text][\/et_pb_column][\/et_pb_row][et_pb_row column_structure=&#8221;1_2,1_2&#8243; _builder_version=&#8221;4.21.0&#8243; _module_preset=&#8221;default&#8221; global_colors_info=&#8221;{}&#8221;][et_pb_column type=&#8221;1_2&#8243; _builder_version=&#8221;4.21.0&#8243; _module_preset=&#8221;default&#8221; global_colors_info=&#8221;{}&#8221;][et_pb_text _builder_version=&#8221;4.21.0&#8243; _module_preset=&#8221;default&#8221; global_colors_info=&#8221;{}&#8221;]<div class=\"map_wrapper\" id=\"map_wrapper_281\">\n<div class=\"map_box\" style=\"max-width:2000px\">\n<div class=\"map_aspect_ratio\" style=\"padding-top:100%\" data-padding-top=\"100%\" data-padding-top-mobile=\"0%\">\n<div class=\"map_container\">\n<div class=\"map_render map_loading\" id=\"map_281\"><\/div>\n<\/div>\n<\/div>\n<\/div>\n<\/div>[\/et_pb_text][\/et_pb_column][et_pb_column type=&#8221;1_2&#8243; _builder_version=&#8221;4.21.0&#8243; _module_preset=&#8221;default&#8221; global_colors_info=&#8221;{}&#8221;][et_pb_text _builder_version=&#8221;4.21.0&#8243; _module_preset=&#8221;default&#8221; global_colors_info=&#8221;{}&#8221;]<\/p>\n<p><strong>Vrsta organizacije<\/strong>: \u0160ola\/institucija\/izobra\u017eevalni center &#8211; splo\u0161no izobra\u017eevanje (srednja stopnja)<\/p>\n<p><strong>Dr\u017eava<\/strong>: Avstrija<\/p>\n<p><strong>Regija<\/strong>: K\u00e4rnten<\/p>\n<p><strong>Mesto<\/strong>: Wolfsberg<\/p>\n<p><strong>Spletna stran:<\/strong> <a href=\"https:\/\/www.htl-wolfsberg.at\/\" target=\"_blank\" rel=\"noopener\">www.htl-wolfsberg.at<\/a><\/p>\n<p>[\/et_pb_text][\/et_pb_column][\/et_pb_row][et_pb_row _builder_version=&#8221;4.21.0&#8243; _module_preset=&#8221;default&#8221; custom_padding=&#8221;34px|||||&#8221; global_colors_info=&#8221;{}&#8221;][et_pb_column type=&#8221;4_4&#8243; _builder_version=&#8221;4.21.0&#8243; _module_preset=&#8221;default&#8221; global_colors_info=&#8221;{}&#8221;][et_pb_tabs active_tab_background_color=&#8221;#f8b729&#8243; inactive_tab_background_color=&#8221;#52aa3c&#8221; active_tab_text_color=&#8221;#1a448c&#8221; _builder_version=&#8221;4.21.0&#8243; _module_preset=&#8221;default&#8221; tab_text_color=&#8221;#1a448c&#8221; body_font=&#8221;Poppins||||||||&#8221; tab_font=&#8221;Poppins||||||||&#8221; tab_font_size=&#8221;18px&#8221; tab_line_height=&#8221;2em&#8221; background_color=&#8221;RGBA(255,255,255,0)&#8221; module_alignment=&#8221;center&#8221; custom_padding=&#8221;|10px|24px|10px|false|false&#8221; border_style_all=&#8221;none&#8221; global_colors_info=&#8221;{}&#8221;][et_pb_tab title=&#8221;Kdo smo&#8221; _builder_version=&#8221;4.21.0&#8243; _module_preset=&#8221;default&#8221; global_colors_info=&#8221;{}&#8221;]<\/p>\n<p>HTL Wolfsberg &#8211; Visoka \u0161ola za strojni\u0161tvo &#8211; je vi\u0161ja tehni\u0161ka in poklicna \u0161ola na Koro\u0161kem (jug Avstrije) z okoli<br \/>\n65 u\u010diteljev.<br \/>\nSkupno \u0161tevilo \u0161tudentov je pribli\u017eno 580, pribli\u017eno.<br \/>\n440 je rednih dijakov, starih od 14 do 20 let, in pribli\u017eno 40 dijakov, ki se izobra\u017eujejo v dnevni \u0161oli.<br \/>\n140 dijakov ve\u010derne \u0161ole, od katerih jih ve\u010dina dela v podjetjih.      <\/p>\n<p>Obstajajo \u0161tiri razli\u010dna \u0161tudijska podro\u010dja: Mehatronika, poslovna informatika in industrijsko in\u017eenirstvo: strojni\u0161tvo &#8211; avtomatizacija, mehatronika, poslovna informatika in industrijsko in\u017eenirstvo.<br \/>\nNa\u0161e izobra\u017eevanje je usmerjeno v prakti\u010dne in ekonomske zahteve.<br \/>\n\u0160ola sodeluje z razli\u010dnimi podjetji in podjetji.    <\/p>\n<p>Nenehno si prizadevamo razvijati nove metode usposabljanja in u\u010dencem ponuditi mo\u017enosti, da poleg tehni\u010dnih spretnosti razvijajo tudi osebnostne kompetence.<br \/>\nNa\u0161 cilj je, da u\u010dence vklju\u010dimo v u\u010denje jezikov in njihovo vadbo.<br \/>\nKer jih bo veliko po kon\u010danem \u0161olanju delalo v mednarodnih podjetjih, jih spodbujamo, da gredo v tujino, zbirajo izku\u0161nje ter spoznavajo druge kulture in razli\u010dne na\u010dine \u017eivljenja.    <\/p>\n<p>Dve zelo pomembni strate\u0161ki temi za nadaljnji razvoj na\u0161e \u0161ole sta &#8220;Digitalizacija \/ Industrija 4.0&#8221; in &#8220;Podjetni\u0161ko izobra\u017eevanje za in\u017eenirje&#8221;.<br \/>\nNa obeh podro\u010djih potekajo regionalni in mednarodni projekti.<br \/>\nNovembra 2020 je HTL Wolfsberg prejela evropsko nagrado &#8220;Excellence in VET Award&#8221; (nagrada inovatorjev na podro\u010dju poklicnega izobra\u017eevanja in usposabljanja) v kategoriji &#8220;The Entrepreneurial School Award TES, JA Europe&#8221; in poleg tega nagrado &#8220;The Entrepreneurial School 2020&#8221; kot ena od dveh \u0161ol v Avstriji.  <\/p>\n<p>[\/et_pb_tab][et_pb_tab title=&#8221;Na\u0161a vloga pri projektu&#8221; _builder_version=&#8221;4.21.0&#8243; _module_preset=&#8221;default&#8221; body_ul_font=&#8221;Poppins||||||||&#8221; global_colors_info=&#8221;{}&#8221;]<\/p>\n<p>HTL Wolfsberg ima \u017ee ve\u010d kot 10 let izku\u0161nje z evropskimi projekti.<br \/>\nSkupaj je \u0161ola sodelovala v ve\u010d kot 10 evropskih projektih v okviru programov Erasmus+ in Interreg (IT-AT in SI-AT).<br \/>\n\u0160ola spodbuja tudi izmenjave u\u010dencev in \u0161tudijske obiske u\u010diteljev.<br \/>\nIma mre\u017eo evropskih partnerjev, ki dijakom omogo\u010da odhod na prakso v tujino in pridobivanje prakti\u010dnih mednarodnih izku\u0161enj.   <\/p>\n<p>[\/et_pb_tab][\/et_pb_tabs][\/et_pb_column][\/et_pb_row][\/et_pb_section]<\/p>\n","protected":false},"excerpt":{"rendered":"<p>HTBLA Wolfsberg<div class=\"map_wrapper\" id=\"map_wrapper_281\">\n<div class=\"map_box\" style=\"max-width:2000px\">\n<div class=\"map_aspect_ratio\" style=\"padding-top:100%\" data-padding-top=\"100%\" data-padding-top-mobile=\"0%\">\n<div class=\"map_container\">\n<div class=\"map_render map_loading\" id=\"map_281\"><\/div>\n<\/div>\n<\/div>\n<\/div>\n<\/div>Vrsta organizacije: \u0160ola\/institucija\/izobra\u017eevalni center &#8211; splo\u0161no izobra\u017eevanje (srednja stopnja) Dr\u017eava: Avstrija Regija: K\u00e4rnten Mesto: Wolfsberg Spletna stran: www.htl-wolfsberg.atHTL Wolfsberg &#8211; Visoka \u0161ola za strojni\u0161tvo &#8211; je vi\u0161ja tehni\u0161ka in poklicna \u0161ola na Koro\u0161kem (jug Avstrije) z okoli 65 u\u010diteljev. Skupno \u0161tevilo \u0161tudentov je pribli\u017eno 580, pribli\u017eno. 440 je rednih dijakov, starih od 14 [&hellip;]<\/p>\n","protected":false},"author":2,"featured_media":0,"parent":2499,"menu_order":0,"comment_status":"closed","ping_status":"closed","template":"","meta":{"_et_pb_use_builder":"on","_et_pb_old_content":"","_et_gb_content_width":"","footnotes":""},"class_list":["post-2623","page","type-page","status-publish","hentry"],"yoast_head":"<!-- This site is optimized with the Yoast SEO plugin v21.8 - https:\/\/yoast.com\/wordpress\/plugins\/seo\/ -->\n<title>HTBLA Wolfsberg - Echoes<\/title>\n<meta name=\"description\" content=\"HTL Wolfsberg - Visoka \u0161ola za strojni\u0161tvo - je vi\u0161ja tehni\u0161ka in poklicna \u0161ola na Koro\u0161kem (jug Avstrije) z okoli 65 u\u010diteljev.\" \/>\n<meta name=\"robots\" content=\"index, follow, max-snippet:-1, max-image-preview:large, max-video-preview:-1\" \/>\n<link rel=\"canonical\" href=\"https:\/\/echoes-erasmusplus.eu\/sl\/partnerji\/htbla-wolfsberg\/\" \/>\n<meta property=\"og:locale\" content=\"sl_SI\" \/>\n<meta property=\"og:type\" content=\"article\" \/>\n<meta property=\"og:title\" content=\"HTBLA Wolfsberg - Echoes\" \/>\n<meta property=\"og:description\" content=\"HTL Wolfsberg - Visoka \u0161ola za strojni\u0161tvo - je vi\u0161ja tehni\u0161ka in poklicna \u0161ola na Koro\u0161kem (jug Avstrije) z okoli 65 u\u010diteljev.\" \/>\n<meta property=\"og:url\" content=\"https:\/\/echoes-erasmusplus.eu\/sl\/partnerji\/htbla-wolfsberg\/\" \/>\n<meta property=\"og:site_name\" content=\"Echoes\" \/>\n<meta property=\"article:modified_time\" content=\"2024-09-13T14:42:44+00:00\" \/>\n<meta name=\"twitter:card\" content=\"summary_large_image\" \/>\n<meta name=\"twitter:label1\" content=\"Est. reading time\" \/>\n\t<meta name=\"twitter:data1\" content=\"3 minute\" \/>\n<script type=\"application\/ld+json\" class=\"yoast-schema-graph\">{\"@context\":\"https:\/\/schema.org\",\"@graph\":[{\"@type\":\"WebPage\",\"@id\":\"https:\/\/echoes-erasmusplus.eu\/sl\/partnerji\/htbla-wolfsberg\/\",\"url\":\"https:\/\/echoes-erasmusplus.eu\/sl\/partnerji\/htbla-wolfsberg\/\",\"name\":\"HTBLA Wolfsberg - Echoes\",\"isPartOf\":{\"@id\":\"https:\/\/echoes-erasmusplus.eu\/sl\/#website\"},\"datePublished\":\"2023-10-16T10:01:31+00:00\",\"dateModified\":\"2024-09-13T14:42:44+00:00\",\"description\":\"HTL Wolfsberg - Visoka \u0161ola za strojni\u0161tvo - je vi\u0161ja tehni\u0161ka in poklicna \u0161ola na Koro\u0161kem (jug Avstrije) z okoli 65 u\u010diteljev.\",\"breadcrumb\":{\"@id\":\"https:\/\/echoes-erasmusplus.eu\/sl\/partnerji\/htbla-wolfsberg\/#breadcrumb\"},\"inLanguage\":\"sl-SI\",\"potentialAction\":[{\"@type\":\"ReadAction\",\"target\":[\"https:\/\/echoes-erasmusplus.eu\/sl\/partnerji\/htbla-wolfsberg\/\"]}]},{\"@type\":\"BreadcrumbList\",\"@id\":\"https:\/\/echoes-erasmusplus.eu\/sl\/partnerji\/htbla-wolfsberg\/#breadcrumb\",\"itemListElement\":[{\"@type\":\"ListItem\",\"position\":1,\"name\":\"Home\",\"item\":\"https:\/\/echoes-erasmusplus.eu\/sl\/\"},{\"@type\":\"ListItem\",\"position\":2,\"name\":\"Partnerji\",\"item\":\"https:\/\/echoes-erasmusplus.eu\/sl\/partnerji\/\"},{\"@type\":\"ListItem\",\"position\":3,\"name\":\"HTBLA Wolfsberg\"}]},{\"@type\":\"WebSite\",\"@id\":\"https:\/\/echoes-erasmusplus.eu\/sl\/#website\",\"url\":\"https:\/\/echoes-erasmusplus.eu\/sl\/\",\"name\":\"ECHOES\",\"description\":\"Extended Classrooms for Higher Opportunities Enhancing Skills\",\"publisher\":{\"@id\":\"https:\/\/echoes-erasmusplus.eu\/sl\/#organization\"},\"potentialAction\":[{\"@type\":\"SearchAction\",\"target\":{\"@type\":\"EntryPoint\",\"urlTemplate\":\"https:\/\/echoes-erasmusplus.eu\/sl\/?s={search_term_string}\"},\"query-input\":\"required name=search_term_string\"}],\"inLanguage\":\"sl-SI\"},{\"@type\":\"Organization\",\"@id\":\"https:\/\/echoes-erasmusplus.eu\/sl\/#organization\",\"name\":\"ECHOES Extended Classrooms for Higher Opportunities Enhancing Skills\",\"url\":\"https:\/\/echoes-erasmusplus.eu\/sl\/\",\"logo\":{\"@type\":\"ImageObject\",\"inLanguage\":\"sl-SI\",\"@id\":\"https:\/\/echoes-erasmusplus.eu\/sl\/#\/schema\/logo\/image\/\",\"url\":\"https:\/\/echoes-erasmusplus.eu\/wp-content\/uploads\/2023\/06\/logo-echoes.png\",\"contentUrl\":\"https:\/\/echoes-erasmusplus.eu\/wp-content\/uploads\/2023\/06\/logo-echoes.png\",\"width\":499,\"height\":160,\"caption\":\"ECHOES Extended Classrooms for Higher Opportunities Enhancing Skills\"},\"image\":{\"@id\":\"https:\/\/echoes-erasmusplus.eu\/sl\/#\/schema\/logo\/image\/\"}}]}<\/script>\n<!-- \/ Yoast SEO plugin. -->","yoast_head_json":{"title":"HTBLA Wolfsberg - Echoes","description":"HTL Wolfsberg - Visoka \u0161ola za strojni\u0161tvo - je vi\u0161ja tehni\u0161ka in poklicna \u0161ola na Koro\u0161kem (jug Avstrije) z okoli 65 u\u010diteljev.","robots":{"index":"index","follow":"follow","max-snippet":"max-snippet:-1","max-image-preview":"max-image-preview:large","max-video-preview":"max-video-preview:-1"},"canonical":"https:\/\/echoes-erasmusplus.eu\/sl\/partnerji\/htbla-wolfsberg\/","og_locale":"sl_SI","og_type":"article","og_title":"HTBLA Wolfsberg - Echoes","og_description":"HTL Wolfsberg - Visoka \u0161ola za strojni\u0161tvo - je vi\u0161ja tehni\u0161ka in poklicna \u0161ola na Koro\u0161kem (jug Avstrije) z okoli 65 u\u010diteljev.","og_url":"https:\/\/echoes-erasmusplus.eu\/sl\/partnerji\/htbla-wolfsberg\/","og_site_name":"Echoes","article_modified_time":"2024-09-13T14:42:44+00:00","twitter_card":"summary_large_image","twitter_misc":{"Est. reading time":"3 minute"},"schema":{"@context":"https:\/\/schema.org","@graph":[{"@type":"WebPage","@id":"https:\/\/echoes-erasmusplus.eu\/sl\/partnerji\/htbla-wolfsberg\/","url":"https:\/\/echoes-erasmusplus.eu\/sl\/partnerji\/htbla-wolfsberg\/","name":"HTBLA Wolfsberg - Echoes","isPartOf":{"@id":"https:\/\/echoes-erasmusplus.eu\/sl\/#website"},"datePublished":"2023-10-16T10:01:31+00:00","dateModified":"2024-09-13T14:42:44+00:00","description":"HTL Wolfsberg - Visoka \u0161ola za strojni\u0161tvo - je vi\u0161ja tehni\u0161ka in poklicna \u0161ola na Koro\u0161kem (jug Avstrije) z okoli 65 u\u010diteljev.","breadcrumb":{"@id":"https:\/\/echoes-erasmusplus.eu\/sl\/partnerji\/htbla-wolfsberg\/#breadcrumb"},"inLanguage":"sl-SI","potentialAction":[{"@type":"ReadAction","target":["https:\/\/echoes-erasmusplus.eu\/sl\/partnerji\/htbla-wolfsberg\/"]}]},{"@type":"BreadcrumbList","@id":"https:\/\/echoes-erasmusplus.eu\/sl\/partnerji\/htbla-wolfsberg\/#breadcrumb","itemListElement":[{"@type":"ListItem","position":1,"name":"Home","item":"https:\/\/echoes-erasmusplus.eu\/sl\/"},{"@type":"ListItem","position":2,"name":"Partnerji","item":"https:\/\/echoes-erasmusplus.eu\/sl\/partnerji\/"},{"@type":"ListItem","position":3,"name":"HTBLA Wolfsberg"}]},{"@type":"WebSite","@id":"https:\/\/echoes-erasmusplus.eu\/sl\/#website","url":"https:\/\/echoes-erasmusplus.eu\/sl\/","name":"ECHOES","description":"Extended Classrooms for Higher Opportunities Enhancing Skills","publisher":{"@id":"https:\/\/echoes-erasmusplus.eu\/sl\/#organization"},"potentialAction":[{"@type":"SearchAction","target":{"@type":"EntryPoint","urlTemplate":"https:\/\/echoes-erasmusplus.eu\/sl\/?s={search_term_string}"},"query-input":"required name=search_term_string"}],"inLanguage":"sl-SI"},{"@type":"Organization","@id":"https:\/\/echoes-erasmusplus.eu\/sl\/#organization","name":"ECHOES Extended Classrooms for Higher Opportunities Enhancing Skills","url":"https:\/\/echoes-erasmusplus.eu\/sl\/","logo":{"@type":"ImageObject","inLanguage":"sl-SI","@id":"https:\/\/echoes-erasmusplus.eu\/sl\/#\/schema\/logo\/image\/","url":"https:\/\/echoes-erasmusplus.eu\/wp-content\/uploads\/2023\/06\/logo-echoes.png","contentUrl":"https:\/\/echoes-erasmusplus.eu\/wp-content\/uploads\/2023\/06\/logo-echoes.png","width":499,"height":160,"caption":"ECHOES Extended Classrooms for Higher Opportunities Enhancing Skills"},"image":{"@id":"https:\/\/echoes-erasmusplus.eu\/sl\/#\/schema\/logo\/image\/"}}]}},"_links":{"self":[{"href":"https:\/\/echoes-erasmusplus.eu\/sl\/wp-json\/wp\/v2\/pages\/2623","targetHints":{"allow":["GET"]}}],"collection":[{"href":"https:\/\/echoes-erasmusplus.eu\/sl\/wp-json\/wp\/v2\/pages"}],"about":[{"href":"https:\/\/echoes-erasmusplus.eu\/sl\/wp-json\/wp\/v2\/types\/page"}],"author":[{"embeddable":true,"href":"https:\/\/echoes-erasmusplus.eu\/sl\/wp-json\/wp\/v2\/users\/2"}],"replies":[{"embeddable":true,"href":"https:\/\/echoes-erasmusplus.eu\/sl\/wp-json\/wp\/v2\/comments?post=2623"}],"version-history":[{"count":1,"href":"https:\/\/echoes-erasmusplus.eu\/sl\/wp-json\/wp\/v2\/pages\/2623\/revisions"}],"predecessor-version":[{"id":2643,"href":"https:\/\/echoes-erasmusplus.eu\/sl\/wp-json\/wp\/v2\/pages\/2623\/revisions\/2643"}],"up":[{"embeddable":true,"href":"https:\/\/echoes-erasmusplus.eu\/sl\/wp-json\/wp\/v2\/pages\/2499"}],"wp:attachment":[{"href":"https:\/\/echoes-erasmusplus.eu\/sl\/wp-json\/wp\/v2\/media?parent=2623"}],"curies":[{"name":"wp","href":"https:\/\/api.w.org\/{rel}","templated":true}]}}